{"id":17379,"date":"2023-09-19T06:01:02","date_gmt":"2023-09-19T06:01:02","guid":{"rendered":"https:\/\/bafo.ro\/v22\/product\/casca-bluetooth-borofone-bo18-roz\/"},"modified":"2025-03-31T17:16:15","modified_gmt":"2025-03-31T17:16:15","slug":"casca-bluetooth-borofone-bo18-roz","status":"publish","type":"product","link":"https:\/\/bafo.ro\/v22\/product\/casca-bluetooth-borofone-bo18-roz\/","title":{"rendered":"CASCA BLUETOOTH BOROFONE BO18 roz"},"content":{"rendered":"<p id=\"tw-target-text\" class=\"tw-data-text tw-text-large tw-ta\" dir=\"ltr\" data-placeholder=\"Translation\"><span class=\"Y2IQFc\" lang=\"ro\">Bluetooth 5.0; JL AC6925F <\/span><\/p>\n<p class=\"tw-data-text tw-text-large tw-ta\" dir=\"ltr\" data-placeholder=\"Translation\"><span class=\"Y2IQFc\" lang=\"ro\">Capacitate baterie: 400mAh; timp de \u00eenc\u0103rcare: aproximativ 2,5 ore <\/span><\/p>\n<p class=\"tw-data-text tw-text-large tw-ta\" dir=\"ltr\" data-placeholder=\"Translation\"><span class=\"Y2IQFc\" lang=\"ro\">Timp de utilizare: 12 ore (7 ore c\u00e2nd luminile sunt aprinse); standby 300 de ore <\/span><\/p>\n<p class=\"tw-data-text tw-text-large tw-ta\" dir=\"ltr\" data-placeholder=\"Translation\"><span class=\"Y2IQFc\" lang=\"ro\">Dimensiune: 204 * 156 * 80mm; greutate: 195 g Suport Bluetooth, card TF (\u226432g), AUX \u0219i alte moduri <\/span><\/p>\n<p class=\"tw-data-text tw-text-large tw-ta\" dir=\"ltr\" data-placeholder=\"Translation\"><span class=\"Y2IQFc\" lang=\"ro\">Suport prompt chinez\u0103-englez\u0103: face\u021bi dublu clic pe tasta func\u021bional\u0103 \u00een stare ne\u00eemperecheat\u0103<\/span><\/p>\n","protected":false},"excerpt":{"rendered":"<p>Bluetooth 5.0; JL AC6925F Capacitate baterie: 400mAh; timp de \u00eenc\u0103rcare: aproximativ 2,5 ore Timp de utilizare: 12 ore (7 ore c\u00e2nd luminile sunt aprinse); standby 300 de ore Dimensiune: 204 * 156 * 80mm; greutate: 195 g Suport Bluetooth, card TF (\u226432g), AUX \u0219i alte moduri Suport prompt chinez\u0103-englez\u0103: face\u021bi dublu clic pe tasta func\u021bional\u0103 \u00een stare ne\u00eemperecheat\u0103<\/p>\n","protected":false},"featured_media":17380,"comment_status":"open","ping_status":"open","template":"","meta":[],"product_brand":[],"product_cat":[230,233,285],"product_tag":[],"class_list":{"0":"post-17379","1":"product","2":"type-product","3":"status-publish","4":"has-post-thumbnail","6":"product_cat-casca-audio","7":"product_cat-casca-bluetooth","8":"product_cat-casca-pc-casca-audio","10":"first","11":"outofstock","12":"shipping-taxable","13":"product-type-simple"},"_links":{"self":[{"href":"https:\/\/bafo.ro\/v22\/wp-json\/wp\/v2\/product\/17379","targetHints":{"allow":["GET"]}}],"collection":[{"href":"https:\/\/bafo.ro\/v22\/wp-json\/wp\/v2\/product"}],"about":[{"href":"https:\/\/bafo.ro\/v22\/wp-json\/wp\/v2\/types\/product"}],"replies":[{"embeddable":true,"href":"https:\/\/bafo.ro\/v22\/wp-json\/wp\/v2\/comments?post=17379"}],"version-history":[{"count":0,"href":"https:\/\/bafo.ro\/v22\/wp-json\/wp\/v2\/product\/17379\/revisions"}],"wp:featuredmedia":[{"embeddable":true,"href":"https:\/\/bafo.ro\/v22\/wp-json\/wp\/v2\/media\/17380"}],"wp:attachment":[{"href":"https:\/\/bafo.ro\/v22\/wp-json\/wp\/v2\/media?parent=17379"}],"wp:term":[{"taxonomy":"product_brand","embeddable":true,"href":"https:\/\/bafo.ro\/v22\/wp-json\/wp\/v2\/product_brand?post=17379"},{"taxonomy":"product_cat","embeddable":true,"href":"https:\/\/bafo.ro\/v22\/wp-json\/wp\/v2\/product_cat?post=17379"},{"taxonomy":"product_tag","embeddable":true,"href":"https:\/\/bafo.ro\/v22\/wp-json\/wp\/v2\/product_tag?post=17379"}],"curies":[{"name":"wp","href":"https:\/\/api.w.org\/{rel}","templated":true}]}}