{"id":17070,"date":"2023-09-01T07:20:57","date_gmt":"2023-09-01T07:20:57","guid":{"rendered":"https:\/\/bafo.ro\/v22\/product\/suport-auto-hoco-ca102-negru\/"},"modified":"2025-03-31T17:14:48","modified_gmt":"2025-03-31T17:14:48","slug":"suport-auto-hoco-ca102-negru","status":"publish","type":"product","link":"https:\/\/bafo.ro\/v22\/product\/suport-auto-hoco-ca102-negru\/","title":{"rendered":"SUPORT AUTO HOCO CA102 negru"},"content":{"rendered":"<p id=\"tw-target-text\" class=\"tw-data-text tw-text-large tw-ta\" dir=\"ltr\" data-placeholder=\"Translation\"><span class=\"Y2IQFc\" lang=\"ro\">Suport gravita\u021bional pentru telefon mobil. V\u0103 permite s\u0103 utiliza\u021bi confortabil smartphone-ul \u00een timp ce conduce\u021bi. Produsul este extrem de versatil \u0219i se adapteaz\u0103 f\u0103r\u0103 probleme la forma dispozitivului. Fixat pe grila de ventila\u021bie. Fabricat din componente de \u00eenalt\u0103 calitate: aluminiu, silicon \u0219i ABS, asigur\u0103 o utilizare pe termen lung \u0219i sigur\u0103 \u0219i este rezistent la deteriorare. Designul compact face ca produsul s\u0103 fie u\u0219or de depozitat \u0219i nu blocheaz\u0103 vizibilitatea. Dup\u0103 scoaterea dispozitivului, suportul revine la forma ini\u021bial\u0103 de la sine, dar dup\u0103 ce a\u0219ezati telefonul \u00een el, structura acestuia se \u00eentinde \u0219i se adapteaz\u0103 la forma smartphone-ului, constituind un punct solid de sprijin pentru dispozitiv. Designul modern anti-\u0219oc faciliteaza utilizarea confortabil\u0103 a telefonului sau a naviga\u021biei. O clem\u0103 puternic\u0103 asigur\u0103 o fixare stabil\u0103 \u0219i protejeaz\u0103 \u00eempotriva c\u0103derii. <\/span><\/p>\n<p class=\"tw-data-text tw-text-large tw-ta\" dir=\"ltr\" data-placeholder=\"Translation\"><span class=\"Y2IQFc\" lang=\"ro\"><em>Specifica\u021bie<\/em>: <\/span><\/p>\n<p class=\"tw-data-text tw-text-large tw-ta\" dir=\"ltr\" data-placeholder=\"Translation\"><span class=\"Y2IQFc\" lang=\"ro\">Material: ABS + aliaj de aluminiu + silicon Dimensiune: 115*44*90mm Greutate: 47 g Potrivit pentru: telefoane mobile de 4,5-7 inchi (l\u0103\u021bime: 64-85 mm) Locul de instalare: grila de ventilatie<\/span><\/p>\n<div id=\"collapse-wrapper-description\">\n<div class=\"product-page-description description-banner-right\">\n<div class=\"product-page-description-text\">\n<div id=\"description-body\" class=\"collapse-offset collapse in\">\n<p>&nbsp;<\/p>\n<p>&nbsp;<\/p>\n<p>&nbsp;<\/p>\n<p>&nbsp;<\/p>\n<p>&nbsp;<\/p>\n<\/div>\n<\/div>\n<\/div>\n<\/div>\n","protected":false},"excerpt":{"rendered":"<p>Suport gravita\u021bional pentru telefon mobil. V\u0103 permite s\u0103 utiliza\u021bi confortabil smartphone-ul \u00een timp ce conduce\u021bi. Produsul este extrem de versatil \u0219i se adapteaz\u0103 f\u0103r\u0103 probleme la forma dispozitivului. Fixat pe grila de ventila\u021bie. Fabricat din componente de \u00eenalt\u0103 calitate: aluminiu, silicon \u0219i ABS, asigur\u0103 o utilizare pe termen lung \u0219i sigur\u0103 \u0219i este rezistent la deteriorare. Designul compact face ca produsul s\u0103 fie u\u0219or de depozitat \u0219i nu blocheaz\u0103 vizibilitatea. Dup\u0103 scoaterea dispozitivului, suportul revine la forma ini\u021bial\u0103 de la sine, dar dup\u0103 ce a\u0219ezati telefonul \u00een el, structura acestuia se \u00eentinde \u0219i se adapteaz\u0103 la forma smartphone-ului, constituind un punct solid de sprijin pentru dispozitiv. Designul modern anti-\u0219oc faciliteaza utilizarea confortabil\u0103 a telefonului sau a naviga\u021biei. O clem\u0103 puternic\u0103 asigur\u0103 o fixare stabil\u0103 \u0219i protejeaz\u0103 \u00eempotriva c\u0103derii. Specifica\u021bie: Material: ABS + aliaj de aluminiu + silicon Dimensiune: 115*44*90mm Greutate: 47 g Potrivit pentru: telefoane mobile de 4,5-7 inchi (l\u0103\u021bime: 64-85 mm) Locul de instalare: grila de ventilatie &nbsp; &nbsp; &nbsp; &nbsp; &nbsp;<\/p>\n","protected":false},"featured_media":17071,"comment_status":"open","ping_status":"open","template":"","meta":[],"product_brand":[],"product_cat":[90,91],"product_tag":[],"class_list":{"0":"post-17070","1":"product","2":"type-product","3":"status-publish","4":"has-post-thumbnail","6":"product_cat-accesorii-auto","7":"product_cat-suport-auto","9":"first","10":"instock","11":"shipping-taxable","12":"product-type-simple"},"_links":{"self":[{"href":"https:\/\/bafo.ro\/v22\/wp-json\/wp\/v2\/product\/17070","targetHints":{"allow":["GET"]}}],"collection":[{"href":"https:\/\/bafo.ro\/v22\/wp-json\/wp\/v2\/product"}],"about":[{"href":"https:\/\/bafo.ro\/v22\/wp-json\/wp\/v2\/types\/product"}],"replies":[{"embeddable":true,"href":"https:\/\/bafo.ro\/v22\/wp-json\/wp\/v2\/comments?post=17070"}],"version-history":[{"count":0,"href":"https:\/\/bafo.ro\/v22\/wp-json\/wp\/v2\/product\/17070\/revisions"}],"wp:featuredmedia":[{"embeddable":true,"href":"https:\/\/bafo.ro\/v22\/wp-json\/wp\/v2\/media\/17071"}],"wp:attachment":[{"href":"https:\/\/bafo.ro\/v22\/wp-json\/wp\/v2\/media?parent=17070"}],"wp:term":[{"taxonomy":"product_brand","embeddable":true,"href":"https:\/\/bafo.ro\/v22\/wp-json\/wp\/v2\/product_brand?post=17070"},{"taxonomy":"product_cat","embeddable":true,"href":"https:\/\/bafo.ro\/v22\/wp-json\/wp\/v2\/product_cat?post=17070"},{"taxonomy":"product_tag","embeddable":true,"href":"https:\/\/bafo.ro\/v22\/wp-json\/wp\/v2\/product_tag?post=17070"}],"curies":[{"name":"wp","href":"https:\/\/api.w.org\/{rel}","templated":true}]}}