{"id":16927,"date":"2023-08-23T07:09:41","date_gmt":"2023-08-23T07:09:41","guid":{"rendered":"https:\/\/bafo.ro\/v22\/product\/sticla-protectie-gold-huawei-p-smart-z\/"},"modified":"2025-03-31T17:14:10","modified_gmt":"2025-03-31T17:14:10","slug":"sticla-protectie-gold-huawei-p-smart-z","status":"publish","type":"product","link":"https:\/\/bafo.ro\/v22\/product\/sticla-protectie-gold-huawei-p-smart-z\/","title":{"rendered":"Sticla protectie gold &#8211; HUAWEI P SMART Z"},"content":{"rendered":"<p><span class=\"Y2IQFc\" lang=\"ro\">Glass Gold &#8211;\u00a0 protejeaz\u0103 partea plat\u0103 a ecranului \u00eempotriva spargerii \u0219i zg\u00e2rieturilor. Adaptat unui model de smartphone dedicat, cu decupaje precise, asigur\u00e2nd acces gratuit la toate porturile \u0219i butoanele. Sticla securizata este foarte rezistenta la orice deteriorare si ofera o protectie eficienta. Nu modific\u0103 sensibilitatea ecranului tactil, iar transparen\u021ba ridicat\u0103 asigur\u0103 utilizarea confortabil\u0103 a ecranului. Datorit\u0103 \u00eenveli\u0219ului olefobic, este extrem de rezistent la urme grase \u0219i amprente. Nu lasa urme dupa demontare, este sigur pentru ecran.<\/span><\/p>\n","protected":false},"excerpt":{"rendered":"<p>Glass Gold &#8211;\u00a0 protejeaz\u0103 partea plat\u0103 a ecranului \u00eempotriva spargerii \u0219i zg\u00e2rieturilor. Adaptat unui model de smartphone dedicat, cu decupaje precise, asigur\u00e2nd acces gratuit la toate porturile \u0219i butoanele. Sticla securizata este foarte rezistenta la orice deteriorare si ofera o protectie eficienta. Nu modific\u0103 sensibilitatea ecranului tactil, iar transparen\u021ba ridicat\u0103 asigur\u0103 utilizarea confortabil\u0103 a ecranului. Datorit\u0103 \u00eenveli\u0219ului olefobic, este extrem de rezistent la urme grase \u0219i amprente. Nu lasa urme dupa demontare, este sigur pentru ecran.<\/p>\n","protected":false},"featured_media":4458,"comment_status":"open","ping_status":"open","template":"","meta":[],"product_brand":[],"product_cat":[248,247],"product_tag":[],"class_list":{"0":"post-16927","1":"product","2":"type-product","3":"status-publish","4":"has-post-thumbnail","6":"product_cat-gold","7":"product_cat-sticle-protectie","9":"first","10":"instock","11":"shipping-taxable","12":"product-type-simple"},"_links":{"self":[{"href":"https:\/\/bafo.ro\/v22\/wp-json\/wp\/v2\/product\/16927","targetHints":{"allow":["GET"]}}],"collection":[{"href":"https:\/\/bafo.ro\/v22\/wp-json\/wp\/v2\/product"}],"about":[{"href":"https:\/\/bafo.ro\/v22\/wp-json\/wp\/v2\/types\/product"}],"replies":[{"embeddable":true,"href":"https:\/\/bafo.ro\/v22\/wp-json\/wp\/v2\/comments?post=16927"}],"version-history":[{"count":0,"href":"https:\/\/bafo.ro\/v22\/wp-json\/wp\/v2\/product\/16927\/revisions"}],"wp:featuredmedia":[{"embeddable":true,"href":"https:\/\/bafo.ro\/v22\/wp-json\/wp\/v2\/media\/4458"}],"wp:attachment":[{"href":"https:\/\/bafo.ro\/v22\/wp-json\/wp\/v2\/media?parent=16927"}],"wp:term":[{"taxonomy":"product_brand","embeddable":true,"href":"https:\/\/bafo.ro\/v22\/wp-json\/wp\/v2\/product_brand?post=16927"},{"taxonomy":"product_cat","embeddable":true,"href":"https:\/\/bafo.ro\/v22\/wp-json\/wp\/v2\/product_cat?post=16927"},{"taxonomy":"product_tag","embeddable":true,"href":"https:\/\/bafo.ro\/v22\/wp-json\/wp\/v2\/product_tag?post=16927"}],"curies":[{"name":"wp","href":"https:\/\/api.w.org\/{rel}","templated":true}]}}