{"id":16778,"date":"2023-08-10T07:38:59","date_gmt":"2023-08-10T07:38:59","guid":{"rendered":"https:\/\/bafo.ro\/v22\/product\/incarcator-hoco-auto-type-c-z50-usb-qc-3-0-cablu-typec-typec-pd-48w-led-gri\/"},"modified":"2025-03-31T17:13:25","modified_gmt":"2025-03-31T17:13:25","slug":"incarcator-hoco-auto-type-c-z50-usb-qc-3-0-cablu-typec-typec-pd-48w-led-gri","status":"publish","type":"product","link":"https:\/\/bafo.ro\/v22\/product\/incarcator-hoco-auto-type-c-z50-usb-qc-3-0-cablu-typec-typec-pd-48w-led-gri\/","title":{"rendered":"INCARCATOR HOCO AUTO Type-C Z50 USB QC 3.0 + cablu TypeC-TypeC PD 48W +LED gri"},"content":{"rendered":"<p id=\"tw-target-text\" class=\"tw-data-text tw-text-large tw-ta\" dir=\"ltr\" data-placeholder=\"Translation\"><span class=\"Y2IQFc\" lang=\"ro\">\u00cenc\u0103rc\u0103tor auto cu func\u021bie de \u00eenc\u0103rcare rapid\u0103 \u0219i ie\u0219ire dubl\u0103. Permite \u00eenc\u0103rcarea instantanee a dispozitivelor mobile din ma\u0219in\u0103. \u00cenc\u0103rc\u0103torul este echipat cu o ie\u0219ire dual\u0103 USB -C (30 W) \u0219i USB -A (18 W), permi\u021b\u00e2ndu-v\u0103 s\u0103 \u00eenc\u0103rca\u021bi 2 dispozitive \u00een acela\u0219i timp. Produsul accept\u0103 \u00eenc\u0103rcare rapid\u0103 PD de 30 W, QC 3.0, FCP, AFC \u0219i alte solu\u021bii de \u00eenc\u0103rcare rapid\u0103. Fabricat din aliaj de aluminiu \u0219i ABS, \u00eenc\u0103rc\u0103torul este extrem de durabil \u0219i rezistent la deteriorare. Recunoa\u0219terea inteligent\u0103 v\u0103 permite s\u0103 potrivi\u021bi curentul cu un anumit dispozitiv, asigur\u00e2nd siguran\u021ba utiliz\u0103rii.<\/span><\/p>\n<p class=\"tw-data-text tw-text-large tw-ta\" dir=\"ltr\" data-placeholder=\"Translation\"><em><span class=\"Y2IQFc\" lang=\"ro\">Specifica\u021bie:<\/span><\/em><\/p>\n<p class=\"tw-data-text tw-text-large tw-ta\" dir=\"ltr\" data-placeholder=\"Translation\"><span class=\"Y2IQFc\" lang=\"ro\">Porturi: USB -C 30W, USB -A 18W Curent: 5V \/ 3A Putere: 48W &#8211; USB -C: 30W (PD\/QC\/FCP\/AFC); &#8211; USB -A: 18W (QC\/FCP\/AFC); &#8211; USB -C + USB -A: 30W + 18W = 48W Material: aliaj de aluminiu + ABS Cablu: niciunul Dimensiune: 61 \u00d7 33 mm Greutate: 34 g Suport pentru tehnologie de \u00eenc\u0103rcare rapid\u0103: PD, QC 3.0, FCP , AFC<\/span><\/p>\n","protected":false},"excerpt":{"rendered":"<p>\u00cenc\u0103rc\u0103tor auto cu func\u021bie de \u00eenc\u0103rcare rapid\u0103 \u0219i ie\u0219ire dubl\u0103. Permite \u00eenc\u0103rcarea instantanee a dispozitivelor mobile din ma\u0219in\u0103. \u00cenc\u0103rc\u0103torul este echipat cu o ie\u0219ire dual\u0103 USB -C (30 W) \u0219i USB -A (18 W), permi\u021b\u00e2ndu-v\u0103 s\u0103 \u00eenc\u0103rca\u021bi 2 dispozitive \u00een acela\u0219i timp. Produsul accept\u0103 \u00eenc\u0103rcare rapid\u0103 PD de 30 W, QC 3.0, FCP, AFC \u0219i alte solu\u021bii de \u00eenc\u0103rcare rapid\u0103. Fabricat din aliaj de aluminiu \u0219i ABS, \u00eenc\u0103rc\u0103torul este extrem de durabil \u0219i rezistent la deteriorare. Recunoa\u0219terea inteligent\u0103 v\u0103 permite s\u0103 potrivi\u021bi curentul cu un anumit dispozitiv, asigur\u00e2nd siguran\u021ba utiliz\u0103rii. Specifica\u021bie: Porturi: USB -C 30W, USB -A 18W Curent: 5V \/ 3A Putere: 48W &#8211; USB -C: 30W (PD\/QC\/FCP\/AFC); &#8211; USB -A: 18W (QC\/FCP\/AFC); &#8211; USB -C + USB -A: 30W + 18W = 48W Material: aliaj de aluminiu + ABS Cablu: niciunul Dimensiune: 61 \u00d7 33 mm Greutate: 34 g Suport pentru tehnologie de \u00eenc\u0103rcare rapid\u0103: PD, QC 3.0, FCP , AFC<\/p>\n","protected":false},"featured_media":16779,"comment_status":"open","ping_status":"open","template":"","meta":[],"product_brand":[],"product_cat":[90,226,105,377],"product_tag":[],"class_list":{"0":"post-16778","1":"product","2":"type-product","3":"status-publish","4":"has-post-thumbnail","6":"product_cat-accesorii-auto","7":"product_cat-incarcatoare","8":"product_cat-incarcator-auto","9":"product_cat-incarcator-auto-type-c","11":"first","12":"outofstock","13":"shipping-taxable","14":"product-type-simple"},"_links":{"self":[{"href":"https:\/\/bafo.ro\/v22\/wp-json\/wp\/v2\/product\/16778","targetHints":{"allow":["GET"]}}],"collection":[{"href":"https:\/\/bafo.ro\/v22\/wp-json\/wp\/v2\/product"}],"about":[{"href":"https:\/\/bafo.ro\/v22\/wp-json\/wp\/v2\/types\/product"}],"replies":[{"embeddable":true,"href":"https:\/\/bafo.ro\/v22\/wp-json\/wp\/v2\/comments?post=16778"}],"version-history":[{"count":0,"href":"https:\/\/bafo.ro\/v22\/wp-json\/wp\/v2\/product\/16778\/revisions"}],"wp:featuredmedia":[{"embeddable":true,"href":"https:\/\/bafo.ro\/v22\/wp-json\/wp\/v2\/media\/16779"}],"wp:attachment":[{"href":"https:\/\/bafo.ro\/v22\/wp-json\/wp\/v2\/media?parent=16778"}],"wp:term":[{"taxonomy":"product_brand","embeddable":true,"href":"https:\/\/bafo.ro\/v22\/wp-json\/wp\/v2\/product_brand?post=16778"},{"taxonomy":"product_cat","embeddable":true,"href":"https:\/\/bafo.ro\/v22\/wp-json\/wp\/v2\/product_cat?post=16778"},{"taxonomy":"product_tag","embeddable":true,"href":"https:\/\/bafo.ro\/v22\/wp-json\/wp\/v2\/product_tag?post=16778"}],"curies":[{"name":"wp","href":"https:\/\/api.w.org\/{rel}","templated":true}]}}