{"id":16768,"date":"2023-08-09T10:49:08","date_gmt":"2023-08-09T10:49:08","guid":{"rendered":"https:\/\/bafo.ro\/v22\/product\/suport-auto-hoco-ca103-negru-2\/"},"modified":"2025-03-31T17:13:23","modified_gmt":"2025-03-31T17:13:23","slug":"suport-auto-hoco-ca103-negru-2","status":"publish","type":"product","link":"https:\/\/bafo.ro\/v22\/product\/suport-auto-hoco-ca103-negru-2\/","title":{"rendered":"SUPORT AUTO HOCO CA117 negru"},"content":{"rendered":"<p id=\"tw-target-text\" class=\"tw-data-text tw-text-large tw-ta\" dir=\"ltr\" data-placeholder=\"Translation\"><span class=\"Y2IQFc\" lang=\"ro\"><em><strong>Suport auto universal Hoco CA117 montat pe orificiul de ventila\u021bie<\/strong> <\/em><\/span><\/p>\n<p class=\"tw-data-text tw-text-large tw-ta\" dir=\"ltr\" data-placeholder=\"Translation\"><span class=\"Y2IQFc\" lang=\"ro\">Bra\u021bul cu cap mobil cu o gam\u0103 de mi\u0219care de 360 \u200b\u200b\u00b0 v\u0103 permite s\u0103 regla\u021bi perfect pozi\u021bia dispozitivului la nevoile dvs., pe vertical\u0103 sau pe orizontal\u0103. Bra\u021bul cu cap mobil v\u0103 permite s\u0103 seta\u021bi accesoriul \u0219i dispozitivul montat \u00een el dup\u0103 preferin\u021be, pe vertical\u0103 sau pe orizontal\u0103 &#8211; pentru a nu bloca vizibilitatea \u0219i a putea folosi naviga\u021bia confortabil. Montat pe orificiul de ventila\u021bie, v\u0103 permite s\u0103 folosi\u021bi \u00een siguran\u021b\u0103 smartphone-ul \u00een timp ce conduce\u021bi. Inser\u021biile speciale de pe cleme protejeaz\u0103 dispozitivul de zg\u00e2rieturi \u00een timpul c\u0103l\u0103toriei.<\/span><\/p>\n<p class=\"tw-data-text tw-text-large tw-ta\" dir=\"ltr\" data-placeholder=\"Translation\"><span class=\"Y2IQFc\" lang=\"ro\"><em><strong>Specifica\u021bie: <\/strong><\/em><\/span><\/p>\n<p class=\"tw-data-text tw-text-large tw-ta\" dir=\"ltr\" data-placeholder=\"Translation\"><span class=\"Y2IQFc\" lang=\"ro\">Loca\u021bie de montare: aerisire Montare telefon: cleme Material: PC + ABS + silicon Dimensiune: 73 \u00d7 106 \u00d7 104 mm Greutate: 98 g Distan\u021ba dintre bra\u021be: 60-86 mm Potrivit pentru: telefoane de 4,5-7 inchi<\/span><\/p>\n","protected":false},"excerpt":{"rendered":"<p>Suport auto universal Hoco CA117 montat pe orificiul de ventila\u021bie Bra\u021bul cu cap mobil cu o gam\u0103 de mi\u0219care de 360 \u200b\u200b\u00b0 v\u0103 permite s\u0103 regla\u021bi perfect pozi\u021bia dispozitivului la nevoile dvs., pe vertical\u0103 sau pe orizontal\u0103. Bra\u021bul cu cap mobil v\u0103 permite s\u0103 seta\u021bi accesoriul \u0219i dispozitivul montat \u00een el dup\u0103 preferin\u021be, pe vertical\u0103 sau pe orizontal\u0103 &#8211; pentru a nu bloca vizibilitatea \u0219i a putea folosi naviga\u021bia confortabil. Montat pe orificiul de ventila\u021bie, v\u0103 permite s\u0103 folosi\u021bi \u00een siguran\u021b\u0103 smartphone-ul \u00een timp ce conduce\u021bi. Inser\u021biile speciale de pe cleme protejeaz\u0103 dispozitivul de zg\u00e2rieturi \u00een timpul c\u0103l\u0103toriei. Specifica\u021bie: Loca\u021bie de montare: aerisire Montare telefon: cleme Material: PC + ABS + silicon Dimensiune: 73 \u00d7 106 \u00d7 104 mm Greutate: 98 g Distan\u021ba dintre bra\u021be: 60-86 mm Potrivit pentru: telefoane de 4,5-7 inchi<\/p>\n","protected":false},"featured_media":16769,"comment_status":"open","ping_status":"open","template":"","meta":[],"product_brand":[],"product_cat":[90,91],"product_tag":[],"class_list":{"0":"post-16768","1":"product","2":"type-product","3":"status-publish","4":"has-post-thumbnail","6":"product_cat-accesorii-auto","7":"product_cat-suport-auto","9":"first","10":"outofstock","11":"shipping-taxable","12":"product-type-simple"},"_links":{"self":[{"href":"https:\/\/bafo.ro\/v22\/wp-json\/wp\/v2\/product\/16768","targetHints":{"allow":["GET"]}}],"collection":[{"href":"https:\/\/bafo.ro\/v22\/wp-json\/wp\/v2\/product"}],"about":[{"href":"https:\/\/bafo.ro\/v22\/wp-json\/wp\/v2\/types\/product"}],"replies":[{"embeddable":true,"href":"https:\/\/bafo.ro\/v22\/wp-json\/wp\/v2\/comments?post=16768"}],"version-history":[{"count":0,"href":"https:\/\/bafo.ro\/v22\/wp-json\/wp\/v2\/product\/16768\/revisions"}],"wp:featuredmedia":[{"embeddable":true,"href":"https:\/\/bafo.ro\/v22\/wp-json\/wp\/v2\/media\/16769"}],"wp:attachment":[{"href":"https:\/\/bafo.ro\/v22\/wp-json\/wp\/v2\/media?parent=16768"}],"wp:term":[{"taxonomy":"product_brand","embeddable":true,"href":"https:\/\/bafo.ro\/v22\/wp-json\/wp\/v2\/product_brand?post=16768"},{"taxonomy":"product_cat","embeddable":true,"href":"https:\/\/bafo.ro\/v22\/wp-json\/wp\/v2\/product_cat?post=16768"},{"taxonomy":"product_tag","embeddable":true,"href":"https:\/\/bafo.ro\/v22\/wp-json\/wp\/v2\/product_tag?post=16768"}],"curies":[{"name":"wp","href":"https:\/\/api.w.org\/{rel}","templated":true}]}}