{"id":16754,"date":"2023-08-09T10:06:58","date_gmt":"2023-08-09T10:06:58","guid":{"rendered":"https:\/\/bafo.ro\/v22\/product\/suport-auto-hoco-hw1-proincarcare-wireless-15w-negru\/"},"modified":"2025-03-31T17:13:19","modified_gmt":"2025-03-31T17:13:19","slug":"suport-auto-hoco-hw1-proincarcare-wireless-15w-negru","status":"publish","type":"product","link":"https:\/\/bafo.ro\/v22\/product\/suport-auto-hoco-hw1-proincarcare-wireless-15w-negru\/","title":{"rendered":"SUPORT AUTO HOCO HW1 Pro+incarcare wireless 15W \/ HW01 Pro 91603 negru"},"content":{"rendered":"<p id=\"tw-target-text\" class=\"tw-data-text tw-text-large tw-ta\" dir=\"ltr\" data-placeholder=\"Translation\"><em><span class=\"Y2IQFc\" lang=\"ro\"><strong>Suport auto cu func\u021bie de \u00eenc\u0103rcare wireless de p\u00e2n\u0103 la 15 W<\/strong> <\/span><\/em><\/p>\n<p class=\"tw-data-text tw-text-large tw-ta\" dir=\"ltr\" data-placeholder=\"Translation\"><span class=\"Y2IQFc\" lang=\"ro\">Senzorul \u00een infraro\u0219u \u00eencorporat detecteaz\u0103 automat dispozitivul. Montat pe grila de alimentare cu aer. Senzorul inteligent cu infraro\u0219u detecteaz\u0103 telefonul, astfel \u00eenc\u00e2t suportul se \u00eenchide automat. O potrivire ferma asigura stabilizarea si siguranta telefonului chiar si pe un drum accidentat. Dup\u0103 introducerea dispozitivului, va \u00eencepe procesul de \u00eenc\u0103rcare wireless, care poate atinge o putere de p\u00e2n\u0103 la 15 W. Domeniul de reglare la 360 de grade v\u0103 permite s\u0103 ajusta\u021bi parametrii accesoriului la propriile nevoi. Montat pe grila de alimentare cu aer. <\/span><\/p>\n<p class=\"tw-data-text tw-text-large tw-ta\" dir=\"ltr\" data-placeholder=\"Translation\"><span class=\"Y2IQFc\" lang=\"ro\"><em>Specifica\u021bie<\/em>:<\/span><\/p>\n<p class=\"tw-data-text tw-text-large tw-ta\" dir=\"ltr\" data-placeholder=\"Translation\"><span class=\"Y2IQFc\" lang=\"ro\">Material: ABS + silicon Intrare: 5V\/2A 9V\/1.67A Putere de ie\u0219ire: 5W\/7.5W\/10W\/15W (15W accept\u0103 doar unele telefoane LG) Se potrive\u0219te pentru: telefoane mobile 4.5 -7.0 inch (l\u0103\u021bime: 63-100 mm) Loca\u021bie de montare: aerisire Dimensiune: 74 \u00d7 120 \u00d7 108 mm Greutate: 115 g<\/span><\/p>\n","protected":false},"excerpt":{"rendered":"<p>Suport auto cu func\u021bie de \u00eenc\u0103rcare wireless de p\u00e2n\u0103 la 15 W Senzorul \u00een infraro\u0219u \u00eencorporat detecteaz\u0103 automat dispozitivul. Montat pe grila de alimentare cu aer. Senzorul inteligent cu infraro\u0219u detecteaz\u0103 telefonul, astfel \u00eenc\u00e2t suportul se \u00eenchide automat. O potrivire ferma asigura stabilizarea si siguranta telefonului chiar si pe un drum accidentat. Dup\u0103 introducerea dispozitivului, va \u00eencepe procesul de \u00eenc\u0103rcare wireless, care poate atinge o putere de p\u00e2n\u0103 la 15 W. Domeniul de reglare la 360 de grade v\u0103 permite s\u0103 ajusta\u021bi parametrii accesoriului la propriile nevoi. Montat pe grila de alimentare cu aer. Specifica\u021bie: Material: ABS + silicon Intrare: 5V\/2A 9V\/1.67A Putere de ie\u0219ire: 5W\/7.5W\/10W\/15W (15W accept\u0103 doar unele telefoane LG) Se potrive\u0219te pentru: telefoane mobile 4.5 -7.0 inch (l\u0103\u021bime: 63-100 mm) Loca\u021bie de montare: aerisire Dimensiune: 74 \u00d7 120 \u00d7 108 mm Greutate: 115 g<\/p>\n","protected":false},"featured_media":16755,"comment_status":"open","ping_status":"open","template":"","meta":[],"product_brand":[],"product_cat":[90,91],"product_tag":[],"class_list":{"0":"post-16754","1":"product","2":"type-product","3":"status-publish","4":"has-post-thumbnail","6":"product_cat-accesorii-auto","7":"product_cat-suport-auto","9":"first","10":"instock","11":"shipping-taxable","12":"product-type-simple"},"_links":{"self":[{"href":"https:\/\/bafo.ro\/v22\/wp-json\/wp\/v2\/product\/16754","targetHints":{"allow":["GET"]}}],"collection":[{"href":"https:\/\/bafo.ro\/v22\/wp-json\/wp\/v2\/product"}],"about":[{"href":"https:\/\/bafo.ro\/v22\/wp-json\/wp\/v2\/types\/product"}],"replies":[{"embeddable":true,"href":"https:\/\/bafo.ro\/v22\/wp-json\/wp\/v2\/comments?post=16754"}],"version-history":[{"count":0,"href":"https:\/\/bafo.ro\/v22\/wp-json\/wp\/v2\/product\/16754\/revisions"}],"wp:featuredmedia":[{"embeddable":true,"href":"https:\/\/bafo.ro\/v22\/wp-json\/wp\/v2\/media\/16755"}],"wp:attachment":[{"href":"https:\/\/bafo.ro\/v22\/wp-json\/wp\/v2\/media?parent=16754"}],"wp:term":[{"taxonomy":"product_brand","embeddable":true,"href":"https:\/\/bafo.ro\/v22\/wp-json\/wp\/v2\/product_brand?post=16754"},{"taxonomy":"product_cat","embeddable":true,"href":"https:\/\/bafo.ro\/v22\/wp-json\/wp\/v2\/product_cat?post=16754"},{"taxonomy":"product_tag","embeddable":true,"href":"https:\/\/bafo.ro\/v22\/wp-json\/wp\/v2\/product_tag?post=16754"}],"curies":[{"name":"wp","href":"https:\/\/api.w.org\/{rel}","templated":true}]}}