{"id":16628,"date":"2023-08-03T10:21:00","date_gmt":"2023-08-03T10:21:00","guid":{"rendered":"https:\/\/bafo.ro\/v22\/product\/suport-auto-setty-11309-rosu\/"},"modified":"2025-03-31T17:12:43","modified_gmt":"2025-03-31T17:12:43","slug":"suport-auto-setty-11309-rosu","status":"publish","type":"product","link":"https:\/\/bafo.ro\/v22\/product\/suport-auto-setty-11309-rosu\/","title":{"rendered":"SUPORT TELEFON POP SETTY 11309 rosu"},"content":{"rendered":"<p id=\"tw-target-text\" class=\"tw-data-text tw-text-large tw-ta\" dir=\"ltr\" data-placeholder=\"Translation\"><strong><span class=\"Y2IQFc\" lang=\"ro\">Setty Holder rosu<\/span><\/strong><\/p>\n<p class=\"tw-data-text tw-text-large tw-ta\" dir=\"ltr\" data-placeholder=\"Translation\"><span class=\"Y2IQFc\" lang=\"ro\">Suportul Pop poate fi montat pe majoritatea smartphone-urilor, tabletelor \u0219i huselor dintr-o singur\u0103 mi\u0219care. Suportul v\u0103 permite s\u0103 \u021bine\u021bi smartphone-ul confortabil \u00een m\u00e2n\u0103, ac\u021bion\u00e2nd \u0219i ca suport. Doar ata\u0219a\u021bi-l la telefon \u0219i trage\u021bi pentru a-l desface \u0219i ap\u0103sa\u021bi u\u0219or pentru a-l plia. Produsul este fabricat din plastic. Construc\u021bia ajurata a suportului are o greutate redus\u0103. Nu-l lipi\u021bi pe carcase din silicon, impermeabile, din material textil sau cu textura puternic\u0103, ceea ce \u00eengreuneaz\u0103 lipirea suportului.<\/span><\/p>\n","protected":false},"excerpt":{"rendered":"<p>Setty Holder rosu Suportul Pop poate fi montat pe majoritatea smartphone-urilor, tabletelor \u0219i huselor dintr-o singur\u0103 mi\u0219care. Suportul v\u0103 permite s\u0103 \u021bine\u021bi smartphone-ul confortabil \u00een m\u00e2n\u0103, ac\u021bion\u00e2nd \u0219i ca suport. Doar ata\u0219a\u021bi-l la telefon \u0219i trage\u021bi pentru a-l desface \u0219i ap\u0103sa\u021bi u\u0219or pentru a-l plia. Produsul este fabricat din plastic. Construc\u021bia ajurata a suportului are o greutate redus\u0103. Nu-l lipi\u021bi pe carcase din silicon, impermeabile, din material textil sau cu textura puternic\u0103, ceea ce \u00eengreuneaz\u0103 lipirea suportului.<\/p>\n","protected":false},"featured_media":16629,"comment_status":"open","ping_status":"open","template":"","meta":[],"product_brand":[],"product_cat":[90,91],"product_tag":[],"class_list":{"0":"post-16628","1":"product","2":"type-product","3":"status-publish","4":"has-post-thumbnail","6":"product_cat-accesorii-auto","7":"product_cat-suport-auto","9":"first","10":"outofstock","11":"shipping-taxable","12":"product-type-simple"},"_links":{"self":[{"href":"https:\/\/bafo.ro\/v22\/wp-json\/wp\/v2\/product\/16628","targetHints":{"allow":["GET"]}}],"collection":[{"href":"https:\/\/bafo.ro\/v22\/wp-json\/wp\/v2\/product"}],"about":[{"href":"https:\/\/bafo.ro\/v22\/wp-json\/wp\/v2\/types\/product"}],"replies":[{"embeddable":true,"href":"https:\/\/bafo.ro\/v22\/wp-json\/wp\/v2\/comments?post=16628"}],"version-history":[{"count":0,"href":"https:\/\/bafo.ro\/v22\/wp-json\/wp\/v2\/product\/16628\/revisions"}],"wp:featuredmedia":[{"embeddable":true,"href":"https:\/\/bafo.ro\/v22\/wp-json\/wp\/v2\/media\/16629"}],"wp:attachment":[{"href":"https:\/\/bafo.ro\/v22\/wp-json\/wp\/v2\/media?parent=16628"}],"wp:term":[{"taxonomy":"product_brand","embeddable":true,"href":"https:\/\/bafo.ro\/v22\/wp-json\/wp\/v2\/product_brand?post=16628"},{"taxonomy":"product_cat","embeddable":true,"href":"https:\/\/bafo.ro\/v22\/wp-json\/wp\/v2\/product_cat?post=16628"},{"taxonomy":"product_tag","embeddable":true,"href":"https:\/\/bafo.ro\/v22\/wp-json\/wp\/v2\/product_tag?post=16628"}],"curies":[{"name":"wp","href":"https:\/\/api.w.org\/{rel}","templated":true}]}}