{"id":16437,"date":"2023-07-10T12:01:07","date_gmt":"2023-07-10T12:01:07","guid":{"rendered":"https:\/\/bafo.ro\/v22\/product\/cablu-audio-jack-hoco-upa14-negru\/"},"modified":"2025-03-31T17:11:50","modified_gmt":"2025-03-31T17:11:50","slug":"cablu-audio-jack-hoco-upa14-negru","status":"publish","type":"product","link":"https:\/\/bafo.ro\/v22\/product\/cablu-audio-jack-hoco-upa14-negru\/","title":{"rendered":"CABLU AUDIO JACK HOCO UPA14 alb"},"content":{"rendered":"<p id=\"tw-target-text\" class=\"tw-data-text tw-text-large tw-ta\" dir=\"ltr\" data-placeholder=\"Translation\"><span class=\"Y2IQFc\" lang=\"ro\">Cablu audio modern HOCO UPA14. Este o solu\u021bie ideal\u0103 pentru conectarea dispozitivelor audio portabile precum smartphone-uri, tablete, playere MP3, MP4, stereo auto, difuzoare portabile. Fabricat din materiale durabile, cablul UPA14 AUX este rezistent la deterior\u0103ri \u0219i asigur\u0103 o utilizare pe termen lung. Lungimea optim\u0103 a cablului (1 m) garanteaz\u0103 confort \u0219i comoditate la utilizarea produsului. Produsul este compatibil cu dispozitivele echipate cu o priz\u0103 Jack de 3,5 mm. <\/span><\/p>\n<p class=\"tw-data-text tw-text-large tw-ta\" dir=\"ltr\" data-placeholder=\"Translation\"><span class=\"Y2IQFc\" lang=\"ro\"><em>Specifica\u021bie: <\/em><\/span><\/p>\n<p class=\"tw-data-text tw-text-large tw-ta\" dir=\"ltr\" data-placeholder=\"Translation\"><span class=\"Y2IQFc\" lang=\"ro\">Lungime: 1 m<\/span><\/p>\n<p class=\"tw-data-text tw-text-large tw-ta\" dir=\"ltr\" data-placeholder=\"Translation\"><span class=\"Y2IQFc\" lang=\"ro\">Greutate: 10g<\/span><\/p>\n","protected":false},"excerpt":{"rendered":"<p>Cablu audio modern HOCO UPA14. Este o solu\u021bie ideal\u0103 pentru conectarea dispozitivelor audio portabile precum smartphone-uri, tablete, playere MP3, MP4, stereo auto, difuzoare portabile. Fabricat din materiale durabile, cablul UPA14 AUX este rezistent la deterior\u0103ri \u0219i asigur\u0103 o utilizare pe termen lung. Lungimea optim\u0103 a cablului (1 m) garanteaz\u0103 confort \u0219i comoditate la utilizarea produsului. Produsul este compatibil cu dispozitivele echipate cu o priz\u0103 Jack de 3,5 mm. Specifica\u021bie: Lungime: 1 m Greutate: 10g<\/p>\n","protected":false},"featured_media":16438,"comment_status":"open","ping_status":"open","template":"","meta":[],"product_brand":[],"product_cat":[514,234],"product_tag":[],"class_list":{"0":"post-16437","1":"product","2":"type-product","3":"status-publish","4":"has-post-thumbnail","6":"product_cat-cablu-jack-audio","7":"product_cat-cabluri-de-date","9":"first","10":"instock","11":"shipping-taxable","12":"product-type-simple"},"_links":{"self":[{"href":"https:\/\/bafo.ro\/v22\/wp-json\/wp\/v2\/product\/16437","targetHints":{"allow":["GET"]}}],"collection":[{"href":"https:\/\/bafo.ro\/v22\/wp-json\/wp\/v2\/product"}],"about":[{"href":"https:\/\/bafo.ro\/v22\/wp-json\/wp\/v2\/types\/product"}],"replies":[{"embeddable":true,"href":"https:\/\/bafo.ro\/v22\/wp-json\/wp\/v2\/comments?post=16437"}],"version-history":[{"count":0,"href":"https:\/\/bafo.ro\/v22\/wp-json\/wp\/v2\/product\/16437\/revisions"}],"wp:featuredmedia":[{"embeddable":true,"href":"https:\/\/bafo.ro\/v22\/wp-json\/wp\/v2\/media\/16438"}],"wp:attachment":[{"href":"https:\/\/bafo.ro\/v22\/wp-json\/wp\/v2\/media?parent=16437"}],"wp:term":[{"taxonomy":"product_brand","embeddable":true,"href":"https:\/\/bafo.ro\/v22\/wp-json\/wp\/v2\/product_brand?post=16437"},{"taxonomy":"product_cat","embeddable":true,"href":"https:\/\/bafo.ro\/v22\/wp-json\/wp\/v2\/product_cat?post=16437"},{"taxonomy":"product_tag","embeddable":true,"href":"https:\/\/bafo.ro\/v22\/wp-json\/wp\/v2\/product_tag?post=16437"}],"curies":[{"name":"wp","href":"https:\/\/api.w.org\/{rel}","templated":true}]}}