{"id":16420,"date":"2023-07-10T11:21:14","date_gmt":"2023-07-10T11:21:14","guid":{"rendered":"https:\/\/bafo.ro\/v22\/product\/adaptor-hoco-typec-iphone-ua17-negru\/"},"modified":"2025-03-31T17:11:46","modified_gmt":"2025-03-31T17:11:46","slug":"adaptor-hoco-typec-iphone-ua17-negru","status":"publish","type":"product","link":"https:\/\/bafo.ro\/v22\/product\/adaptor-hoco-typec-iphone-ua17-negru\/","title":{"rendered":"ADAPTOR HOCO TypeC Iphone UA17 negru"},"content":{"rendered":"<p id=\"tw-target-text\" class=\"tw-data-text tw-text-large tw-ta\" dir=\"ltr\" data-placeholder=\"Translation\"><span class=\"Y2IQFc\" lang=\"ro\">Adaptor care v\u0103 permite s\u0103 conecta\u021bi orice dispozitiv cu o interfa\u021b\u0103 USB-C la dispozitivul dvs. Lightning. Adaptorul permite nu numai \u00eenc\u0103rcarea unui dispozitiv mobil, ci \u0219i transmisia de date. <\/span><\/p>\n<p class=\"tw-data-text tw-text-large tw-ta\" dir=\"ltr\" data-placeholder=\"Translation\"><span class=\"Y2IQFc\" lang=\"ro\"><em>Specifica\u021bie: <\/em>Conector: USB-C &#8211; Lightning<\/span><\/p>\n","protected":false},"excerpt":{"rendered":"<p>Adaptor care v\u0103 permite s\u0103 conecta\u021bi orice dispozitiv cu o interfa\u021b\u0103 USB-C la dispozitivul dvs. Lightning. Adaptorul permite nu numai \u00eenc\u0103rcarea unui dispozitiv mobil, ci \u0219i transmisia de date. Specifica\u021bie: Conector: USB-C &#8211; Lightning<\/p>\n","protected":false},"featured_media":16422,"comment_status":"closed","ping_status":"open","template":"","meta":[],"product_brand":[],"product_cat":[379,467],"product_tag":[],"class_list":{"0":"post-16420","1":"product","2":"type-product","3":"status-publish","4":"has-post-thumbnail","6":"product_cat-accesorii","7":"product_cat-adaptor","9":"first","10":"outofstock","11":"shipping-taxable","12":"product-type-simple"},"_links":{"self":[{"href":"https:\/\/bafo.ro\/v22\/wp-json\/wp\/v2\/product\/16420","targetHints":{"allow":["GET"]}}],"collection":[{"href":"https:\/\/bafo.ro\/v22\/wp-json\/wp\/v2\/product"}],"about":[{"href":"https:\/\/bafo.ro\/v22\/wp-json\/wp\/v2\/types\/product"}],"replies":[{"embeddable":true,"href":"https:\/\/bafo.ro\/v22\/wp-json\/wp\/v2\/comments?post=16420"}],"version-history":[{"count":1,"href":"https:\/\/bafo.ro\/v22\/wp-json\/wp\/v2\/product\/16420\/revisions"}],"predecessor-version":[{"id":16421,"href":"https:\/\/bafo.ro\/v22\/wp-json\/wp\/v2\/product\/16420\/revisions\/16421"}],"wp:featuredmedia":[{"embeddable":true,"href":"https:\/\/bafo.ro\/v22\/wp-json\/wp\/v2\/media\/16422"}],"wp:attachment":[{"href":"https:\/\/bafo.ro\/v22\/wp-json\/wp\/v2\/media?parent=16420"}],"wp:term":[{"taxonomy":"product_brand","embeddable":true,"href":"https:\/\/bafo.ro\/v22\/wp-json\/wp\/v2\/product_brand?post=16420"},{"taxonomy":"product_cat","embeddable":true,"href":"https:\/\/bafo.ro\/v22\/wp-json\/wp\/v2\/product_cat?post=16420"},{"taxonomy":"product_tag","embeddable":true,"href":"https:\/\/bafo.ro\/v22\/wp-json\/wp\/v2\/product_tag?post=16420"}],"curies":[{"name":"wp","href":"https:\/\/api.w.org\/{rel}","templated":true}]}}