{"id":16152,"date":"2023-06-22T10:38:39","date_gmt":"2023-06-22T10:38:39","guid":{"rendered":"https:\/\/bafo.ro\/v22\/product\/suport-auto-pavareal-pa-ch61-negru\/"},"modified":"2025-03-31T17:10:48","modified_gmt":"2025-03-31T17:10:48","slug":"suport-auto-pavareal-pa-ch61-negru","status":"publish","type":"product","link":"https:\/\/bafo.ro\/v22\/product\/suport-auto-pavareal-pa-ch61-negru\/","title":{"rendered":"SUPORT AUTO PAVAREAL PA CH61 negru"},"content":{"rendered":"<p id=\"tw-target-text\" class=\"tw-data-text tw-text-large tw-ta\" dir=\"ltr\" data-placeholder=\"Translation\"><span class=\"Y2IQFc\" lang=\"ro\">Suport auto magnetic PAVAREAL conceput pentru montare pe grila. V\u0103 permite s\u0103 utiliza\u021bi \u00een siguran\u021b\u0103 smartphone-ul \u00een timp ce conduce\u021bi. Universal: trebuie doar s\u0103 instala\u021bi o plac\u0103 sub\u021bire \u00eentre telefon \u0219i carcasa telefonului pentru a putea folosi produsul. For\u021ba magnetic\u0103 puternic\u0103 asigur\u0103 o prindere ferm\u0103, \u00eempiedic\u00e2nd c\u0103derea dispozitivului. Dimensiunea mic\u0103 nu blocheaz\u0103 vizibilitatea \u0219i nu ocup\u0103 mult spa\u021biu. <\/span><\/p>\n<p class=\"tw-data-text tw-text-large tw-ta\" dir=\"ltr\" data-placeholder=\"Translation\"><span class=\"Y2IQFc\" lang=\"ro\"><em><strong>Specifica\u021bie:<\/strong><\/em> <\/span><\/p>\n<p class=\"tw-data-text tw-text-large tw-ta\" dir=\"ltr\" data-placeholder=\"Translation\"><span class=\"Y2IQFc\" lang=\"ro\">Montarea suportului: pe orificiul de aerisire<\/span><\/p>\n<p class=\"tw-data-text tw-text-large tw-ta\" dir=\"ltr\" data-placeholder=\"Translation\"><span class=\"Y2IQFc\" lang=\"ro\">Montarea smartphone-ului: magnetic<\/span><\/p>\n","protected":false},"excerpt":{"rendered":"<p>Suport auto magnetic PAVAREAL conceput pentru montare pe grila. V\u0103 permite s\u0103 utiliza\u021bi \u00een siguran\u021b\u0103 smartphone-ul \u00een timp ce conduce\u021bi. Universal: trebuie doar s\u0103 instala\u021bi o plac\u0103 sub\u021bire \u00eentre telefon \u0219i carcasa telefonului pentru a putea folosi produsul. For\u021ba magnetic\u0103 puternic\u0103 asigur\u0103 o prindere ferm\u0103, \u00eempiedic\u00e2nd c\u0103derea dispozitivului. Dimensiunea mic\u0103 nu blocheaz\u0103 vizibilitatea \u0219i nu ocup\u0103 mult spa\u021biu. Specifica\u021bie: Montarea suportului: pe orificiul de aerisire Montarea smartphone-ului: magnetic<\/p>\n","protected":false},"featured_media":16154,"comment_status":"closed","ping_status":"open","template":"","meta":[],"product_brand":[],"product_cat":[90,91],"product_tag":[],"class_list":{"0":"post-16152","1":"product","2":"type-product","3":"status-publish","4":"has-post-thumbnail","6":"product_cat-accesorii-auto","7":"product_cat-suport-auto","9":"first","10":"outofstock","11":"shipping-taxable","12":"product-type-simple"},"_links":{"self":[{"href":"https:\/\/bafo.ro\/v22\/wp-json\/wp\/v2\/product\/16152","targetHints":{"allow":["GET"]}}],"collection":[{"href":"https:\/\/bafo.ro\/v22\/wp-json\/wp\/v2\/product"}],"about":[{"href":"https:\/\/bafo.ro\/v22\/wp-json\/wp\/v2\/types\/product"}],"replies":[{"embeddable":true,"href":"https:\/\/bafo.ro\/v22\/wp-json\/wp\/v2\/comments?post=16152"}],"version-history":[{"count":1,"href":"https:\/\/bafo.ro\/v22\/wp-json\/wp\/v2\/product\/16152\/revisions"}],"predecessor-version":[{"id":16153,"href":"https:\/\/bafo.ro\/v22\/wp-json\/wp\/v2\/product\/16152\/revisions\/16153"}],"wp:featuredmedia":[{"embeddable":true,"href":"https:\/\/bafo.ro\/v22\/wp-json\/wp\/v2\/media\/16154"}],"wp:attachment":[{"href":"https:\/\/bafo.ro\/v22\/wp-json\/wp\/v2\/media?parent=16152"}],"wp:term":[{"taxonomy":"product_brand","embeddable":true,"href":"https:\/\/bafo.ro\/v22\/wp-json\/wp\/v2\/product_brand?post=16152"},{"taxonomy":"product_cat","embeddable":true,"href":"https:\/\/bafo.ro\/v22\/wp-json\/wp\/v2\/product_cat?post=16152"},{"taxonomy":"product_tag","embeddable":true,"href":"https:\/\/bafo.ro\/v22\/wp-json\/wp\/v2\/product_tag?post=16152"}],"curies":[{"name":"wp","href":"https:\/\/api.w.org\/{rel}","templated":true}]}}