{"id":16139,"date":"2023-06-21T10:37:24","date_gmt":"2023-06-21T10:37:24","guid":{"rendered":"https:\/\/bafo.ro\/v22\/product\/casca-bluetooth-hoco-tws-ew19-plus-roz\/"},"modified":"2025-03-31T17:10:47","modified_gmt":"2025-03-31T17:10:47","slug":"casca-bluetooth-hoco-tws-ew19-plus-roz","status":"publish","type":"product","link":"https:\/\/bafo.ro\/v22\/product\/casca-bluetooth-hoco-tws-ew19-plus-roz\/","title":{"rendered":"CASCA BLUETOOTH HOCO TWS EW19 Plus roz"},"content":{"rendered":"<p id=\"tw-target-text\" class=\"tw-data-text tw-text-large tw-ta\" dir=\"ltr\" data-placeholder=\"Translation\"><span class=\"Y2IQFc\" lang=\"ro\">R\u0103m\u00e2i la curent cu muzica ta preferat\u0103 cu c\u0103\u0219tile TWS EW19 Plus de la Hoco. C\u0103\u0219tile TWS la \u00eendem\u00e2n\u0103 \u0219i confortabile se potrivesc bine urechilor dvs., astfel \u00eenc\u00e2t nu ve\u021bi sim\u021bi niciun disconfort chiar \u0219i dup\u0103 multe ore de utilizare. Conectivitatea Bluetooth permite ascultarea muzicii sau a c\u0103r\u021bilor audio, precum \u0219i efectuarea de apeluri, datorit\u0103 microfonului \u00eencorporat. Carcasa portabil\u0103 cu func\u021bie de \u00eenc\u0103rcare asigur\u0103 c\u0103 c\u0103\u0219tile vor fi mereu \u00eenc\u0103rcate, iar designul compact \u00ee\u021bi permite s\u0103 le iei oriunde \u00een timp ce le depozitezi \u00een siguran\u021b\u0103. <\/span><\/p>\n<p class=\"tw-data-text tw-text-large tw-ta\" dir=\"ltr\" data-placeholder=\"Translation\"><span class=\"Y2IQFc\" lang=\"ro\"><em>Specifica\u021bie:<\/em><\/span><\/p>\n<p class=\"tw-data-text tw-text-large tw-ta\" dir=\"ltr\" data-placeholder=\"Translation\"><span class=\"Y2IQFc\" lang=\"ro\"> Versiunea Bluetooth: 5.3; Cip: JL 6983D <\/span><\/p>\n<p class=\"tw-data-text tw-text-large tw-ta\" dir=\"ltr\" data-placeholder=\"Translation\"><span class=\"Y2IQFc\" lang=\"ro\">Capacitate baterie: 200 mAh (carcasa de incarcare); 30 mAh (c\u0103\u0219ti) <\/span><\/p>\n<p class=\"tw-data-text tw-text-large tw-ta\" dir=\"ltr\" data-placeholder=\"Translation\"><span class=\"Y2IQFc\" lang=\"ro\">Timp de convorbire\/muzic\u0103: 4 h<\/span><\/p>\n<p class=\"tw-data-text tw-text-large tw-ta\" dir=\"ltr\" data-placeholder=\"Translation\"><span class=\"Y2IQFc\" lang=\"ro\">Timp de a\u0219teptare: 180 h <\/span><\/p>\n<p class=\"tw-data-text tw-text-large tw-ta\" dir=\"ltr\" data-placeholder=\"Translation\"><span class=\"Y2IQFc\" lang=\"ro\">Dimensiune: 52,5 \u00d7 44,5 \u00d7 23 mm<\/span><\/p>\n<p class=\"tw-data-text tw-text-large tw-ta\" dir=\"ltr\" data-placeholder=\"Translation\"><span class=\"Y2IQFc\" lang=\"ro\">Greutate totala: 44 g<\/span><\/p>\n","protected":false},"excerpt":{"rendered":"<p>R\u0103m\u00e2i la curent cu muzica ta preferat\u0103 cu c\u0103\u0219tile TWS EW19 Plus de la Hoco. C\u0103\u0219tile TWS la \u00eendem\u00e2n\u0103 \u0219i confortabile se potrivesc bine urechilor dvs., astfel \u00eenc\u00e2t nu ve\u021bi sim\u021bi niciun disconfort chiar \u0219i dup\u0103 multe ore de utilizare. Conectivitatea Bluetooth permite ascultarea muzicii sau a c\u0103r\u021bilor audio, precum \u0219i efectuarea de apeluri, datorit\u0103 microfonului \u00eencorporat. Carcasa portabil\u0103 cu func\u021bie de \u00eenc\u0103rcare asigur\u0103 c\u0103 c\u0103\u0219tile vor fi mereu \u00eenc\u0103rcate, iar designul compact \u00ee\u021bi permite s\u0103 le iei oriunde \u00een timp ce le depozitezi \u00een siguran\u021b\u0103. Specifica\u021bie: Versiunea Bluetooth: 5.3; Cip: JL 6983D Capacitate baterie: 200 mAh (carcasa de incarcare); 30 mAh (c\u0103\u0219ti) Timp de convorbire\/muzic\u0103: 4 h Timp de a\u0219teptare: 180 h Dimensiune: 52,5 \u00d7 44,5 \u00d7 23 mm Greutate totala: 44 g<\/p>\n","protected":false},"featured_media":16141,"comment_status":"closed","ping_status":"open","template":"","meta":[],"product_brand":[],"product_cat":[230,233],"product_tag":[],"class_list":{"0":"post-16139","1":"product","2":"type-product","3":"status-publish","4":"has-post-thumbnail","6":"product_cat-casca-audio","7":"product_cat-casca-bluetooth","9":"first","10":"outofstock","11":"shipping-taxable","12":"product-type-simple"},"_links":{"self":[{"href":"https:\/\/bafo.ro\/v22\/wp-json\/wp\/v2\/product\/16139","targetHints":{"allow":["GET"]}}],"collection":[{"href":"https:\/\/bafo.ro\/v22\/wp-json\/wp\/v2\/product"}],"about":[{"href":"https:\/\/bafo.ro\/v22\/wp-json\/wp\/v2\/types\/product"}],"replies":[{"embeddable":true,"href":"https:\/\/bafo.ro\/v22\/wp-json\/wp\/v2\/comments?post=16139"}],"version-history":[{"count":1,"href":"https:\/\/bafo.ro\/v22\/wp-json\/wp\/v2\/product\/16139\/revisions"}],"predecessor-version":[{"id":16140,"href":"https:\/\/bafo.ro\/v22\/wp-json\/wp\/v2\/product\/16139\/revisions\/16140"}],"wp:featuredmedia":[{"embeddable":true,"href":"https:\/\/bafo.ro\/v22\/wp-json\/wp\/v2\/media\/16141"}],"wp:attachment":[{"href":"https:\/\/bafo.ro\/v22\/wp-json\/wp\/v2\/media?parent=16139"}],"wp:term":[{"taxonomy":"product_brand","embeddable":true,"href":"https:\/\/bafo.ro\/v22\/wp-json\/wp\/v2\/product_brand?post=16139"},{"taxonomy":"product_cat","embeddable":true,"href":"https:\/\/bafo.ro\/v22\/wp-json\/wp\/v2\/product_cat?post=16139"},{"taxonomy":"product_tag","embeddable":true,"href":"https:\/\/bafo.ro\/v22\/wp-json\/wp\/v2\/product_tag?post=16139"}],"curies":[{"name":"wp","href":"https:\/\/api.w.org\/{rel}","templated":true}]}}