{"id":15773,"date":"2023-05-18T07:56:59","date_gmt":"2023-05-18T07:56:59","guid":{"rendered":"https:\/\/bafo.ro\/v22\/product\/difuzor-portabil-hoco-bs30-gri\/"},"modified":"2025-03-31T17:09:20","modified_gmt":"2025-03-31T17:09:20","slug":"difuzor-portabil-hoco-bs30-gri","status":"publish","type":"product","link":"https:\/\/bafo.ro\/v22\/product\/difuzor-portabil-hoco-bs30-gri\/","title":{"rendered":"DIFUZOR PORTABIL HOCO BS30 gri"},"content":{"rendered":"<p id=\"tw-target-text\" class=\"tw-data-text tw-text-large tw-ta\" dir=\"ltr\" data-placeholder=\"Translation\"><span class=\"Y2IQFc\" lang=\"ro\">Difuzor portabil HOCO New Moon BS30. V\u0103 permite s\u0103 conecta\u021bi un smartphone sau orice dispozitiv audio echipat cu func\u021bia Bluetooth. Datorit\u0103 bateriei \u00eenc\u0103p\u0103toare, v\u0103 permite s\u0103 asculta\u021bi muzic\u0103 timp \u00eendelungat, cu o durat\u0103 de p\u00e2n\u0103 la 6 ore. Difuzorul Bluetooth HOCO New Moon BS30 v\u0103 permite s\u0103 v\u0103 bucura\u021bi de muzica preferat\u0103 oriunde v-a\u021bi afla. Tot ce ave\u021bi nevoie este o box\u0103 portabil\u0103 New Moon \u0219i orice dispozitiv audio cu tehnologie Bluetooth. Bateria de mare capacitate (2000 mAh) permite redarea muzicii pe termen lung, cu o durat\u0103 de p\u00e2n\u0103 la 6 ore f\u0103r\u0103 pauz\u0103. Dimensiunea compact\u0103 face difuzoarele New Moon u\u0219or de transportat. V\u0103 permite s\u0103 primi\u021bi apeluri. Produsul este disponibil in doua culori: negru si gri. <\/span><\/p>\n<p class=\"tw-data-text tw-text-large tw-ta\" dir=\"ltr\" data-placeholder=\"Translation\"><span class=\"Y2IQFc\" lang=\"ro\"><em>Specifica\u021bie:<\/em><\/span><\/p>\n<p class=\"tw-data-text tw-text-large tw-ta\" dir=\"ltr\" data-placeholder=\"Translation\"><span class=\"Y2IQFc\" lang=\"ro\">Dimensiune: 90 * 90 * 105 mm <\/span><\/p>\n<p class=\"tw-data-text tw-text-large tw-ta\" dir=\"ltr\" data-placeholder=\"Translation\"><span class=\"Y2IQFc\" lang=\"ro\">Greutate: 348 g <\/span><\/p>\n<p class=\"tw-data-text tw-text-large tw-ta\" dir=\"ltr\" data-placeholder=\"Translation\"><span class=\"Y2IQFc\" lang=\"ro\">Versiunea Bluetooth: V5.0 BK <\/span><\/p>\n<p class=\"tw-data-text tw-text-large tw-ta\" dir=\"ltr\" data-placeholder=\"Translation\"><span class=\"Y2IQFc\" lang=\"ro\">Protocoale suportate: A2DP, AVRCP, HFP, HSP<\/span><\/p>\n<p class=\"tw-data-text tw-text-large tw-ta\" dir=\"ltr\" data-placeholder=\"Translation\"><span class=\"Y2IQFc\" lang=\"ro\">Tensiune de \u00eenc\u0103rcare: DC 5 V<\/span><\/p>\n<p class=\"tw-data-text tw-text-large tw-ta\" dir=\"ltr\" data-placeholder=\"Translation\"><span class=\"Y2IQFc\" lang=\"ro\">Timp de \u00eenc\u0103rcare: 2h<\/span><\/p>\n<p class=\"tw-data-text tw-text-large tw-ta\" dir=\"ltr\" data-placeholder=\"Translation\"><span class=\"Y2IQFc\" lang=\"ro\">Timp apel\/muzic\u0103: 6h<\/span><\/p>\n<p class=\"tw-data-text tw-text-large tw-ta\" dir=\"ltr\" data-placeholder=\"Translation\"><span class=\"Y2IQFc\" lang=\"ro\">Baterie: clasa A ; 18650: 2000mAh<\/span><\/p>\n<p class=\"tw-data-text tw-text-large tw-ta\" dir=\"ltr\" data-placeholder=\"Translation\">\n","protected":false},"excerpt":{"rendered":"<p>Difuzor portabil HOCO New Moon BS30. V\u0103 permite s\u0103 conecta\u021bi un smartphone sau orice dispozitiv audio echipat cu func\u021bia Bluetooth. Datorit\u0103 bateriei \u00eenc\u0103p\u0103toare, v\u0103 permite s\u0103 asculta\u021bi muzic\u0103 timp \u00eendelungat, cu o durat\u0103 de p\u00e2n\u0103 la 6 ore. Difuzorul Bluetooth HOCO New Moon BS30 v\u0103 permite s\u0103 v\u0103 bucura\u021bi de muzica preferat\u0103 oriunde v-a\u021bi afla. Tot ce ave\u021bi nevoie este o box\u0103 portabil\u0103 New Moon \u0219i orice dispozitiv audio cu tehnologie Bluetooth. Bateria de mare capacitate (2000 mAh) permite redarea muzicii pe termen lung, cu o durat\u0103 de p\u00e2n\u0103 la 6 ore f\u0103r\u0103 pauz\u0103. Dimensiunea compact\u0103 face difuzoarele New Moon u\u0219or de transportat. V\u0103 permite s\u0103 primi\u021bi apeluri. Produsul este disponibil in doua culori: negru si gri. Specifica\u021bie: Dimensiune: 90 * 90 * 105 mm Greutate: 348 g Versiunea Bluetooth: V5.0 BK Protocoale suportate: A2DP, AVRCP, HFP, HSP Tensiune de \u00eenc\u0103rcare: DC 5 V Timp de \u00eenc\u0103rcare: 2h Timp apel\/muzic\u0103: 6h Baterie: clasa A ; 18650: 2000mAh<\/p>\n","protected":false},"featured_media":15774,"comment_status":"open","ping_status":"open","template":"","meta":[],"product_brand":[],"product_cat":[286,462],"product_tag":[],"class_list":{"0":"post-15773","1":"product","2":"type-product","3":"status-publish","4":"has-post-thumbnail","6":"product_cat-boxe","7":"product_cat-boxe-portabile","9":"first","10":"outofstock","11":"shipping-taxable","12":"product-type-simple"},"_links":{"self":[{"href":"https:\/\/bafo.ro\/v22\/wp-json\/wp\/v2\/product\/15773","targetHints":{"allow":["GET"]}}],"collection":[{"href":"https:\/\/bafo.ro\/v22\/wp-json\/wp\/v2\/product"}],"about":[{"href":"https:\/\/bafo.ro\/v22\/wp-json\/wp\/v2\/types\/product"}],"replies":[{"embeddable":true,"href":"https:\/\/bafo.ro\/v22\/wp-json\/wp\/v2\/comments?post=15773"}],"version-history":[{"count":0,"href":"https:\/\/bafo.ro\/v22\/wp-json\/wp\/v2\/product\/15773\/revisions"}],"wp:featuredmedia":[{"embeddable":true,"href":"https:\/\/bafo.ro\/v22\/wp-json\/wp\/v2\/media\/15774"}],"wp:attachment":[{"href":"https:\/\/bafo.ro\/v22\/wp-json\/wp\/v2\/media?parent=15773"}],"wp:term":[{"taxonomy":"product_brand","embeddable":true,"href":"https:\/\/bafo.ro\/v22\/wp-json\/wp\/v2\/product_brand?post=15773"},{"taxonomy":"product_cat","embeddable":true,"href":"https:\/\/bafo.ro\/v22\/wp-json\/wp\/v2\/product_cat?post=15773"},{"taxonomy":"product_tag","embeddable":true,"href":"https:\/\/bafo.ro\/v22\/wp-json\/wp\/v2\/product_tag?post=15773"}],"curies":[{"name":"wp","href":"https:\/\/api.w.org\/{rel}","templated":true}]}}