{"id":15180,"date":"2023-03-17T08:27:21","date_gmt":"2023-03-17T08:27:21","guid":{"rendered":"https:\/\/bafo.ro\/v22\/product\/casca-bluetooth-hoco-es21-wonderful-sports-negru\/"},"modified":"2025-03-31T17:06:53","modified_gmt":"2025-03-31T17:06:53","slug":"casca-bluetooth-hoco-es21-wonderful-sports-negru","status":"publish","type":"product","link":"https:\/\/bafo.ro\/v22\/product\/casca-bluetooth-hoco-es21-wonderful-sports-negru\/","title":{"rendered":"CASCA BLUETOOTH HOCO ES21 Wonderful sports negru"},"content":{"rendered":"<p id=\"tw-target-text\" class=\"tw-data-text tw-text-large tw-ta\" dir=\"ltr\" data-placeholder=\"Translation\"><span class=\"Y2IQFc\" lang=\"ro\">1. Specifica\u021bie Bluetooth: Bluetooth V4.2 WT; protocol suport: A2DP; AVRCP <\/span><\/p>\n<p class=\"tw-data-text tw-text-large tw-ta\" dir=\"ltr\" data-placeholder=\"Translation\"><span class=\"Y2IQFc\" lang=\"ro\">2. Raza de transmisie: 10 metri<\/span><\/p>\n<p class=\"tw-data-text tw-text-large tw-ta\" dir=\"ltr\" data-placeholder=\"Translation\"><span class=\"Y2IQFc\" lang=\"ro\">3. Tensiune de \u00eenc\u0103rcare: DC5V; timp de \u00eenc\u0103rcare: aproximativ 2 ore; timp de convorbire: 3,5 ore; timp muzical: 3,5 ore; timp de a\u0219teptare: 80 de ore <\/span><\/p>\n<p class=\"tw-data-text tw-text-large tw-ta\" dir=\"ltr\" data-placeholder=\"Translation\"><span class=\"Y2IQFc\" lang=\"ro\">4. Capacitate baterie: 80mAh; lungime cablu: 60cm; dimensiune difuzor: 15 mm; greutate: 12 g <\/span><\/p>\n<p class=\"tw-data-text tw-text-large tw-ta\" dir=\"ltr\" data-placeholder=\"Translation\"><span class=\"Y2IQFc\" lang=\"ro\">5. Afi\u0219aj baterie &lt;Suport pentru telefoane Apple \u0219i unele telefoane Android<\/span><\/p>\n","protected":false},"excerpt":{"rendered":"<p>1. Specifica\u021bie Bluetooth: Bluetooth V4.2 WT; protocol suport: A2DP; AVRCP 2. Raza de transmisie: 10 metri 3. Tensiune de \u00eenc\u0103rcare: DC5V; timp de \u00eenc\u0103rcare: aproximativ 2 ore; timp de convorbire: 3,5 ore; timp muzical: 3,5 ore; timp de a\u0219teptare: 80 de ore 4. Capacitate baterie: 80mAh; lungime cablu: 60cm; dimensiune difuzor: 15 mm; greutate: 12 g 5. Afi\u0219aj baterie &lt;Suport pentru telefoane Apple \u0219i unele telefoane Android<\/p>\n","protected":false},"featured_media":15181,"comment_status":"open","ping_status":"open","template":"","meta":[],"product_brand":[],"product_cat":[230,233],"product_tag":[],"class_list":{"0":"post-15180","1":"product","2":"type-product","3":"status-publish","4":"has-post-thumbnail","6":"product_cat-casca-audio","7":"product_cat-casca-bluetooth","9":"first","10":"instock","11":"shipping-taxable","12":"product-type-simple"},"_links":{"self":[{"href":"https:\/\/bafo.ro\/v22\/wp-json\/wp\/v2\/product\/15180","targetHints":{"allow":["GET"]}}],"collection":[{"href":"https:\/\/bafo.ro\/v22\/wp-json\/wp\/v2\/product"}],"about":[{"href":"https:\/\/bafo.ro\/v22\/wp-json\/wp\/v2\/types\/product"}],"replies":[{"embeddable":true,"href":"https:\/\/bafo.ro\/v22\/wp-json\/wp\/v2\/comments?post=15180"}],"version-history":[{"count":0,"href":"https:\/\/bafo.ro\/v22\/wp-json\/wp\/v2\/product\/15180\/revisions"}],"wp:featuredmedia":[{"embeddable":true,"href":"https:\/\/bafo.ro\/v22\/wp-json\/wp\/v2\/media\/15181"}],"wp:attachment":[{"href":"https:\/\/bafo.ro\/v22\/wp-json\/wp\/v2\/media?parent=15180"}],"wp:term":[{"taxonomy":"product_brand","embeddable":true,"href":"https:\/\/bafo.ro\/v22\/wp-json\/wp\/v2\/product_brand?post=15180"},{"taxonomy":"product_cat","embeddable":true,"href":"https:\/\/bafo.ro\/v22\/wp-json\/wp\/v2\/product_cat?post=15180"},{"taxonomy":"product_tag","embeddable":true,"href":"https:\/\/bafo.ro\/v22\/wp-json\/wp\/v2\/product_tag?post=15180"}],"curies":[{"name":"wp","href":"https:\/\/api.w.org\/{rel}","templated":true}]}}