{"id":14922,"date":"2023-02-16T08:53:09","date_gmt":"2023-02-16T08:53:09","guid":{"rendered":"https:\/\/bafo.ro\/v22\/product\/adaptor-priza-jellico-c44-30w-pd-usb-cusb3-0-alb\/"},"modified":"2025-03-31T17:05:43","modified_gmt":"2025-03-31T17:05:43","slug":"adaptor-priza-jellico-c44-30w-pd-usb-cusb3-0-alb","status":"publish","type":"product","link":"https:\/\/bafo.ro\/v22\/product\/adaptor-priza-jellico-c44-30w-pd-usb-cusb3-0-alb\/","title":{"rendered":"Adaptor priza JELLICO C44 30W PD USB-C+USB3.0 alb"},"content":{"rendered":"<p id=\"tw-target-text\" class=\"tw-data-text tw-text-large tw-ta\" dir=\"ltr\" data-placeholder=\"Translation\"><span class=\"Y2IQFc\" lang=\"ro\">QC+PD <\/span><\/p>\n<p class=\"tw-data-text tw-text-large tw-ta\" dir=\"ltr\" data-placeholder=\"Translation\"><span class=\"Y2IQFc\" lang=\"ro\">Interfa\u021b\u0103 USB: 1 PD + 1 port QC<\/span><\/p>\n<p class=\"tw-data-text tw-text-large tw-ta\" dir=\"ltr\" data-placeholder=\"Translation\"><span class=\"Y2IQFc\" lang=\"ro\">Tensiune de intrare: 100-240V 50\/60Hz 0.8A <\/span><\/p>\n<p class=\"tw-data-text tw-text-large tw-ta\" dir=\"ltr\" data-placeholder=\"Translation\"><span class=\"Y2IQFc\" lang=\"ro\">Ie\u0219ire USB-A: 5V 3A 9V 3A 12V 2.25A<\/span><\/p>\n<p class=\"tw-data-text tw-text-large tw-ta\" dir=\"ltr\" data-placeholder=\"Translation\"><span class=\"Y2IQFc\" lang=\"ro\">Ie\u0219ire USB-C: 5V 3A 9V 3A 15V 2A 20V 1.5A(PD) USB-A + USB-C: 5V 3A<\/span><\/p>\n<p class=\"tw-data-text tw-text-large tw-ta\" dir=\"ltr\" data-placeholder=\"Translation\"><span class=\"Y2IQFc\" lang=\"ro\">Putere total\u0103: 30 W (max.)<\/span><\/p>\n<p class=\"tw-data-text tw-text-large tw-ta\" dir=\"ltr\" data-placeholder=\"Translation\"><span class=\"Y2IQFc\" lang=\"ro\">Material carcasa: ABS+PC<\/span><\/p>\n<p class=\"tw-data-text tw-text-large tw-ta\" dir=\"ltr\" data-placeholder=\"Translation\"><span class=\"Y2IQFc\" lang=\"ro\">1. QC+PD \u00eenc\u0103rcare rapid\u0103. <\/span><\/p>\n<p class=\"tw-data-text tw-text-large tw-ta\" dir=\"ltr\" data-placeholder=\"Translation\"><span class=\"Y2IQFc\" lang=\"ro\">2. Dou\u0103 porturi accept\u0103 \u00eenc\u0103rcare rapid\u0103, nu este nevoie s\u0103 a\u0219tepta\u021bi. <\/span><\/p>\n<p class=\"tw-data-text tw-text-large tw-ta\" dir=\"ltr\" data-placeholder=\"Translation\"><span class=\"Y2IQFc\" lang=\"ro\">3. Cu regulator de tensiune \u00een interior, acesta poate proteja \u00eenc\u0103rc\u0103torul de supra\u00eenc\u0103rcare supratensiune \u0219i supracurent.<\/span><\/p>\n","protected":false},"excerpt":{"rendered":"<p>QC+PD Interfa\u021b\u0103 USB: 1 PD + 1 port QC Tensiune de intrare: 100-240V 50\/60Hz 0.8A Ie\u0219ire USB-A: 5V 3A 9V 3A 12V 2.25A Ie\u0219ire USB-C: 5V 3A 9V 3A 15V 2A 20V 1.5A(PD) USB-A + USB-C: 5V 3A Putere total\u0103: 30 W (max.) Material carcasa: ABS+PC 1. QC+PD \u00eenc\u0103rcare rapid\u0103. 2. Dou\u0103 porturi accept\u0103 \u00eenc\u0103rcare rapid\u0103, nu este nevoie s\u0103 a\u0219tepta\u021bi. 3. Cu regulator de tensiune \u00een interior, acesta poate proteja \u00eenc\u0103rc\u0103torul de supra\u00eenc\u0103rcare supratensiune \u0219i supracurent.<\/p>\n","protected":false},"featured_media":14923,"comment_status":"open","ping_status":"open","template":"","meta":[],"product_brand":[],"product_cat":[379,467,226,227],"product_tag":[],"class_list":{"0":"post-14922","1":"product","2":"type-product","3":"status-publish","4":"has-post-thumbnail","6":"product_cat-accesorii","7":"product_cat-adaptor","8":"product_cat-incarcatoare","9":"product_cat-incarcator-retea","11":"first","12":"outofstock","13":"shipping-taxable","14":"product-type-simple"},"_links":{"self":[{"href":"https:\/\/bafo.ro\/v22\/wp-json\/wp\/v2\/product\/14922","targetHints":{"allow":["GET"]}}],"collection":[{"href":"https:\/\/bafo.ro\/v22\/wp-json\/wp\/v2\/product"}],"about":[{"href":"https:\/\/bafo.ro\/v22\/wp-json\/wp\/v2\/types\/product"}],"replies":[{"embeddable":true,"href":"https:\/\/bafo.ro\/v22\/wp-json\/wp\/v2\/comments?post=14922"}],"version-history":[{"count":0,"href":"https:\/\/bafo.ro\/v22\/wp-json\/wp\/v2\/product\/14922\/revisions"}],"wp:featuredmedia":[{"embeddable":true,"href":"https:\/\/bafo.ro\/v22\/wp-json\/wp\/v2\/media\/14923"}],"wp:attachment":[{"href":"https:\/\/bafo.ro\/v22\/wp-json\/wp\/v2\/media?parent=14922"}],"wp:term":[{"taxonomy":"product_brand","embeddable":true,"href":"https:\/\/bafo.ro\/v22\/wp-json\/wp\/v2\/product_brand?post=14922"},{"taxonomy":"product_cat","embeddable":true,"href":"https:\/\/bafo.ro\/v22\/wp-json\/wp\/v2\/product_cat?post=14922"},{"taxonomy":"product_tag","embeddable":true,"href":"https:\/\/bafo.ro\/v22\/wp-json\/wp\/v2\/product_tag?post=14922"}],"curies":[{"name":"wp","href":"https:\/\/api.w.org\/{rel}","templated":true}]}}