{"id":14823,"date":"2023-01-30T10:27:43","date_gmt":"2023-01-30T10:27:43","guid":{"rendered":"https:\/\/bafo.ro\/v22\/product\/suport-auto-hoco-ca111-negru\/"},"modified":"2025-03-31T17:05:24","modified_gmt":"2025-03-31T17:05:24","slug":"suport-auto-hoco-ca111-negru","status":"publish","type":"product","link":"https:\/\/bafo.ro\/v22\/product\/suport-auto-hoco-ca111-negru\/","title":{"rendered":"SUPORT AUTO HOCO CA111 negru"},"content":{"rendered":"<p id=\"tw-target-text\" class=\"tw-data-text tw-text-large tw-ta\" dir=\"ltr\" data-placeholder=\"Translation\"><span class=\"Y2IQFc\" lang=\"ro\">Suport auto magnetic compact HOCO ata\u0219at de bord sau de parbriz. Capul reglabil v\u0103 permite s\u0103 regla\u021bi pozi\u021bia telefonului (4,5-7&#8221;) la nevoile individuale. M\u00e2nerul are un cap reglabil, datorit\u0103 c\u0103ruia este posibil\u0103 setarea unghiului optim al telefonului. O ventuz\u0103 puternic\u0103 care poate fi lipit\u0103 de bord sau de parbriz asigur\u0103 o prindere stabil\u0103. <\/span><\/p>\n<p class=\"tw-data-text tw-text-large tw-ta\" dir=\"ltr\" data-placeholder=\"Translation\"><span class=\"Y2IQFc\" lang=\"ro\"><em><strong>Specifica\u021bie:<\/strong><\/em> <\/span><\/p>\n<p class=\"tw-data-text tw-text-large tw-ta\" dir=\"ltr\" data-placeholder=\"Translation\"><span class=\"Y2IQFc\" lang=\"ro\">Material: ABS + silicon<\/span><\/p>\n<p class=\"tw-data-text tw-text-large tw-ta\" dir=\"ltr\" data-placeholder=\"Translation\"><span class=\"Y2IQFc\" lang=\"ro\">Dimensiune: 72 \u00d7 110 \u00d7 115 mm<\/span><\/p>\n<p class=\"tw-data-text tw-text-large tw-ta\" dir=\"ltr\" data-placeholder=\"Translation\"><span class=\"Y2IQFc\" lang=\"ro\">Greutate: 103 g<\/span><\/p>\n","protected":false},"excerpt":{"rendered":"<p>Suport auto magnetic compact HOCO ata\u0219at de bord sau de parbriz. Capul reglabil v\u0103 permite s\u0103 regla\u021bi pozi\u021bia telefonului (4,5-7&#8221;) la nevoile individuale. M\u00e2nerul are un cap reglabil, datorit\u0103 c\u0103ruia este posibil\u0103 setarea unghiului optim al telefonului. O ventuz\u0103 puternic\u0103 care poate fi lipit\u0103 de bord sau de parbriz asigur\u0103 o prindere stabil\u0103. Specifica\u021bie: Material: ABS + silicon Dimensiune: 72 \u00d7 110 \u00d7 115 mm Greutate: 103 g<\/p>\n","protected":false},"featured_media":14825,"comment_status":"closed","ping_status":"open","template":"","meta":[],"product_brand":[],"product_cat":[90,91],"product_tag":[],"class_list":{"0":"post-14823","1":"product","2":"type-product","3":"status-publish","4":"has-post-thumbnail","6":"product_cat-accesorii-auto","7":"product_cat-suport-auto","9":"first","10":"outofstock","11":"shipping-taxable","12":"product-type-simple"},"_links":{"self":[{"href":"https:\/\/bafo.ro\/v22\/wp-json\/wp\/v2\/product\/14823","targetHints":{"allow":["GET"]}}],"collection":[{"href":"https:\/\/bafo.ro\/v22\/wp-json\/wp\/v2\/product"}],"about":[{"href":"https:\/\/bafo.ro\/v22\/wp-json\/wp\/v2\/types\/product"}],"replies":[{"embeddable":true,"href":"https:\/\/bafo.ro\/v22\/wp-json\/wp\/v2\/comments?post=14823"}],"version-history":[{"count":1,"href":"https:\/\/bafo.ro\/v22\/wp-json\/wp\/v2\/product\/14823\/revisions"}],"predecessor-version":[{"id":14824,"href":"https:\/\/bafo.ro\/v22\/wp-json\/wp\/v2\/product\/14823\/revisions\/14824"}],"wp:featuredmedia":[{"embeddable":true,"href":"https:\/\/bafo.ro\/v22\/wp-json\/wp\/v2\/media\/14825"}],"wp:attachment":[{"href":"https:\/\/bafo.ro\/v22\/wp-json\/wp\/v2\/media?parent=14823"}],"wp:term":[{"taxonomy":"product_brand","embeddable":true,"href":"https:\/\/bafo.ro\/v22\/wp-json\/wp\/v2\/product_brand?post=14823"},{"taxonomy":"product_cat","embeddable":true,"href":"https:\/\/bafo.ro\/v22\/wp-json\/wp\/v2\/product_cat?post=14823"},{"taxonomy":"product_tag","embeddable":true,"href":"https:\/\/bafo.ro\/v22\/wp-json\/wp\/v2\/product_tag?post=14823"}],"curies":[{"name":"wp","href":"https:\/\/api.w.org\/{rel}","templated":true}]}}