{"id":14816,"date":"2023-01-30T10:23:59","date_gmt":"2023-01-30T10:23:59","guid":{"rendered":"https:\/\/bafo.ro\/v22\/product\/suport-auto-hoco-ca110-negru\/"},"modified":"2025-03-31T17:05:23","modified_gmt":"2025-03-31T17:05:23","slug":"suport-auto-hoco-ca110-negru","status":"publish","type":"product","link":"https:\/\/bafo.ro\/v22\/product\/suport-auto-hoco-ca110-negru\/","title":{"rendered":"SUPORT AUTO HOCO CA110 negru"},"content":{"rendered":"<p id=\"tw-target-text\" class=\"tw-data-text tw-text-large tw-ta\" dir=\"ltr\" data-placeholder=\"Translation\"><span class=\"Y2IQFc\" lang=\"ro\">Suport magnetic pentru ma\u0219in\u0103 proiectat pentru montare pe orificiul de ventila\u021bie. V\u0103 permite s\u0103 utiliza\u021bi \u00een siguran\u021b\u0103 smartphone-ul (4,5-7 inchi) \u00een timp ce conduce\u021bi. For\u021ba magnetic\u0103 mare asigur\u0103 o prindere ferm\u0103, \u00eempiedic\u00e2nd c\u0103derea dispozitivului. Dimensiunile mici nu blocheaz\u0103 vizibilitatea \u0219i \u00eempiedic\u0103 produsul s\u0103 ocupe mult spa\u021biu.<\/span><\/p>\n<p class=\"tw-data-text tw-text-large tw-ta\" dir=\"ltr\" data-placeholder=\"Translation\"><span class=\"Y2IQFc\" lang=\"ro\"><strong><em>Specifica\u021bie: <\/em><\/strong><\/span><\/p>\n<p class=\"tw-data-text tw-text-large tw-ta\" dir=\"ltr\" data-placeholder=\"Translation\"><span class=\"Y2IQFc\" lang=\"ro\">Material: ABS + silicon <\/span><\/p>\n<p class=\"tw-data-text tw-text-large tw-ta\" dir=\"ltr\" data-placeholder=\"Translation\"><span class=\"Y2IQFc\" lang=\"ro\">Dimensiune: 72 \u00d7 46 \u00d7 32 mm<\/span><\/p>\n<p class=\"tw-data-text tw-text-large tw-ta\" dir=\"ltr\" data-placeholder=\"Translation\"><span class=\"Y2IQFc\" lang=\"ro\">Greutate: 65 g<\/span><\/p>\n","protected":false},"excerpt":{"rendered":"<p>Suport magnetic pentru ma\u0219in\u0103 proiectat pentru montare pe orificiul de ventila\u021bie. V\u0103 permite s\u0103 utiliza\u021bi \u00een siguran\u021b\u0103 smartphone-ul (4,5-7 inchi) \u00een timp ce conduce\u021bi. For\u021ba magnetic\u0103 mare asigur\u0103 o prindere ferm\u0103, \u00eempiedic\u00e2nd c\u0103derea dispozitivului. Dimensiunile mici nu blocheaz\u0103 vizibilitatea \u0219i \u00eempiedic\u0103 produsul s\u0103 ocupe mult spa\u021biu. Specifica\u021bie: Material: ABS + silicon Dimensiune: 72 \u00d7 46 \u00d7 32 mm Greutate: 65 g<\/p>\n","protected":false},"featured_media":14817,"comment_status":"open","ping_status":"open","template":"","meta":[],"product_brand":[],"product_cat":[90,91],"product_tag":[],"class_list":{"0":"post-14816","1":"product","2":"type-product","3":"status-publish","4":"has-post-thumbnail","6":"product_cat-accesorii-auto","7":"product_cat-suport-auto","9":"first","10":"instock","11":"shipping-taxable","12":"product-type-simple"},"_links":{"self":[{"href":"https:\/\/bafo.ro\/v22\/wp-json\/wp\/v2\/product\/14816","targetHints":{"allow":["GET"]}}],"collection":[{"href":"https:\/\/bafo.ro\/v22\/wp-json\/wp\/v2\/product"}],"about":[{"href":"https:\/\/bafo.ro\/v22\/wp-json\/wp\/v2\/types\/product"}],"replies":[{"embeddable":true,"href":"https:\/\/bafo.ro\/v22\/wp-json\/wp\/v2\/comments?post=14816"}],"version-history":[{"count":0,"href":"https:\/\/bafo.ro\/v22\/wp-json\/wp\/v2\/product\/14816\/revisions"}],"wp:featuredmedia":[{"embeddable":true,"href":"https:\/\/bafo.ro\/v22\/wp-json\/wp\/v2\/media\/14817"}],"wp:attachment":[{"href":"https:\/\/bafo.ro\/v22\/wp-json\/wp\/v2\/media?parent=14816"}],"wp:term":[{"taxonomy":"product_brand","embeddable":true,"href":"https:\/\/bafo.ro\/v22\/wp-json\/wp\/v2\/product_brand?post=14816"},{"taxonomy":"product_cat","embeddable":true,"href":"https:\/\/bafo.ro\/v22\/wp-json\/wp\/v2\/product_cat?post=14816"},{"taxonomy":"product_tag","embeddable":true,"href":"https:\/\/bafo.ro\/v22\/wp-json\/wp\/v2\/product_tag?post=14816"}],"curies":[{"name":"wp","href":"https:\/\/api.w.org\/{rel}","templated":true}]}}