{"id":14809,"date":"2023-01-30T10:15:50","date_gmt":"2023-01-30T10:15:50","guid":{"rendered":"https:\/\/bafo.ro\/v22\/product\/casca-bluetooth-hoco-e57-alb\/"},"modified":"2025-03-31T17:05:22","modified_gmt":"2025-03-31T17:05:22","slug":"casca-bluetooth-hoco-e57-alb","status":"publish","type":"product","link":"https:\/\/bafo.ro\/v22\/product\/casca-bluetooth-hoco-e57-alb\/","title":{"rendered":"CASCA BLUETOOTH HOCO E57 alb"},"content":{"rendered":"<p id=\"tw-target-text\" class=\"tw-data-text tw-text-large tw-ta\" dir=\"ltr\" data-placeholder=\"Translation\"><span class=\"Y2IQFc\" lang=\"ro\">\u00a0 CASCA BLUETOOTH HOCO E57 alb .\u00a0 Ofer\u0103 sunet de bun\u0103 calitate, ne\u00eentrerupt \u0219i p\u00e2n\u0103 la 10 ore de lucru. Extrem de convenabil atunci c\u00e2nd c\u0103l\u0103tori\u021bi cu ma\u0219ina. Operare confortabil\u0103 cu o singur\u0103 m\u00e2n\u0103. Telefonul se conecteaz\u0103 la dispozitiv prin tehnologia Bluetooth, astfel \u00eenc\u00e2t red\u0103 sunet clar, de \u00eenalt\u0103 calitate, f\u0103r\u0103 cablu. Dimensiunea compact\u0103 \u0219i designul u\u0219or v\u0103 permit s\u0103 asculta\u021bi muzic\u0103 ore \u00eentregi f\u0103r\u0103 disconfort. O baterie de mare capacitate asigur\u0103 o munc\u0103 prelungit\u0103 de p\u00e2n\u0103 la 10 ore.<\/span><\/p>\n<p class=\"tw-data-text tw-text-large tw-ta\" dir=\"ltr\" data-placeholder=\"Translation\"><span class=\"Y2IQFc\" lang=\"ro\"><em><strong>Specifica\u021bie: <\/strong><\/em><\/span><\/p>\n<p class=\"tw-data-text tw-text-large tw-ta\" dir=\"ltr\" data-placeholder=\"Translation\"><span class=\"Y2IQFc\" lang=\"ro\">Material: ABS <\/span><\/p>\n<p class=\"tw-data-text tw-text-large tw-ta\" dir=\"ltr\" data-placeholder=\"Translation\"><span class=\"Y2IQFc\" lang=\"ro\">Dimensiuni: 71 * 26 * 16 mm<\/span><\/p>\n<p class=\"tw-data-text tw-text-large tw-ta\" dir=\"ltr\" data-placeholder=\"Translation\"><span class=\"Y2IQFc\" lang=\"ro\">Greutate: 10 g Bluetooth: 5.0<\/span><\/p>\n<p class=\"tw-data-text tw-text-large tw-ta\" dir=\"ltr\" data-placeholder=\"Translation\"><span class=\"Y2IQFc\" lang=\"ro\">Capacitate baterie: 170 mAh<\/span><\/p>\n<p class=\"tw-data-text tw-text-large tw-ta\" dir=\"ltr\" data-placeholder=\"Translation\"><span class=\"Y2IQFc\" lang=\"ro\">Timp de \u00eenc\u0103rcare: 1,5 h <\/span><\/p>\n<p class=\"tw-data-text tw-text-large tw-ta\" dir=\"ltr\" data-placeholder=\"Translation\"><span class=\"Y2IQFc\" lang=\"ro\">Timp de convorbire\/muzic\u0103: 10 h <\/span><\/p>\n<p class=\"tw-data-text tw-text-large tw-ta\" dir=\"ltr\" data-placeholder=\"Translation\"><span class=\"Y2IQFc\" lang=\"ro\">Timp de a\u0219teptare: 200 h<\/span><\/p>\n","protected":false},"excerpt":{"rendered":"<p>\u00a0 CASCA BLUETOOTH HOCO E57 alb .\u00a0 Ofer\u0103 sunet de bun\u0103 calitate, ne\u00eentrerupt \u0219i p\u00e2n\u0103 la 10 ore de lucru. Extrem de convenabil atunci c\u00e2nd c\u0103l\u0103tori\u021bi cu ma\u0219ina. Operare confortabil\u0103 cu o singur\u0103 m\u00e2n\u0103. Telefonul se conecteaz\u0103 la dispozitiv prin tehnologia Bluetooth, astfel \u00eenc\u00e2t red\u0103 sunet clar, de \u00eenalt\u0103 calitate, f\u0103r\u0103 cablu. Dimensiunea compact\u0103 \u0219i designul u\u0219or v\u0103 permit s\u0103 asculta\u021bi muzic\u0103 ore \u00eentregi f\u0103r\u0103 disconfort. O baterie de mare capacitate asigur\u0103 o munc\u0103 prelungit\u0103 de p\u00e2n\u0103 la 10 ore. Specifica\u021bie: Material: ABS Dimensiuni: 71 * 26 * 16 mm Greutate: 10 g Bluetooth: 5.0 Capacitate baterie: 170 mAh Timp de \u00eenc\u0103rcare: 1,5 h Timp de convorbire\/muzic\u0103: 10 h Timp de a\u0219teptare: 200 h<\/p>\n","protected":false},"featured_media":14811,"comment_status":"closed","ping_status":"open","template":"","meta":[],"product_brand":[],"product_cat":[230,233],"product_tag":[],"class_list":{"0":"post-14809","1":"product","2":"type-product","3":"status-publish","4":"has-post-thumbnail","6":"product_cat-casca-audio","7":"product_cat-casca-bluetooth","9":"first","10":"outofstock","11":"shipping-taxable","12":"product-type-simple"},"_links":{"self":[{"href":"https:\/\/bafo.ro\/v22\/wp-json\/wp\/v2\/product\/14809","targetHints":{"allow":["GET"]}}],"collection":[{"href":"https:\/\/bafo.ro\/v22\/wp-json\/wp\/v2\/product"}],"about":[{"href":"https:\/\/bafo.ro\/v22\/wp-json\/wp\/v2\/types\/product"}],"replies":[{"embeddable":true,"href":"https:\/\/bafo.ro\/v22\/wp-json\/wp\/v2\/comments?post=14809"}],"version-history":[{"count":1,"href":"https:\/\/bafo.ro\/v22\/wp-json\/wp\/v2\/product\/14809\/revisions"}],"predecessor-version":[{"id":14810,"href":"https:\/\/bafo.ro\/v22\/wp-json\/wp\/v2\/product\/14809\/revisions\/14810"}],"wp:featuredmedia":[{"embeddable":true,"href":"https:\/\/bafo.ro\/v22\/wp-json\/wp\/v2\/media\/14811"}],"wp:attachment":[{"href":"https:\/\/bafo.ro\/v22\/wp-json\/wp\/v2\/media?parent=14809"}],"wp:term":[{"taxonomy":"product_brand","embeddable":true,"href":"https:\/\/bafo.ro\/v22\/wp-json\/wp\/v2\/product_brand?post=14809"},{"taxonomy":"product_cat","embeddable":true,"href":"https:\/\/bafo.ro\/v22\/wp-json\/wp\/v2\/product_cat?post=14809"},{"taxonomy":"product_tag","embeddable":true,"href":"https:\/\/bafo.ro\/v22\/wp-json\/wp\/v2\/product_tag?post=14809"}],"curies":[{"name":"wp","href":"https:\/\/api.w.org\/{rel}","templated":true}]}}