{"id":14772,"date":"2023-01-25T08:23:44","date_gmt":"2023-01-25T08:23:44","guid":{"rendered":"https:\/\/bafo.ro\/v22\/product\/suport-auto-bwoo-zj87-negru\/"},"modified":"2025-03-31T17:05:17","modified_gmt":"2025-03-31T17:05:17","slug":"suport-auto-bwoo-zj87-negru","status":"publish","type":"product","link":"https:\/\/bafo.ro\/v22\/product\/suport-auto-bwoo-zj87-negru\/","title":{"rendered":"SUPORT AUTO BWOO ZJ87 negru"},"content":{"rendered":"<div id=\"tw-target-text-container\" class=\"tw-ta-container F0azHf tw-nfl\">\n<p id=\"tw-target-text\" class=\"tw-data-text tw-text-large tw-ta\" dir=\"ltr\" data-placeholder=\"Translation\"><span class=\"Y2IQFc\" lang=\"ro\">BWOO ZJ87 este un suport de ma\u0219in\u0103 gravita\u021bional pentru o gril\u0103 de ventila\u021bie care permite amplasarea convenabil\u0103 a dispozitivului \u00een raza vizual\u0103 \u0219i a m\u00e2inilor \u0219oferului. Comoditatea de utilizare v\u0103 permite s\u0103 introduce\u021bi \u0219i s\u0103 scoate\u021bi rapid telefonul.<\/span><\/p>\n<\/div>\n<div id=\"tw-target-rmn-container\" class=\"tw-target-rmn tw-ta-container F0azHf tw-nfl\">\n<pre id=\"tw-target-rmn\" class=\"tw-data-placeholder tw-text-small tw-ta\" dir=\"ltr\" data-placeholder=\"\"><\/pre>\n<\/div>\n<div class=\"iYB33c\">\n<div class=\"dlJLJe\">\n<div data-cviv=\"false\" data-ved=\"2ahUKEwiwkLCa89X8AhWwQfEDHe9eBRUQz_AEegQIBRAP\">\n<div class=\"U9URNb\"><\/div>\n<\/div>\n<\/div>\n<div id=\"tw-tmenu\" class=\"tw-menu\"><\/div>\n<\/div>\n<p>&nbsp;<\/p>\n","protected":false},"excerpt":{"rendered":"<p>BWOO ZJ87 este un suport de ma\u0219in\u0103 gravita\u021bional pentru o gril\u0103 de ventila\u021bie care permite amplasarea convenabil\u0103 a dispozitivului \u00een raza vizual\u0103 \u0219i a m\u00e2inilor \u0219oferului. Comoditatea de utilizare v\u0103 permite s\u0103 introduce\u021bi \u0219i s\u0103 scoate\u021bi rapid telefonul. &nbsp;<\/p>\n","protected":false},"featured_media":14773,"comment_status":"open","ping_status":"open","template":"","meta":[],"product_brand":[],"product_cat":[90,91],"product_tag":[],"class_list":{"0":"post-14772","1":"product","2":"type-product","3":"status-publish","4":"has-post-thumbnail","6":"product_cat-accesorii-auto","7":"product_cat-suport-auto","9":"first","10":"outofstock","11":"shipping-taxable","12":"product-type-simple"},"_links":{"self":[{"href":"https:\/\/bafo.ro\/v22\/wp-json\/wp\/v2\/product\/14772","targetHints":{"allow":["GET"]}}],"collection":[{"href":"https:\/\/bafo.ro\/v22\/wp-json\/wp\/v2\/product"}],"about":[{"href":"https:\/\/bafo.ro\/v22\/wp-json\/wp\/v2\/types\/product"}],"replies":[{"embeddable":true,"href":"https:\/\/bafo.ro\/v22\/wp-json\/wp\/v2\/comments?post=14772"}],"version-history":[{"count":0,"href":"https:\/\/bafo.ro\/v22\/wp-json\/wp\/v2\/product\/14772\/revisions"}],"wp:featuredmedia":[{"embeddable":true,"href":"https:\/\/bafo.ro\/v22\/wp-json\/wp\/v2\/media\/14773"}],"wp:attachment":[{"href":"https:\/\/bafo.ro\/v22\/wp-json\/wp\/v2\/media?parent=14772"}],"wp:term":[{"taxonomy":"product_brand","embeddable":true,"href":"https:\/\/bafo.ro\/v22\/wp-json\/wp\/v2\/product_brand?post=14772"},{"taxonomy":"product_cat","embeddable":true,"href":"https:\/\/bafo.ro\/v22\/wp-json\/wp\/v2\/product_cat?post=14772"},{"taxonomy":"product_tag","embeddable":true,"href":"https:\/\/bafo.ro\/v22\/wp-json\/wp\/v2\/product_tag?post=14772"}],"curies":[{"name":"wp","href":"https:\/\/api.w.org\/{rel}","templated":true}]}}