{"id":14736,"date":"2023-01-20T10:04:14","date_gmt":"2023-01-20T10:04:14","guid":{"rendered":"https:\/\/bafo.ro\/v22\/product\/adaptor-priza-forcell-usb-type-c-3a-45w-pd-qc4-0-962-alb\/"},"modified":"2025-03-31T17:05:07","modified_gmt":"2025-03-31T17:05:07","slug":"adaptor-priza-forcell-usb-type-c-3a-45w-pd-qc4-0-962-alb","status":"publish","type":"product","link":"https:\/\/bafo.ro\/v22\/product\/adaptor-priza-forcell-usb-type-c-3a-45w-pd-qc4-0-962-alb\/","title":{"rendered":"ADAPTOR PRIZA FORCELL USB Type C, 3A 45W PD QC4.0 962 alb"},"content":{"rendered":"<p>ADAPTOR PRIZA FORCELL USB Type C, 3A 45W PD QC4.0 962 alb<\/p>\n<p id=\"tw-target-text\" class=\"tw-data-text tw-text-large tw-ta\" dir=\"ltr\" data-placeholder=\"Translation\"><span class=\"Y2IQFc\" lang=\"ro\">\u00cenc\u0103rc\u0103tor de perete Forcell cu func\u021bie de \u00eenc\u0103rcare rapid\u0103. V\u0103 permite s\u0103 incarcati rapid energia dispozitivelor desc\u0103rcate. Tehnologia Quick Charge \u0219i Power Delivery v\u0103 permite s\u0103 \u00eenc\u0103rca\u021bi instantaneu dispozitivele care accept\u0103 \u00eenc\u0103rcare rapid\u0103. Designul mic, compact, faciliteaz\u0103 transportul \u0219i depozitarea produsului atunci c\u00e2nd nu este utilizat. Aten\u0163ie! Pentru a utiliza pe deplin puterea \u00eenc\u0103rc\u0103torului, se recomand\u0103 utilizarea unui cablu care s\u0103 permit\u0103 transmiterea curentului cu o intensitate de 5A. <\/span><\/p>\n<p class=\"tw-data-text tw-text-large tw-ta\" dir=\"ltr\" data-placeholder=\"Translation\"><span class=\"Y2IQFc\" lang=\"ro\">Niciun cablu inclus. <\/span><\/p>\n<p class=\"tw-data-text tw-text-large tw-ta\" dir=\"ltr\" data-placeholder=\"Translation\"><span class=\"Y2IQFc\" lang=\"ro\">\u00cenc\u0103rc\u0103tor de perete USB tip C de 45 W<\/span><\/p>\n<p class=\"tw-data-text tw-text-large tw-ta\" dir=\"ltr\" data-placeholder=\"Translation\"><span class=\"Y2IQFc\" lang=\"ro\"><em>Specifica\u021bie: <\/em>ID model: TFK -TC-45WPD Tensiune de intrare: 110-240V~ Frecven\u021ba AC de intrare: 50-60 Hz, 0,5 A Tensiune de ie\u0219ire: 5V3A \/ 9V3A \/ 12V3A \/ 15V3A \/ 20V2.25A Putere de iesire: 45W Eficien\u021b\u0103 medie de operare: &gt; 87,727% Eficien\u021b\u0103 sc\u0103zut\u0103 la \u00eenc\u0103rcare (10%): &gt; 77,727% Consum de energie f\u0103r\u0103 sarcin\u0103: &lt; 0,1 W \u00cen plus: func\u021bia de \u00eenc\u0103rcare PD (Power Delivery) \u0219i Quick Charge 4.0 Cablu: nu este ata\u0219at<\/span><\/p>\n<div id=\"tw-target-text-container\" class=\"tw-ta-container F0azHf tw-nfl\">\n<pre id=\"tw-target-text\" class=\"tw-data-text tw-text-large tw-ta\" dir=\"ltr\" data-placeholder=\"Translation\"><\/pre>\n<\/div>\n<div class=\"iYB33c\">\n<div class=\"dlJLJe\">\n<div data-cviv=\"false\" data-ved=\"2ahUKEwiwkLCa89X8AhWwQfEDHe9eBRUQz_AEegQIBRAP\">\n<div class=\"U9URNb\"><\/div>\n<\/div>\n<\/div>\n<\/div>\n","protected":false},"excerpt":{"rendered":"<p>ADAPTOR PRIZA FORCELL USB Type C, 3A 45W PD QC4.0 962 alb \u00cenc\u0103rc\u0103tor de perete Forcell cu func\u021bie de \u00eenc\u0103rcare rapid\u0103. V\u0103 permite s\u0103 incarcati rapid energia dispozitivelor desc\u0103rcate. Tehnologia Quick Charge \u0219i Power Delivery v\u0103 permite s\u0103 \u00eenc\u0103rca\u021bi instantaneu dispozitivele care accept\u0103 \u00eenc\u0103rcare rapid\u0103. Designul mic, compact, faciliteaz\u0103 transportul \u0219i depozitarea produsului atunci c\u00e2nd nu este utilizat. Aten\u0163ie! Pentru a utiliza pe deplin puterea \u00eenc\u0103rc\u0103torului, se recomand\u0103 utilizarea unui cablu care s\u0103 permit\u0103 transmiterea curentului cu o intensitate de 5A. Niciun cablu inclus. \u00cenc\u0103rc\u0103tor de perete USB tip C de 45 W Specifica\u021bie: ID model: TFK -TC-45WPD Tensiune de intrare: 110-240V~ Frecven\u021ba AC de intrare: 50-60 Hz, 0,5 A Tensiune de ie\u0219ire: 5V3A \/ 9V3A \/ 12V3A \/ 15V3A \/ 20V2.25A Putere de iesire: 45W Eficien\u021b\u0103 medie de operare: &gt; 87,727% Eficien\u021b\u0103 sc\u0103zut\u0103 la \u00eenc\u0103rcare (10%): &gt; 77,727% Consum de energie f\u0103r\u0103 sarcin\u0103: &lt; 0,1 W \u00cen plus: func\u021bia de \u00eenc\u0103rcare PD (Power Delivery) \u0219i Quick Charge 4.0 Cablu: nu este ata\u0219at<\/p>\n","protected":false},"featured_media":11330,"comment_status":"closed","ping_status":"open","template":"","meta":[],"product_brand":[],"product_cat":[468,226,227,443],"product_tag":[],"class_list":{"0":"post-14736","1":"product","2":"type-product","3":"status-publish","4":"has-post-thumbnail","6":"product_cat-adaptor-priza","7":"product_cat-incarcatoare","8":"product_cat-incarcator-retea","9":"product_cat-incarcator-retea-type-c","11":"first","12":"outofstock","13":"shipping-taxable","14":"product-type-simple"},"_links":{"self":[{"href":"https:\/\/bafo.ro\/v22\/wp-json\/wp\/v2\/product\/14736","targetHints":{"allow":["GET"]}}],"collection":[{"href":"https:\/\/bafo.ro\/v22\/wp-json\/wp\/v2\/product"}],"about":[{"href":"https:\/\/bafo.ro\/v22\/wp-json\/wp\/v2\/types\/product"}],"replies":[{"embeddable":true,"href":"https:\/\/bafo.ro\/v22\/wp-json\/wp\/v2\/comments?post=14736"}],"version-history":[{"count":1,"href":"https:\/\/bafo.ro\/v22\/wp-json\/wp\/v2\/product\/14736\/revisions"}],"predecessor-version":[{"id":14737,"href":"https:\/\/bafo.ro\/v22\/wp-json\/wp\/v2\/product\/14736\/revisions\/14737"}],"wp:featuredmedia":[{"embeddable":true,"href":"https:\/\/bafo.ro\/v22\/wp-json\/wp\/v2\/media\/11330"}],"wp:attachment":[{"href":"https:\/\/bafo.ro\/v22\/wp-json\/wp\/v2\/media?parent=14736"}],"wp:term":[{"taxonomy":"product_brand","embeddable":true,"href":"https:\/\/bafo.ro\/v22\/wp-json\/wp\/v2\/product_brand?post=14736"},{"taxonomy":"product_cat","embeddable":true,"href":"https:\/\/bafo.ro\/v22\/wp-json\/wp\/v2\/product_cat?post=14736"},{"taxonomy":"product_tag","embeddable":true,"href":"https:\/\/bafo.ro\/v22\/wp-json\/wp\/v2\/product_tag?post=14736"}],"curies":[{"name":"wp","href":"https:\/\/api.w.org\/{rel}","templated":true}]}}