{"id":14713,"date":"2023-01-19T14:27:05","date_gmt":"2023-01-19T14:27:05","guid":{"rendered":"https:\/\/bafo.ro\/v22\/product\/casca-bluetooth-gjby-ca-022-verde\/"},"modified":"2025-03-31T17:05:04","modified_gmt":"2025-03-31T17:05:04","slug":"casca-bluetooth-gjby-ca-022-verde","status":"publish","type":"product","link":"https:\/\/bafo.ro\/v22\/product\/casca-bluetooth-gjby-ca-022-verde\/","title":{"rendered":"CASCA BLUETOOTH Gjby CA 022 Verde"},"content":{"rendered":"<p id=\"tw-target-text\" class=\"tw-data-text tw-text-large tw-ta\" dir=\"ltr\" data-placeholder=\"Translation\"><span class=\"Y2IQFc\" lang=\"ro\">Conceput pentru cei care apreciaz\u0103 confortul \u00een utilizare \u0219i sunetul de \u00eenalt\u0103 calitate. C\u0103\u0219tile f\u0103r\u0103 fir v\u0103 vor oferi libertate total\u0103 de mi\u0219care. 4 moduri de operare &#8211; comunicare Bluetooth, radio FM, intrare AUX, cititor de carduri Micro SD. Butoane \u00eencorporate pentru a v\u0103 putea controla muzica f\u0103r\u0103 a merge la sursa de sunet. Sunet uimitor datorit\u0103 driverelor de 40 mm. Microfon pentru conversa\u021bii u\u0219oare. Pernele moi v\u0103 permit s\u0103 asculta\u021bi melodiile preferate confortabil, f\u0103r\u0103 a v\u0103 sim\u021bi obosit. Lungime bentita reglabila. C\u0103\u0219tile u\u0219oare \u0219i durabile v\u0103 permit s\u0103 lua\u021bi muzica cu dvs. oriunde a\u021bi merge. Alimentat de o baterie \u00eencorporat\u0103. Bateria re\u00eenc\u0103rcabil\u0103 se \u00eencarc\u0103 printr-un cablu USB.<\/span><\/p>\n<p class=\"tw-data-text tw-text-large tw-ta\" dir=\"ltr\" data-placeholder=\"Translation\"><em><span class=\"Y2IQFc\" lang=\"ro\">Specifica\u021bie:<\/span><\/em><\/p>\n<p class=\"tw-data-text tw-text-large tw-ta\" dir=\"ltr\" data-placeholder=\"Translation\"><span class=\"Y2IQFc\" lang=\"ro\">Versiunea Bluetooth: v5.0 Raza de actiune: pana la 10 m Difuzor: 40 mm Microfon: Da Capacitate baterie: 400mA Timp de redare a muzicii: ~10 (timpul depinde de set\u0103rile de volum) Sensibilitatea c\u0103\u0219tilor: 105 dB Impedan\u021b\u0103: 32 ohmi Material: ABS Raspuns in frecventa: 20-20.000 Hz Cititor de carduri de memorie: Micro SD de p\u00e2n\u0103 la 32 GB Porturi: Micro USB, Jack 3,5 mm Timp de incarcare: 2h<\/span><\/p>\n","protected":false},"excerpt":{"rendered":"<p>Conceput pentru cei care apreciaz\u0103 confortul \u00een utilizare \u0219i sunetul de \u00eenalt\u0103 calitate. C\u0103\u0219tile f\u0103r\u0103 fir v\u0103 vor oferi libertate total\u0103 de mi\u0219care. 4 moduri de operare &#8211; comunicare Bluetooth, radio FM, intrare AUX, cititor de carduri Micro SD. Butoane \u00eencorporate pentru a v\u0103 putea controla muzica f\u0103r\u0103 a merge la sursa de sunet. Sunet uimitor datorit\u0103 driverelor de 40 mm. Microfon pentru conversa\u021bii u\u0219oare. Pernele moi v\u0103 permit s\u0103 asculta\u021bi melodiile preferate confortabil, f\u0103r\u0103 a v\u0103 sim\u021bi obosit. Lungime bentita reglabila. C\u0103\u0219tile u\u0219oare \u0219i durabile v\u0103 permit s\u0103 lua\u021bi muzica cu dvs. oriunde a\u021bi merge. Alimentat de o baterie \u00eencorporat\u0103. Bateria re\u00eenc\u0103rcabil\u0103 se \u00eencarc\u0103 printr-un cablu USB. Specifica\u021bie: Versiunea Bluetooth: v5.0 Raza de actiune: pana la 10 m Difuzor: 40 mm Microfon: Da Capacitate baterie: 400mA Timp de redare a muzicii: ~10 (timpul depinde de set\u0103rile de volum) Sensibilitatea c\u0103\u0219tilor: 105 dB Impedan\u021b\u0103: 32 ohmi Material: ABS Raspuns in frecventa: 20-20.000 Hz Cititor de carduri de memorie: Micro SD de p\u00e2n\u0103 la 32 GB Porturi: Micro USB, Jack 3,5 mm Timp de incarcare: 2h<\/p>\n","protected":false},"featured_media":14715,"comment_status":"closed","ping_status":"open","template":"","meta":[],"product_brand":[],"product_cat":[230,233],"product_tag":[],"class_list":{"0":"post-14713","1":"product","2":"type-product","3":"status-publish","4":"has-post-thumbnail","6":"product_cat-casca-audio","7":"product_cat-casca-bluetooth","9":"first","10":"instock","11":"shipping-taxable","12":"product-type-simple"},"_links":{"self":[{"href":"https:\/\/bafo.ro\/v22\/wp-json\/wp\/v2\/product\/14713","targetHints":{"allow":["GET"]}}],"collection":[{"href":"https:\/\/bafo.ro\/v22\/wp-json\/wp\/v2\/product"}],"about":[{"href":"https:\/\/bafo.ro\/v22\/wp-json\/wp\/v2\/types\/product"}],"replies":[{"embeddable":true,"href":"https:\/\/bafo.ro\/v22\/wp-json\/wp\/v2\/comments?post=14713"}],"version-history":[{"count":1,"href":"https:\/\/bafo.ro\/v22\/wp-json\/wp\/v2\/product\/14713\/revisions"}],"predecessor-version":[{"id":14714,"href":"https:\/\/bafo.ro\/v22\/wp-json\/wp\/v2\/product\/14713\/revisions\/14714"}],"wp:featuredmedia":[{"embeddable":true,"href":"https:\/\/bafo.ro\/v22\/wp-json\/wp\/v2\/media\/14715"}],"wp:attachment":[{"href":"https:\/\/bafo.ro\/v22\/wp-json\/wp\/v2\/media?parent=14713"}],"wp:term":[{"taxonomy":"product_brand","embeddable":true,"href":"https:\/\/bafo.ro\/v22\/wp-json\/wp\/v2\/product_brand?post=14713"},{"taxonomy":"product_cat","embeddable":true,"href":"https:\/\/bafo.ro\/v22\/wp-json\/wp\/v2\/product_cat?post=14713"},{"taxonomy":"product_tag","embeddable":true,"href":"https:\/\/bafo.ro\/v22\/wp-json\/wp\/v2\/product_tag?post=14713"}],"curies":[{"name":"wp","href":"https:\/\/api.w.org\/{rel}","templated":true}]}}