{"id":13844,"date":"2022-10-13T13:38:42","date_gmt":"2022-10-13T13:38:42","guid":{"rendered":"https:\/\/bafo.ro\/v22\/product\/casca-bluetooth-kaku-ksc-503-alb\/"},"modified":"2025-03-31T17:01:04","modified_gmt":"2025-03-31T17:01:04","slug":"casca-bluetooth-kaku-ksc-503-alb","status":"publish","type":"product","link":"https:\/\/bafo.ro\/v22\/product\/casca-bluetooth-kaku-ksc-503-alb\/","title":{"rendered":"CASCA BLUETOOTH KAKU KSC-503 alb"},"content":{"rendered":"<p id=\"tw-target-text\" class=\"tw-data-text tw-text-large tw-ta\" dir=\"ltr\" data-placeholder=\"Translation\"><span class=\"Y2IQFc\" lang=\"ro\"><strong>Descriere produs<\/strong> <\/span><\/p>\n<p class=\"tw-data-text tw-text-large tw-ta\" dir=\"ltr\" data-placeholder=\"Translation\"><span class=\"Y2IQFc\" lang=\"ro\">1. Versiune Bluetooth: Bluetooth V5.0; Solu\u021bie Bluetooth: JL6963A4 <\/span><\/p>\n<p class=\"tw-data-text tw-text-large tw-ta\" dir=\"ltr\" data-placeholder=\"Translation\"><span class=\"Y2IQFc\" lang=\"ro\">2. Capacitate baterie: 250mAh\/45mAh<\/span><\/p>\n<p class=\"tw-data-text tw-text-large tw-ta\" dir=\"ltr\" data-placeholder=\"Translation\"><span class=\"Y2IQFc\" lang=\"ro\">3. Convorbire sau muzic\u0103: 4 ore; <\/span><\/p>\n<p class=\"tw-data-text tw-text-large tw-ta\" dir=\"ltr\" data-placeholder=\"Translation\"><span class=\"Y2IQFc\" lang=\"ro\">Timp de a\u0219teptare: 60 de ore \u00een ambele urechi <\/span><\/p>\n<p class=\"tw-data-text tw-text-large tw-ta\" dir=\"ltr\" data-placeholder=\"Translation\"><span class=\"Y2IQFc\" lang=\"ro\">4. C\u00e2nd se scot c\u0103\u0219tile, telefonul va ap\u0103rea \u0219i se va \u00eemperechea automat, acceptand apelurile.<br \/>\n<\/span><\/p>\n","protected":false},"excerpt":{"rendered":"<p>Descriere produs 1. Versiune Bluetooth: Bluetooth V5.0; Solu\u021bie Bluetooth: JL6963A4 2. Capacitate baterie: 250mAh\/45mAh 3. Convorbire sau muzic\u0103: 4 ore; Timp de a\u0219teptare: 60 de ore \u00een ambele urechi 4. C\u00e2nd se scot c\u0103\u0219tile, telefonul va ap\u0103rea \u0219i se va \u00eemperechea automat, acceptand apelurile.<\/p>\n","protected":false},"featured_media":13846,"comment_status":"closed","ping_status":"open","template":"","meta":[],"product_brand":[],"product_cat":[230,233],"product_tag":[],"class_list":{"0":"post-13844","1":"product","2":"type-product","3":"status-publish","4":"has-post-thumbnail","6":"product_cat-casca-audio","7":"product_cat-casca-bluetooth","9":"first","10":"outofstock","11":"shipping-taxable","12":"product-type-simple"},"_links":{"self":[{"href":"https:\/\/bafo.ro\/v22\/wp-json\/wp\/v2\/product\/13844","targetHints":{"allow":["GET"]}}],"collection":[{"href":"https:\/\/bafo.ro\/v22\/wp-json\/wp\/v2\/product"}],"about":[{"href":"https:\/\/bafo.ro\/v22\/wp-json\/wp\/v2\/types\/product"}],"replies":[{"embeddable":true,"href":"https:\/\/bafo.ro\/v22\/wp-json\/wp\/v2\/comments?post=13844"}],"version-history":[{"count":1,"href":"https:\/\/bafo.ro\/v22\/wp-json\/wp\/v2\/product\/13844\/revisions"}],"predecessor-version":[{"id":13845,"href":"https:\/\/bafo.ro\/v22\/wp-json\/wp\/v2\/product\/13844\/revisions\/13845"}],"wp:featuredmedia":[{"embeddable":true,"href":"https:\/\/bafo.ro\/v22\/wp-json\/wp\/v2\/media\/13846"}],"wp:attachment":[{"href":"https:\/\/bafo.ro\/v22\/wp-json\/wp\/v2\/media?parent=13844"}],"wp:term":[{"taxonomy":"product_brand","embeddable":true,"href":"https:\/\/bafo.ro\/v22\/wp-json\/wp\/v2\/product_brand?post=13844"},{"taxonomy":"product_cat","embeddable":true,"href":"https:\/\/bafo.ro\/v22\/wp-json\/wp\/v2\/product_cat?post=13844"},{"taxonomy":"product_tag","embeddable":true,"href":"https:\/\/bafo.ro\/v22\/wp-json\/wp\/v2\/product_tag?post=13844"}],"curies":[{"name":"wp","href":"https:\/\/api.w.org\/{rel}","templated":true}]}}