{"id":13420,"date":"2022-08-30T09:31:08","date_gmt":"2022-08-30T09:31:08","guid":{"rendered":"https:\/\/bafo.ro\/v22\/product\/suport-auto-magnetic-h-ct518-bs-6955-hg1\/"},"modified":"2025-03-31T16:59:31","modified_gmt":"2025-03-31T16:59:31","slug":"suport-auto-magnetic-h-ct518-bs-6955-hg1","status":"publish","type":"product","link":"https:\/\/bafo.ro\/v22\/product\/suport-auto-magnetic-h-ct518-bs-6955-hg1\/","title":{"rendered":"SUPORT AUTO magnetic H CT518 BS 6955 HG1"},"content":{"rendered":"<p id=\"tw-target-text\" class=\"tw-data-text tw-text-large tw-ta\" dir=\"ltr\" data-placeholder=\"Translation\"><span class=\"Y2IQFc\" lang=\"ro\">Suport auto magnetic compact montat pe bord. U\u0219ureaz\u0103 utilizarea naviga\u021biei pe smartphone \u00een timpul conducerii. Universal: pentru a profita de propriet\u0103\u021bile magnetice ale suportului, trebuie doar s\u0103 pune\u021bi o plac\u0103 metalic\u0103 pe dispozitiv sau pe carcasa acestuia. Fabricat din materiale durabile, garanteaz\u0103 rezisten\u021ba la deteriorare, permi\u021b\u00e2nd utilizatorului s\u0103 se bucure de capacit\u0103\u021bile produsului pentru mai mult timp. Dimensiunile mici nu blocheaz\u0103 vizibilitatea \u0219i, de asemenea, u\u0219ureaz\u0103 introducerea acestuia \u00een torpedo dup\u0103 c\u0103l\u0103torie. Magnetul \u00eencorporat ofer\u0103 o prindere ferm\u0103, stabiliz\u00e2nd dispozitivul \u00een timp ce conduce\u021bi pe suprafe\u021be neuniforme.<\/span><\/p>\n","protected":false},"excerpt":{"rendered":"<p>Suport auto magnetic compact montat pe bord. U\u0219ureaz\u0103 utilizarea naviga\u021biei pe smartphone \u00een timpul conducerii. Universal: pentru a profita de propriet\u0103\u021bile magnetice ale suportului, trebuie doar s\u0103 pune\u021bi o plac\u0103 metalic\u0103 pe dispozitiv sau pe carcasa acestuia. Fabricat din materiale durabile, garanteaz\u0103 rezisten\u021ba la deteriorare, permi\u021b\u00e2nd utilizatorului s\u0103 se bucure de capacit\u0103\u021bile produsului pentru mai mult timp. Dimensiunile mici nu blocheaz\u0103 vizibilitatea \u0219i, de asemenea, u\u0219ureaz\u0103 introducerea acestuia \u00een torpedo dup\u0103 c\u0103l\u0103torie. Magnetul \u00eencorporat ofer\u0103 o prindere ferm\u0103, stabiliz\u00e2nd dispozitivul \u00een timp ce conduce\u021bi pe suprafe\u021be neuniforme.<\/p>\n","protected":false},"featured_media":13422,"comment_status":"closed","ping_status":"open","template":"","meta":[],"product_brand":[],"product_cat":[90,91],"product_tag":[],"class_list":{"0":"post-13420","1":"product","2":"type-product","3":"status-publish","4":"has-post-thumbnail","6":"product_cat-accesorii-auto","7":"product_cat-suport-auto","9":"first","10":"instock","11":"shipping-taxable","12":"product-type-simple"},"_links":{"self":[{"href":"https:\/\/bafo.ro\/v22\/wp-json\/wp\/v2\/product\/13420","targetHints":{"allow":["GET"]}}],"collection":[{"href":"https:\/\/bafo.ro\/v22\/wp-json\/wp\/v2\/product"}],"about":[{"href":"https:\/\/bafo.ro\/v22\/wp-json\/wp\/v2\/types\/product"}],"replies":[{"embeddable":true,"href":"https:\/\/bafo.ro\/v22\/wp-json\/wp\/v2\/comments?post=13420"}],"version-history":[{"count":1,"href":"https:\/\/bafo.ro\/v22\/wp-json\/wp\/v2\/product\/13420\/revisions"}],"predecessor-version":[{"id":13421,"href":"https:\/\/bafo.ro\/v22\/wp-json\/wp\/v2\/product\/13420\/revisions\/13421"}],"wp:featuredmedia":[{"embeddable":true,"href":"https:\/\/bafo.ro\/v22\/wp-json\/wp\/v2\/media\/13422"}],"wp:attachment":[{"href":"https:\/\/bafo.ro\/v22\/wp-json\/wp\/v2\/media?parent=13420"}],"wp:term":[{"taxonomy":"product_brand","embeddable":true,"href":"https:\/\/bafo.ro\/v22\/wp-json\/wp\/v2\/product_brand?post=13420"},{"taxonomy":"product_cat","embeddable":true,"href":"https:\/\/bafo.ro\/v22\/wp-json\/wp\/v2\/product_cat?post=13420"},{"taxonomy":"product_tag","embeddable":true,"href":"https:\/\/bafo.ro\/v22\/wp-json\/wp\/v2\/product_tag?post=13420"}],"curies":[{"name":"wp","href":"https:\/\/api.w.org\/{rel}","templated":true}]}}