{"id":13236,"date":"2022-08-11T13:08:18","date_gmt":"2022-08-11T13:08:18","guid":{"rendered":"https:\/\/bafo.ro\/v22\/product\/suport-auto-proda-pd-ch015-elegant-negru\/"},"modified":"2025-03-31T16:58:55","modified_gmt":"2025-03-31T16:58:55","slug":"suport-auto-proda-pd-ch015-elegant-negru","status":"publish","type":"product","link":"https:\/\/bafo.ro\/v22\/product\/suport-auto-proda-pd-ch015-elegant-negru\/","title":{"rendered":"SUPORT AUTO PRODA PD CH015 Elegant negru"},"content":{"rendered":"<p id=\"tw-target-text\" class=\"tw-data-text tw-text-large tw-ta\" dir=\"ltr\" data-placeholder=\"Translation\"><span class=\"Y2IQFc\" lang=\"ro\"><em>Suport telefon auto elegant Proda &#8211;\u00a0 <\/em>Dori\u021bi s\u0103 v\u0103 folosi\u021bi telefonul \u00een siguran\u021b\u0103 \u00een timp ce conduce\u021bi? Ave\u021bi nevoie de un suport de bun\u0103 calitate ata\u0219at la grila de ventila\u021bie, care va fi stabil \u0219i vizibil. Dispozitivul a\u0219ezat \u00een el nu se va mi\u0219ca \u0219i nu va c\u0103dea nici m\u0103car atunci c\u00e2nd conduce\u021bi pe un drum accidentat. Structura \u00een sine, chiar \u0219i atunci c\u00e2nd nu este utilizat\u0103, arat\u0103 foarte bine, datorit\u0103 materialelor de bun\u0103 calitate, culorilor neutre \u0219i formei minimaliste. <em>Specifica\u021bie:<\/em> <\/span><\/p>\n<p class=\"tw-data-text tw-text-large tw-ta\" dir=\"ltr\" data-placeholder=\"Translation\"><span class=\"Y2IQFc\" lang=\"ro\">Marca: Proda<\/span><\/p>\n<p class=\"tw-data-text tw-text-large tw-ta\" dir=\"ltr\" data-placeholder=\"Translation\"><span class=\"Y2IQFc\" lang=\"ro\">Locul de instalare: la grila de ventila\u021bie din ma\u0219in\u0103<\/span><\/p>\n<p class=\"tw-data-text tw-text-large tw-ta\" dir=\"ltr\" data-placeholder=\"Translation\"><span class=\"Y2IQFc\" lang=\"ro\">Material: ABS<\/span><\/p>\n<p class=\"tw-data-text tw-text-large tw-ta\" dir=\"ltr\" data-placeholder=\"Translation\"><span class=\"Y2IQFc\" lang=\"ro\">Dimensiune: 69&#215;87.6&#215;101.4mm<\/span><\/p>\n<p class=\"tw-data-text tw-text-large tw-ta\" dir=\"ltr\" data-placeholder=\"Translation\"><span class=\"Y2IQFc\" lang=\"ro\">Operare convenabil\u0103 cu o singur\u0103 m\u00e2n\u0103. Datorit\u0103 utiliz\u0103rii m\u00e2nerelor gravita\u021bionale, este posibil s\u0103 opera\u021bi gadgetul cu o singur\u0103 m\u00e2n\u0103. Este o solu\u021bie extrem de convenabil\u0103 atunci c\u00e2nd conduce\u021bi o ma\u0219in\u0103, permi\u021b\u00e2ndu-v\u0103 s\u0103 l\u0103sa\u021bi telefonul jos \u0219i s\u0103-l scoate\u021bi oric\u00e2nd dori\u021bi, f\u0103r\u0103 s\u0103 v\u0103 lua\u021bi cealalt\u0103 m\u00e2n\u0103 de pe volan \u0219i s\u0103 v\u0103 uita\u021bi la drum. Instalare u\u0219oar\u0103 f\u0103r\u0103 unelte. Datorita designului si tipului de maner, gadgetul este atasat de grila de ventilatie din masina. Acest lucru \u00eel face u\u0219or de pus \u0219i de \u00eendep\u0103rtat, f\u0103r\u0103 a fi nevoie de unelte profesionale. Rapid \u0219i convenabil! O str\u00e2ngere ferm\u0103. M\u00e2nerul este ata\u0219at ferm de gril\u0103 \u0219i nu se mi\u0219c\u0103 \u00een timpul conducerii. \u021aine telefonul pe care l-ai pus \u00een el la fel de str\u00e2ns. Pute\u021bi fi sigur c\u0103 dispozitivul nu va c\u0103dea \u00een timp ce conduce\u021bi peste denivel\u0103ri sau denivel\u0103ri.<\/span><\/p>\n","protected":false},"excerpt":{"rendered":"<p>Suport telefon auto elegant Proda &#8211;\u00a0 Dori\u021bi s\u0103 v\u0103 folosi\u021bi telefonul \u00een siguran\u021b\u0103 \u00een timp ce conduce\u021bi? Ave\u021bi nevoie de un suport de bun\u0103 calitate ata\u0219at la grila de ventila\u021bie, care va fi stabil \u0219i vizibil. Dispozitivul a\u0219ezat \u00een el nu se va mi\u0219ca \u0219i nu va c\u0103dea nici m\u0103car atunci c\u00e2nd conduce\u021bi pe un drum accidentat. Structura \u00een sine, chiar \u0219i atunci c\u00e2nd nu este utilizat\u0103, arat\u0103 foarte bine, datorit\u0103 materialelor de bun\u0103 calitate, culorilor neutre \u0219i formei minimaliste. Specifica\u021bie: Marca: Proda Locul de instalare: la grila de ventila\u021bie din ma\u0219in\u0103 Material: ABS Dimensiune: 69&#215;87.6&#215;101.4mm Operare convenabil\u0103 cu o singur\u0103 m\u00e2n\u0103. Datorit\u0103 utiliz\u0103rii m\u00e2nerelor gravita\u021bionale, este posibil s\u0103 opera\u021bi gadgetul cu o singur\u0103 m\u00e2n\u0103. Este o solu\u021bie extrem de convenabil\u0103 atunci c\u00e2nd conduce\u021bi o ma\u0219in\u0103, permi\u021b\u00e2ndu-v\u0103 s\u0103 l\u0103sa\u021bi telefonul jos \u0219i s\u0103-l scoate\u021bi oric\u00e2nd dori\u021bi, f\u0103r\u0103 s\u0103 v\u0103 lua\u021bi cealalt\u0103 m\u00e2n\u0103 de pe volan \u0219i s\u0103 v\u0103 uita\u021bi la drum. Instalare u\u0219oar\u0103 f\u0103r\u0103 unelte. Datorita designului si tipului de maner, gadgetul este atasat de grila de ventilatie din masina. Acest lucru \u00eel face u\u0219or de pus \u0219i de \u00eendep\u0103rtat, f\u0103r\u0103 a fi nevoie de unelte profesionale. Rapid \u0219i convenabil! O str\u00e2ngere ferm\u0103. M\u00e2nerul este ata\u0219at ferm de gril\u0103 \u0219i nu se mi\u0219c\u0103 \u00een timpul conducerii. \u021aine telefonul pe care l-ai pus \u00een el la fel de str\u00e2ns. Pute\u021bi fi sigur c\u0103 dispozitivul nu va c\u0103dea \u00een timp ce conduce\u021bi peste denivel\u0103ri sau denivel\u0103ri.<\/p>\n","protected":false},"featured_media":13238,"comment_status":"closed","ping_status":"open","template":"","meta":[],"product_brand":[],"product_cat":[90,91],"product_tag":[],"class_list":{"0":"post-13236","1":"product","2":"type-product","3":"status-publish","4":"has-post-thumbnail","6":"product_cat-accesorii-auto","7":"product_cat-suport-auto","9":"first","10":"outofstock","11":"shipping-taxable","12":"product-type-simple"},"_links":{"self":[{"href":"https:\/\/bafo.ro\/v22\/wp-json\/wp\/v2\/product\/13236","targetHints":{"allow":["GET"]}}],"collection":[{"href":"https:\/\/bafo.ro\/v22\/wp-json\/wp\/v2\/product"}],"about":[{"href":"https:\/\/bafo.ro\/v22\/wp-json\/wp\/v2\/types\/product"}],"replies":[{"embeddable":true,"href":"https:\/\/bafo.ro\/v22\/wp-json\/wp\/v2\/comments?post=13236"}],"version-history":[{"count":1,"href":"https:\/\/bafo.ro\/v22\/wp-json\/wp\/v2\/product\/13236\/revisions"}],"predecessor-version":[{"id":13237,"href":"https:\/\/bafo.ro\/v22\/wp-json\/wp\/v2\/product\/13236\/revisions\/13237"}],"wp:featuredmedia":[{"embeddable":true,"href":"https:\/\/bafo.ro\/v22\/wp-json\/wp\/v2\/media\/13238"}],"wp:attachment":[{"href":"https:\/\/bafo.ro\/v22\/wp-json\/wp\/v2\/media?parent=13236"}],"wp:term":[{"taxonomy":"product_brand","embeddable":true,"href":"https:\/\/bafo.ro\/v22\/wp-json\/wp\/v2\/product_brand?post=13236"},{"taxonomy":"product_cat","embeddable":true,"href":"https:\/\/bafo.ro\/v22\/wp-json\/wp\/v2\/product_cat?post=13236"},{"taxonomy":"product_tag","embeddable":true,"href":"https:\/\/bafo.ro\/v22\/wp-json\/wp\/v2\/product_tag?post=13236"}],"curies":[{"name":"wp","href":"https:\/\/api.w.org\/{rel}","templated":true}]}}