{"id":13229,"date":"2022-08-11T11:24:16","date_gmt":"2022-08-11T11:24:16","guid":{"rendered":"https:\/\/bafo.ro\/v22\/product\/adaptor-dudao-jack-iphone-l16i\/"},"modified":"2025-03-31T16:58:55","modified_gmt":"2025-03-31T16:58:55","slug":"adaptor-dudao-jack-iphone-l16i","status":"publish","type":"product","link":"https:\/\/bafo.ro\/v22\/product\/adaptor-dudao-jack-iphone-l16i\/","title":{"rendered":"ADAPTOR DUDAO JACK-IPHONE L16i"},"content":{"rendered":"<p id=\"tw-target-text\" class=\"tw-data-text tw-text-large tw-ta\" dir=\"ltr\" data-placeholder=\"Translation\"><span class=\"Y2IQFc\" lang=\"ro\">Adaptor audio Dudao &#8211; <\/span><span class=\"Y2IQFc\" lang=\"ro\">Adaptor pentru c\u0103\u0219ti de la Lightning la mini muf\u0103 de 3,5 mm <\/span><\/p>\n<p class=\"tw-data-text tw-text-large tw-ta\" dir=\"ltr\" data-placeholder=\"Translation\"><span class=\"Y2IQFc\" lang=\"ro\">Adaptor cu un cablu de la conectorul Iphone la mufa mini jack 3.5 pentru c\u0103\u0219ti. V\u0103 permite s\u0103 conecta\u021bi c\u0103\u0219ti cu conector mini jack la un smartphone f\u0103r\u0103 muf\u0103 pentru c\u0103\u0219ti \u0219i, astfel, s\u0103 asculta\u021bi muzica noastr\u0103 preferat\u0103. O solu\u021bie practic\u0103 pentru dispozitivele cu doar un port Iphone. <\/span><span class=\"Y2IQFc\" lang=\"ro\">Muf\u0103 de 3,5 mm pentru toat\u0103 lumea! Este un accesoriu perfect pentru to\u021bi cei care nu doresc s\u0103 investeasc\u0103 bani \u00een plus \u00een c\u0103\u0219ti noi cu conector Iphone. Acest adaptor mic este suficient pentru a putea conecta echipamente clasice la modele de telefoane mai noi, ai c\u0103ror produc\u0103tori au renun\u021bat la mufa jack de 3,5 mm. U\u0219oare, mici \u0219i extrem de rezistente. Adaptorul c\u00e2nt\u0103re\u0219te doar c\u00e2teva grame \u0219i are dimensiuni mici, astfel \u00eenc\u00e2t transportul s\u0103u este practic f\u0103r\u0103 probleme. \u00cen plus, a fost realizat din materiale de \u00eenalt\u0103 calitate. Cablu puternic Cablul TPE durabil \u0219i flexibil m\u0103re\u0219te raza de ac\u021biune \u0219i spa\u021biul de manevr\u0103 cu adaptorul \u00een sine. \u00centre timp, doar o muf\u0103 mic\u0103 este conectat\u0103 la smartphone. Sunet la cel mai \u00eenalt nivel. C\u00e2nd asculta\u021bi muzic\u0103, sunetul este clar \u0219i f\u0103r\u0103 distorsiuni. Bucura\u021bi-v\u0103 de sunetul melodiilor tale preferate la calitate \u00eenalt\u0103! Aten\u0163ie! Adaptorul nu v\u0103 permite s\u0103 efectua\u021bi apeluri telefonice prin c\u0103\u0219ti. F\u0103r\u0103 a scoate carcasa; Datorit\u0103 designului accesoriului, \u00eel pute\u021bi conecta la telefon f\u0103r\u0103 a scoate capacul. Rapid \u0219i sigur.<\/span><\/p>\n","protected":false},"excerpt":{"rendered":"<p>Adaptor audio Dudao &#8211; Adaptor pentru c\u0103\u0219ti de la Lightning la mini muf\u0103 de 3,5 mm Adaptor cu un cablu de la conectorul Iphone la mufa mini jack 3.5 pentru c\u0103\u0219ti. V\u0103 permite s\u0103 conecta\u021bi c\u0103\u0219ti cu conector mini jack la un smartphone f\u0103r\u0103 muf\u0103 pentru c\u0103\u0219ti \u0219i, astfel, s\u0103 asculta\u021bi muzica noastr\u0103 preferat\u0103. O solu\u021bie practic\u0103 pentru dispozitivele cu doar un port Iphone. Muf\u0103 de 3,5 mm pentru toat\u0103 lumea! Este un accesoriu perfect pentru to\u021bi cei care nu doresc s\u0103 investeasc\u0103 bani \u00een plus \u00een c\u0103\u0219ti noi cu conector Iphone. Acest adaptor mic este suficient pentru a putea conecta echipamente clasice la modele de telefoane mai noi, ai c\u0103ror produc\u0103tori au renun\u021bat la mufa jack de 3,5 mm. U\u0219oare, mici \u0219i extrem de rezistente. Adaptorul c\u00e2nt\u0103re\u0219te doar c\u00e2teva grame \u0219i are dimensiuni mici, astfel \u00eenc\u00e2t transportul s\u0103u este practic f\u0103r\u0103 probleme. \u00cen plus, a fost realizat din materiale de \u00eenalt\u0103 calitate. Cablu puternic Cablul TPE durabil \u0219i flexibil m\u0103re\u0219te raza de ac\u021biune \u0219i spa\u021biul de manevr\u0103 cu adaptorul \u00een sine. \u00centre timp, doar o muf\u0103 mic\u0103 este conectat\u0103 la smartphone. Sunet la cel mai \u00eenalt nivel. C\u00e2nd asculta\u021bi muzic\u0103, sunetul este clar \u0219i f\u0103r\u0103 distorsiuni. Bucura\u021bi-v\u0103 de sunetul melodiilor tale preferate la calitate \u00eenalt\u0103! Aten\u0163ie! Adaptorul nu v\u0103 permite s\u0103 efectua\u021bi apeluri telefonice prin c\u0103\u0219ti. F\u0103r\u0103 a scoate carcasa; Datorit\u0103 designului accesoriului, \u00eel pute\u021bi conecta la telefon f\u0103r\u0103 a scoate capacul. Rapid \u0219i sigur.<\/p>\n","protected":false},"featured_media":13230,"comment_status":"open","ping_status":"open","template":"","meta":[],"product_brand":[],"product_cat":[379,467],"product_tag":[],"class_list":{"0":"post-13229","1":"product","2":"type-product","3":"status-publish","4":"has-post-thumbnail","6":"product_cat-accesorii","7":"product_cat-adaptor","9":"first","10":"outofstock","11":"shipping-taxable","12":"product-type-simple"},"_links":{"self":[{"href":"https:\/\/bafo.ro\/v22\/wp-json\/wp\/v2\/product\/13229","targetHints":{"allow":["GET"]}}],"collection":[{"href":"https:\/\/bafo.ro\/v22\/wp-json\/wp\/v2\/product"}],"about":[{"href":"https:\/\/bafo.ro\/v22\/wp-json\/wp\/v2\/types\/product"}],"replies":[{"embeddable":true,"href":"https:\/\/bafo.ro\/v22\/wp-json\/wp\/v2\/comments?post=13229"}],"version-history":[{"count":0,"href":"https:\/\/bafo.ro\/v22\/wp-json\/wp\/v2\/product\/13229\/revisions"}],"wp:featuredmedia":[{"embeddable":true,"href":"https:\/\/bafo.ro\/v22\/wp-json\/wp\/v2\/media\/13230"}],"wp:attachment":[{"href":"https:\/\/bafo.ro\/v22\/wp-json\/wp\/v2\/media?parent=13229"}],"wp:term":[{"taxonomy":"product_brand","embeddable":true,"href":"https:\/\/bafo.ro\/v22\/wp-json\/wp\/v2\/product_brand?post=13229"},{"taxonomy":"product_cat","embeddable":true,"href":"https:\/\/bafo.ro\/v22\/wp-json\/wp\/v2\/product_cat?post=13229"},{"taxonomy":"product_tag","embeddable":true,"href":"https:\/\/bafo.ro\/v22\/wp-json\/wp\/v2\/product_tag?post=13229"}],"curies":[{"name":"wp","href":"https:\/\/api.w.org\/{rel}","templated":true}]}}