{"id":12967,"date":"2022-07-12T11:24:31","date_gmt":"2022-07-12T11:24:31","guid":{"rendered":"https:\/\/bafo.ro\/v22\/product\/adaptor-priza-bwoo-bo-cda68-pd-20w-1xusb-c-alb\/"},"modified":"2025-03-31T16:57:57","modified_gmt":"2025-03-31T16:57:57","slug":"adaptor-priza-bwoo-bo-cda68-pd-20w-1xusb-c-alb","status":"publish","type":"product","link":"https:\/\/bafo.ro\/v22\/product\/adaptor-priza-bwoo-bo-cda68-pd-20w-1xusb-c-alb\/","title":{"rendered":"ADAPTOR PRIZA BWOO BO CDA68 PD 20W, 1XUSB-C alb"},"content":{"rendered":"<p id=\"tw-target-text\" class=\"tw-data-text tw-text-large tw-ta\" dir=\"ltr\" data-placeholder=\"Translation\"><span class=\"Y2IQFc\" lang=\"ro\">\u00cenc\u0103rc\u0103tor BWOO CDA68 PD 20W 1x USB-C alb &#8211;\u00a0 este un \u00eenc\u0103rc\u0103tor avansat cu o singur\u0103 muf\u0103 PD USB-C, la care pute\u021bi conecta un cablu adecvat pentru \u00eenc\u0103rcarea dispozitivelor mobile pentru a utiliza \u00eentreaga putere a \u00eenc\u0103rc\u0103torului. Ofer\u0103 suficient\u0103 energie pentru a \u00eenc\u0103rca rapid chiar \u0219i cele mai mari dispozitive mobile disponibile. Aspectul clasic se potrive\u0219te tuturor tipurilor de interioare iar calitatea manoperei indic\u0103 faptul c\u0103 este un dispozitiv solid \u0219i durabil.<\/span><\/p>\n","protected":false},"excerpt":{"rendered":"<p>\u00cenc\u0103rc\u0103tor BWOO CDA68 PD 20W 1x USB-C alb &#8211;\u00a0 este un \u00eenc\u0103rc\u0103tor avansat cu o singur\u0103 muf\u0103 PD USB-C, la care pute\u021bi conecta un cablu adecvat pentru \u00eenc\u0103rcarea dispozitivelor mobile pentru a utiliza \u00eentreaga putere a \u00eenc\u0103rc\u0103torului. Ofer\u0103 suficient\u0103 energie pentru a \u00eenc\u0103rca rapid chiar \u0219i cele mai mari dispozitive mobile disponibile. Aspectul clasic se potrive\u0219te tuturor tipurilor de interioare iar calitatea manoperei indic\u0103 faptul c\u0103 este un dispozitiv solid \u0219i durabil.<\/p>\n","protected":false},"featured_media":12969,"comment_status":"closed","ping_status":"open","template":"","meta":[],"product_brand":[],"product_cat":[379,467],"product_tag":[],"class_list":{"0":"post-12967","1":"product","2":"type-product","3":"status-publish","4":"has-post-thumbnail","6":"product_cat-accesorii","7":"product_cat-adaptor","9":"first","10":"outofstock","11":"shipping-taxable","12":"product-type-simple"},"_links":{"self":[{"href":"https:\/\/bafo.ro\/v22\/wp-json\/wp\/v2\/product\/12967","targetHints":{"allow":["GET"]}}],"collection":[{"href":"https:\/\/bafo.ro\/v22\/wp-json\/wp\/v2\/product"}],"about":[{"href":"https:\/\/bafo.ro\/v22\/wp-json\/wp\/v2\/types\/product"}],"replies":[{"embeddable":true,"href":"https:\/\/bafo.ro\/v22\/wp-json\/wp\/v2\/comments?post=12967"}],"version-history":[{"count":1,"href":"https:\/\/bafo.ro\/v22\/wp-json\/wp\/v2\/product\/12967\/revisions"}],"predecessor-version":[{"id":12968,"href":"https:\/\/bafo.ro\/v22\/wp-json\/wp\/v2\/product\/12967\/revisions\/12968"}],"wp:featuredmedia":[{"embeddable":true,"href":"https:\/\/bafo.ro\/v22\/wp-json\/wp\/v2\/media\/12969"}],"wp:attachment":[{"href":"https:\/\/bafo.ro\/v22\/wp-json\/wp\/v2\/media?parent=12967"}],"wp:term":[{"taxonomy":"product_brand","embeddable":true,"href":"https:\/\/bafo.ro\/v22\/wp-json\/wp\/v2\/product_brand?post=12967"},{"taxonomy":"product_cat","embeddable":true,"href":"https:\/\/bafo.ro\/v22\/wp-json\/wp\/v2\/product_cat?post=12967"},{"taxonomy":"product_tag","embeddable":true,"href":"https:\/\/bafo.ro\/v22\/wp-json\/wp\/v2\/product_tag?post=12967"}],"curies":[{"name":"wp","href":"https:\/\/api.w.org\/{rel}","templated":true}]}}