{"id":12783,"date":"2022-06-28T08:51:10","date_gmt":"2022-06-28T08:51:10","guid":{"rendered":"https:\/\/bafo.ro\/v22\/product\/casca-bluetooth-hoco-e1-alb\/"},"modified":"2025-03-31T16:57:17","modified_gmt":"2025-03-31T16:57:17","slug":"casca-bluetooth-hoco-e1-alb","status":"publish","type":"product","link":"https:\/\/bafo.ro\/v22\/product\/casca-bluetooth-hoco-e1-alb\/","title":{"rendered":"CASCA BLUETOOTH HOCO E1 alb"},"content":{"rendered":"<p id=\"tw-target-text\" class=\"tw-data-text tw-text-large tw-ta\" dir=\"ltr\" data-placeholder=\"Translation\"><span class=\"Y2IQFc\" lang=\"ro\">Culoare alb\u0103 <\/span><\/p>\n<p class=\"tw-data-text tw-text-large tw-ta\" dir=\"ltr\" data-placeholder=\"Translation\"><span class=\"Y2IQFc\" lang=\"ro\">Versiunea Bluetooth: 4.1 <\/span><\/p>\n<p class=\"tw-data-text tw-text-large tw-ta\" dir=\"ltr\" data-placeholder=\"Translation\"><span class=\"Y2IQFc\" lang=\"ro\">Protocol Bluetooth: A2DP, AVRCP, HSP, HFP <\/span><\/p>\n<p class=\"tw-data-text tw-text-large tw-ta\" dir=\"ltr\" data-placeholder=\"Translation\"><span class=\"Y2IQFc\" lang=\"ro\">Raza de transmisie: 10 m<\/span><\/p>\n<p class=\"tw-data-text tw-text-large tw-ta\" dir=\"ltr\" data-placeholder=\"Translation\"><span class=\"Y2IQFc\" lang=\"ro\">Frecven\u021ba de transmisie: 2,4 GHz<\/span><\/p>\n<p class=\"tw-data-text tw-text-large tw-ta\" dir=\"ltr\" data-placeholder=\"Translation\"><span class=\"Y2IQFc\" lang=\"ro\">Tensiune de \u00eenc\u0103rcare: DC 5V<\/span><\/p>\n<p class=\"tw-data-text tw-text-large tw-ta\" dir=\"ltr\" data-placeholder=\"Translation\"><span class=\"Y2IQFc\" lang=\"ro\">Timp de \u00eenc\u0103rcare: 1,5 ore<\/span><\/p>\n<p class=\"tw-data-text tw-text-large tw-ta\" dir=\"ltr\" data-placeholder=\"Translation\"><span class=\"Y2IQFc\" lang=\"ro\">Timp de apel: 4h <\/span><\/p>\n<p class=\"tw-data-text tw-text-large tw-ta\" dir=\"ltr\" data-placeholder=\"Translation\"><span class=\"Y2IQFc\" lang=\"ro\">Timp muzical: 3h <\/span><\/p>\n<p class=\"tw-data-text tw-text-large tw-ta\" dir=\"ltr\" data-placeholder=\"Translation\"><span class=\"Y2IQFc\" lang=\"ro\">Timp de a\u0219teptare: 55h <\/span><\/p>\n<p class=\"tw-data-text tw-text-large tw-ta\" dir=\"ltr\" data-placeholder=\"Translation\"><span class=\"Y2IQFc\" lang=\"ro\">Capacitate baterie: 50mAh<\/span><\/p>\n<p class=\"tw-data-text tw-text-large tw-ta\" dir=\"ltr\" data-placeholder=\"Translation\"><span class=\"Y2IQFc\" lang=\"ro\">Afi\u0219aj baterie: suport pentru iOS \u0219i unele telefoane Android<\/span><\/p>\n<p class=\"tw-data-text tw-text-large tw-ta\" dir=\"ltr\" data-placeholder=\"Translation\"><span class=\"Y2IQFc\" lang=\"ro\">Reducere automat\u0103 a zgomotului (sunet de \u00eenalt\u0103 calitate), conexiune stabil\u0103 <\/span><\/p>\n<p class=\"tw-data-text tw-text-large tw-ta\" dir=\"ltr\" data-placeholder=\"Translation\"><span class=\"Y2IQFc\" lang=\"ro\">Suport\u0103 func\u021bia de conectare \u00een mai multe puncte (pute\u021bi conecta dou\u0103 telefoane mobile \u00een acela\u0219i timp) <\/span><\/p>\n<p class=\"tw-data-text tw-text-large tw-ta\" dir=\"ltr\" data-placeholder=\"Translation\"><span class=\"Y2IQFc\" lang=\"ro\">Patru tipuri de suport lingvistic \u2013 chinez\u0103, englez\u0103, francez\u0103 \u0219i spaniol\u0103 (englez\u0103 implicit\u0103) <\/span><\/p>\n<p class=\"tw-data-text tw-text-large tw-ta\" dir=\"ltr\" data-placeholder=\"Translation\"><span class=\"Y2IQFc\" lang=\"ro\">Designul ergonomic asigur\u0103 confort \u0219i utilizarea pe termen lung a dispozitivului f\u0103r\u0103 disconfort \u00een ureche dopul de cauciuc de pe receptor v\u0103 va ajuta s\u0103 ata\u0219a\u021bi dispozitivul \u00een mod convenabil<\/span><\/p>\n","protected":false},"excerpt":{"rendered":"<p>Culoare alb\u0103 Versiunea Bluetooth: 4.1 Protocol Bluetooth: A2DP, AVRCP, HSP, HFP Raza de transmisie: 10 m Frecven\u021ba de transmisie: 2,4 GHz Tensiune de \u00eenc\u0103rcare: DC 5V Timp de \u00eenc\u0103rcare: 1,5 ore Timp de apel: 4h Timp muzical: 3h Timp de a\u0219teptare: 55h Capacitate baterie: 50mAh Afi\u0219aj baterie: suport pentru iOS \u0219i unele telefoane Android Reducere automat\u0103 a zgomotului (sunet de \u00eenalt\u0103 calitate), conexiune stabil\u0103 Suport\u0103 func\u021bia de conectare \u00een mai multe puncte (pute\u021bi conecta dou\u0103 telefoane mobile \u00een acela\u0219i timp) Patru tipuri de suport lingvistic \u2013 chinez\u0103, englez\u0103, francez\u0103 \u0219i spaniol\u0103 (englez\u0103 implicit\u0103) Designul ergonomic asigur\u0103 confort \u0219i utilizarea pe termen lung a dispozitivului f\u0103r\u0103 disconfort \u00een ureche dopul de cauciuc de pe receptor v\u0103 va ajuta s\u0103 ata\u0219a\u021bi dispozitivul \u00een mod convenabil<\/p>\n","protected":false},"featured_media":12785,"comment_status":"closed","ping_status":"open","template":"","meta":[],"product_brand":[],"product_cat":[230,233],"product_tag":[],"class_list":{"0":"post-12783","1":"product","2":"type-product","3":"status-publish","4":"has-post-thumbnail","6":"product_cat-casca-audio","7":"product_cat-casca-bluetooth","9":"first","10":"outofstock","11":"shipping-taxable","12":"product-type-simple"},"_links":{"self":[{"href":"https:\/\/bafo.ro\/v22\/wp-json\/wp\/v2\/product\/12783","targetHints":{"allow":["GET"]}}],"collection":[{"href":"https:\/\/bafo.ro\/v22\/wp-json\/wp\/v2\/product"}],"about":[{"href":"https:\/\/bafo.ro\/v22\/wp-json\/wp\/v2\/types\/product"}],"replies":[{"embeddable":true,"href":"https:\/\/bafo.ro\/v22\/wp-json\/wp\/v2\/comments?post=12783"}],"version-history":[{"count":1,"href":"https:\/\/bafo.ro\/v22\/wp-json\/wp\/v2\/product\/12783\/revisions"}],"predecessor-version":[{"id":12784,"href":"https:\/\/bafo.ro\/v22\/wp-json\/wp\/v2\/product\/12783\/revisions\/12784"}],"wp:featuredmedia":[{"embeddable":true,"href":"https:\/\/bafo.ro\/v22\/wp-json\/wp\/v2\/media\/12785"}],"wp:attachment":[{"href":"https:\/\/bafo.ro\/v22\/wp-json\/wp\/v2\/media?parent=12783"}],"wp:term":[{"taxonomy":"product_brand","embeddable":true,"href":"https:\/\/bafo.ro\/v22\/wp-json\/wp\/v2\/product_brand?post=12783"},{"taxonomy":"product_cat","embeddable":true,"href":"https:\/\/bafo.ro\/v22\/wp-json\/wp\/v2\/product_cat?post=12783"},{"taxonomy":"product_tag","embeddable":true,"href":"https:\/\/bafo.ro\/v22\/wp-json\/wp\/v2\/product_tag?post=12783"}],"curies":[{"name":"wp","href":"https:\/\/api.w.org\/{rel}","templated":true}]}}