{"id":12709,"date":"2022-06-21T09:10:50","date_gmt":"2022-06-21T09:10:50","guid":{"rendered":"https:\/\/bafo.ro\/v22\/product\/cablu-jack-jack-kaku-ksc-450-1m-alb\/"},"modified":"2025-03-31T16:57:04","modified_gmt":"2025-03-31T16:57:04","slug":"cablu-jack-jack-kaku-ksc-450-1m-alb","status":"publish","type":"product","link":"https:\/\/bafo.ro\/v22\/product\/cablu-jack-jack-kaku-ksc-450-1m-alb\/","title":{"rendered":"CABLU JACK-JACK KAKU KSC-450 1m, alb"},"content":{"rendered":"<p id=\"tw-target-text\" class=\"tw-data-text tw-text-large tw-ta\" dir=\"ltr\" data-placeholder=\"Translation\"><span class=\"Y2IQFc\" lang=\"ro\">Descriere produs<\/span><\/p>\n<p class=\"tw-data-text tw-text-large tw-ta\" dir=\"ltr\" data-placeholder=\"Translation\"><span class=\"Y2IQFc\" lang=\"ro\">1. Material: PVC; Dimensiunea produsului: 1 metru lungime; <\/span><\/p>\n<p class=\"tw-data-text tw-text-large tw-ta\" dir=\"ltr\" data-placeholder=\"Translation\"><span class=\"Y2IQFc\" lang=\"ro\">2. Greutate produs: 15,5G <\/span><\/p>\n<p class=\"tw-data-text tw-text-large tw-ta\" dir=\"ltr\" data-placeholder=\"Translation\"><span class=\"Y2IQFc\" lang=\"ro\">3. Echipament de interfa\u021b\u0103 de 3,5 MM universal<\/span><\/p>\n<p class=\"tw-data-text tw-text-large tw-ta\" dir=\"ltr\" data-placeholder=\"Translation\"><span class=\"Y2IQFc\" lang=\"ro\">4. Calitatea sunetului este clar\u0103, delicat\u0103 \u0219i transparent\u0103<\/span><\/p>\n<p class=\"tw-data-text tw-text-large tw-ta\" dir=\"ltr\" data-placeholder=\"Translation\"><span class=\"Y2IQFc\" lang=\"ro\">5. Nu este nevoie de echipament, plug and play<\/span><\/p>\n","protected":false},"excerpt":{"rendered":"<p>Descriere produs 1. Material: PVC; Dimensiunea produsului: 1 metru lungime; 2. Greutate produs: 15,5G 3. Echipament de interfa\u021b\u0103 de 3,5 MM universal 4. Calitatea sunetului este clar\u0103, delicat\u0103 \u0219i transparent\u0103 5. Nu este nevoie de echipament, plug and play<\/p>\n","protected":false},"featured_media":12711,"comment_status":"closed","ping_status":"open","template":"","meta":[],"product_brand":[],"product_cat":[90,475],"product_tag":[],"class_list":{"0":"post-12709","1":"product","2":"type-product","3":"status-publish","4":"has-post-thumbnail","6":"product_cat-accesorii-auto","7":"product_cat-cablu-jack","9":"first","10":"instock","11":"shipping-taxable","12":"product-type-simple"},"_links":{"self":[{"href":"https:\/\/bafo.ro\/v22\/wp-json\/wp\/v2\/product\/12709","targetHints":{"allow":["GET"]}}],"collection":[{"href":"https:\/\/bafo.ro\/v22\/wp-json\/wp\/v2\/product"}],"about":[{"href":"https:\/\/bafo.ro\/v22\/wp-json\/wp\/v2\/types\/product"}],"replies":[{"embeddable":true,"href":"https:\/\/bafo.ro\/v22\/wp-json\/wp\/v2\/comments?post=12709"}],"version-history":[{"count":1,"href":"https:\/\/bafo.ro\/v22\/wp-json\/wp\/v2\/product\/12709\/revisions"}],"predecessor-version":[{"id":12710,"href":"https:\/\/bafo.ro\/v22\/wp-json\/wp\/v2\/product\/12709\/revisions\/12710"}],"wp:featuredmedia":[{"embeddable":true,"href":"https:\/\/bafo.ro\/v22\/wp-json\/wp\/v2\/media\/12711"}],"wp:attachment":[{"href":"https:\/\/bafo.ro\/v22\/wp-json\/wp\/v2\/media?parent=12709"}],"wp:term":[{"taxonomy":"product_brand","embeddable":true,"href":"https:\/\/bafo.ro\/v22\/wp-json\/wp\/v2\/product_brand?post=12709"},{"taxonomy":"product_cat","embeddable":true,"href":"https:\/\/bafo.ro\/v22\/wp-json\/wp\/v2\/product_cat?post=12709"},{"taxonomy":"product_tag","embeddable":true,"href":"https:\/\/bafo.ro\/v22\/wp-json\/wp\/v2\/product_tag?post=12709"}],"curies":[{"name":"wp","href":"https:\/\/api.w.org\/{rel}","templated":true}]}}