{"id":12447,"date":"2022-05-19T08:18:07","date_gmt":"2022-05-19T08:18:07","guid":{"rendered":"https:\/\/bafo.ro\/v22\/product\/sticla-protectie-5d-full-glue-blue-star-iphone-6-6s-5-5-alb\/"},"modified":"2025-03-31T16:56:11","modified_gmt":"2025-03-31T16:56:11","slug":"sticla-protectie-5d-full-glue-blue-star-iphone-6-6s-5-5-alb","status":"publish","type":"product","link":"https:\/\/bafo.ro\/v22\/product\/sticla-protectie-5d-full-glue-blue-star-iphone-6-6s-5-5-alb\/","title":{"rendered":"STICLA PROTECTIE 5D FULL GLUE BLUE STAR IPHONE 6 \/ 6S 5.5&#8221; alb"},"content":{"rendered":"<p id=\"tw-target-text\" class=\"tw-data-text tw-text-large tw-ta\" dir=\"ltr\" data-placeholder=\"Translation\"><span class=\"Y2IQFc\" lang=\"ro\">Sticla securizata Blue Star 5D Full Glue este o protectie perfecta a ecranului telefonului mobil de la marginea superioara pana in jos. Tehnologia 5D are ca rezultat acoperirea \u00eentregului ecran, inclusiv rotunjirea afi\u0219ajului. Se \u00eenvecineaz\u0103 foarte bine, a\u0219a c\u0103 nu exist\u0103 loc pentru murd\u0103rie \u0219i praf. Datorit\u0103 grosimii extrem de reduse de 0,3 mm, este complet nedetectabil \u0219i invizibil. Ultraviden\u021biaz\u0103 100% valoarea atingerii \u0219i libertatea de utilizare. Sticla protejeaza ecranul impotriva fisurilor, zgarieturilor si deteriorarii. Acoperirea oleofob\u0103 ofer\u0103 claritate ecranului \u0219i rezisten\u021b\u0103 la amprente \u0219i murd\u0103rie. Sticla a inclus elemente necesare pentru auto-asamblare cu autocolante speciale pentru a facilita amplasarea corect\u0103 a sticlei. Dup\u0103 aplicare, sticla ader\u0103 bine pe ecran, f\u0103r\u0103 a l\u0103sa bule de aer, iar formula non-adeziv\u0103 faciliteaz\u0103 imaginea sticlei f\u0103r\u0103 a l\u0103sa urme. Marginile sticlei sunt rotunjite \u2013 siguranta garantata.<\/span><\/p>\n<p class=\"tw-data-text tw-text-large tw-ta\" dir=\"ltr\" data-placeholder=\"Translation\"><span class=\"Y2IQFc\" lang=\"ro\"><em>Ultraproprietati<\/em>: <\/span><\/p>\n<p class=\"tw-data-text tw-text-large tw-ta\" dir=\"ltr\" data-placeholder=\"Translation\"><span class=\"Y2IQFc\" lang=\"ro\">Lipici: Pe toata suprafata <\/span><\/p>\n<p class=\"tw-data-text tw-text-large tw-ta\" dir=\"ltr\" data-placeholder=\"Translation\"><span class=\"Y2IQFc\" lang=\"ro\">Grosime: 0,3 mm<\/span><\/p>\n<p class=\"tw-data-text tw-text-large tw-ta\" dir=\"ltr\" data-placeholder=\"Translation\"><span class=\"Y2IQFc\" lang=\"ro\">Material: sticla securizata <\/span><\/p>\n<p class=\"tw-data-text tw-text-large tw-ta\" dir=\"ltr\" data-placeholder=\"Translation\"><span class=\"Y2IQFc\" lang=\"ro\">Nivel de ultraprotec\u021bie: ridicat <\/span><\/p>\n<p class=\"tw-data-text tw-text-large tw-ta\" dir=\"ltr\" data-placeholder=\"Translation\"><span class=\"Y2IQFc\" lang=\"ro\">Aspect: Elemente de culoare compatibile cu modelul de telefon <\/span><\/p>\n<p class=\"tw-data-text tw-text-large tw-ta\" dir=\"ltr\" data-placeholder=\"Translation\"><span class=\"Y2IQFc\" lang=\"ro\">Setul include: <\/span><\/p>\n<p class=\"tw-data-text tw-text-large tw-ta\" dir=\"ltr\" data-placeholder=\"Translation\"><span class=\"Y2IQFc\" lang=\"ro\">&#8211; film <\/span><\/p>\n<p class=\"tw-data-text tw-text-large tw-ta\" dir=\"ltr\" data-placeholder=\"Translation\"><span class=\"Y2IQFc\" lang=\"ro\">&#8211; servetelul pentru \u00eendep\u0103rtarea prafului \u0219terge ecranul degresant<\/span><\/p>\n<p class=\"tw-data-text tw-text-large tw-ta\" dir=\"ltr\" data-placeholder=\"Translation\"><span class=\"Y2IQFc\" lang=\"ro\">&#8211; servetel de cur\u0103\u021bare pentru \u00eendep\u0103rtarea bulelor de aer <\/span><\/p>\n<p class=\"tw-data-text tw-text-large tw-ta\" dir=\"ltr\" data-placeholder=\"Translation\"><span class=\"Y2IQFc\" lang=\"ro\">&#8211; set de autocolante pentru a permite pozitionarea precisa a sticlei pe ecran<\/span><\/p>\n","protected":false},"excerpt":{"rendered":"<p>Sticla securizata Blue Star 5D Full Glue este o protectie perfecta a ecranului telefonului mobil de la marginea superioara pana in jos. Tehnologia 5D are ca rezultat acoperirea \u00eentregului ecran, inclusiv rotunjirea afi\u0219ajului. Se \u00eenvecineaz\u0103 foarte bine, a\u0219a c\u0103 nu exist\u0103 loc pentru murd\u0103rie \u0219i praf. Datorit\u0103 grosimii extrem de reduse de 0,3 mm, este complet nedetectabil \u0219i invizibil. Ultraviden\u021biaz\u0103 100% valoarea atingerii \u0219i libertatea de utilizare. Sticla protejeaza ecranul impotriva fisurilor, zgarieturilor si deteriorarii. Acoperirea oleofob\u0103 ofer\u0103 claritate ecranului \u0219i rezisten\u021b\u0103 la amprente \u0219i murd\u0103rie. Sticla a inclus elemente necesare pentru auto-asamblare cu autocolante speciale pentru a facilita amplasarea corect\u0103 a sticlei. Dup\u0103 aplicare, sticla ader\u0103 bine pe ecran, f\u0103r\u0103 a l\u0103sa bule de aer, iar formula non-adeziv\u0103 faciliteaz\u0103 imaginea sticlei f\u0103r\u0103 a l\u0103sa urme. Marginile sticlei sunt rotunjite \u2013 siguranta garantata. Ultraproprietati: Lipici: Pe toata suprafata Grosime: 0,3 mm Material: sticla securizata Nivel de ultraprotec\u021bie: ridicat Aspect: Elemente de culoare compatibile cu modelul de telefon Setul include: &#8211; film &#8211; servetelul pentru \u00eendep\u0103rtarea prafului \u0219terge ecranul degresant &#8211; servetel de cur\u0103\u021bare pentru \u00eendep\u0103rtarea bulelor de aer &#8211; set de autocolante pentru a permite pozitionarea precisa a sticlei pe ecran<\/p>\n","protected":false},"featured_media":7199,"comment_status":"open","ping_status":"open","template":"","meta":[],"product_brand":[],"product_cat":[386,247],"product_tag":[],"class_list":{"0":"post-12447","1":"product","2":"type-product","3":"status-publish","4":"has-post-thumbnail","6":"product_cat-5d-full-glue","7":"product_cat-sticle-protectie","9":"first","10":"instock","11":"shipping-taxable","12":"product-type-simple"},"_links":{"self":[{"href":"https:\/\/bafo.ro\/v22\/wp-json\/wp\/v2\/product\/12447","targetHints":{"allow":["GET"]}}],"collection":[{"href":"https:\/\/bafo.ro\/v22\/wp-json\/wp\/v2\/product"}],"about":[{"href":"https:\/\/bafo.ro\/v22\/wp-json\/wp\/v2\/types\/product"}],"replies":[{"embeddable":true,"href":"https:\/\/bafo.ro\/v22\/wp-json\/wp\/v2\/comments?post=12447"}],"version-history":[{"count":0,"href":"https:\/\/bafo.ro\/v22\/wp-json\/wp\/v2\/product\/12447\/revisions"}],"wp:featuredmedia":[{"embeddable":true,"href":"https:\/\/bafo.ro\/v22\/wp-json\/wp\/v2\/media\/7199"}],"wp:attachment":[{"href":"https:\/\/bafo.ro\/v22\/wp-json\/wp\/v2\/media?parent=12447"}],"wp:term":[{"taxonomy":"product_brand","embeddable":true,"href":"https:\/\/bafo.ro\/v22\/wp-json\/wp\/v2\/product_brand?post=12447"},{"taxonomy":"product_cat","embeddable":true,"href":"https:\/\/bafo.ro\/v22\/wp-json\/wp\/v2\/product_cat?post=12447"},{"taxonomy":"product_tag","embeddable":true,"href":"https:\/\/bafo.ro\/v22\/wp-json\/wp\/v2\/product_tag?post=12447"}],"curies":[{"name":"wp","href":"https:\/\/api.w.org\/{rel}","templated":true}]}}