{"id":12214,"date":"2022-05-05T08:28:57","date_gmt":"2022-05-05T08:28:57","guid":{"rendered":"https:\/\/bafo.ro\/v22\/product\/cablu-jack-jack-dudao-l12-3-5-1-5m-negru\/"},"modified":"2025-03-31T16:55:23","modified_gmt":"2025-03-31T16:55:23","slug":"cablu-jack-jack-dudao-l12-3-5-1-5m-negru","status":"publish","type":"product","link":"https:\/\/bafo.ro\/v22\/product\/cablu-jack-jack-dudao-l12-3-5-1-5m-negru\/","title":{"rendered":"CABLU JACK-JACK DUDAO L12 3.5-1.5M negru"},"content":{"rendered":"<p id=\"tw-target-text\" class=\"tw-data-text tw-text-large tw-ta\" dir=\"ltr\" data-placeholder=\"Translation\"><span class=\"Y2IQFc\" lang=\"ro\">Ave\u021bi muzic\u0103 grozav\u0103 pe telefon sau tablet\u0103 pe care dori\u021bi s\u0103 o reda\u021bi de la sistemul audio din ma\u0219in\u0103, dar nu o pute\u021bi \u00eenregistra pe un CD momentan, iar echipamentul dvs. audio nu are muf\u0103 USB pt. o unitate flash? Acum asta nu mai este o problem\u0103! Tot ce trebuie s\u0103 face\u021bi este s\u0103 ob\u021bine\u021bi cablul audio mini jack AUX cu arc \u0219i ve\u021bi putea asculta muzica preferat\u0103 de la echipamentul audio de acas\u0103 sau prin radioul din ma\u0219in\u0103! Func\u021bionarea lui este foarte simpl\u0103, conecta\u021bi unul dintre terminale la portul pentru c\u0103\u0219ti de pe telefon, iar cel\u0103lalt la mufa AUX de pe turn sau la radio. Si acum! Tot ce trebuie s\u0103 face\u021bi este s\u0103 ap\u0103sa\u021bi butonul \u201ePlay\u201d din programul muzical \u0219i \u00eel ve\u021bi auzi mai bine dec\u00e2t l-a\u021bi asculta din difuzorul \u00eencorporat \u00een smartphone-ul dvs. Produc\u0103torul acestui gadget, compania Dudao, l-a construit din materiale puternice \u0219i durabile. Cablul \u00een sine este acoperit cu un strat izolator din cauciuc rezistent la deteriorare. Acest dispozitiv simplu va fi util oricui \u00eei place s\u0103 asculte muzic\u0103! Cablu audio mini jack AUX de \u00eenalt\u0103 calitate, extensibil, cu arc de la Dudao. Este folosit pentru a conecta un telefon, o tablet\u0103 sau un computer la, de ex. un radio turn sau auto cu portul AUX. Carcasa este realizata din aluminiu rezistent, cablul este acoperit cu un strat izolator rezistent din cauciuc Lungime cablu: ~ 150 cm (\u00eentins) Tip conector: 2 x mini jack (masculin)<\/span><\/p>\n","protected":false},"excerpt":{"rendered":"<p>Ave\u021bi muzic\u0103 grozav\u0103 pe telefon sau tablet\u0103 pe care dori\u021bi s\u0103 o reda\u021bi de la sistemul audio din ma\u0219in\u0103, dar nu o pute\u021bi \u00eenregistra pe un CD momentan, iar echipamentul dvs. audio nu are muf\u0103 USB pt. o unitate flash? Acum asta nu mai este o problem\u0103! Tot ce trebuie s\u0103 face\u021bi este s\u0103 ob\u021bine\u021bi cablul audio mini jack AUX cu arc \u0219i ve\u021bi putea asculta muzica preferat\u0103 de la echipamentul audio de acas\u0103 sau prin radioul din ma\u0219in\u0103! Func\u021bionarea lui este foarte simpl\u0103, conecta\u021bi unul dintre terminale la portul pentru c\u0103\u0219ti de pe telefon, iar cel\u0103lalt la mufa AUX de pe turn sau la radio. Si acum! Tot ce trebuie s\u0103 face\u021bi este s\u0103 ap\u0103sa\u021bi butonul \u201ePlay\u201d din programul muzical \u0219i \u00eel ve\u021bi auzi mai bine dec\u00e2t l-a\u021bi asculta din difuzorul \u00eencorporat \u00een smartphone-ul dvs. Produc\u0103torul acestui gadget, compania Dudao, l-a construit din materiale puternice \u0219i durabile. Cablul \u00een sine este acoperit cu un strat izolator din cauciuc rezistent la deteriorare. Acest dispozitiv simplu va fi util oricui \u00eei place s\u0103 asculte muzic\u0103! Cablu audio mini jack AUX de \u00eenalt\u0103 calitate, extensibil, cu arc de la Dudao. Este folosit pentru a conecta un telefon, o tablet\u0103 sau un computer la, de ex. un radio turn sau auto cu portul AUX. Carcasa este realizata din aluminiu rezistent, cablul este acoperit cu un strat izolator rezistent din cauciuc Lungime cablu: ~ 150 cm (\u00eentins) Tip conector: 2 x mini jack (masculin)<\/p>\n","protected":false},"featured_media":12215,"comment_status":"open","ping_status":"open","template":"","meta":[],"product_brand":[],"product_cat":[90,475],"product_tag":[],"class_list":{"0":"post-12214","1":"product","2":"type-product","3":"status-publish","4":"has-post-thumbnail","6":"product_cat-accesorii-auto","7":"product_cat-cablu-jack","9":"first","10":"outofstock","11":"shipping-taxable","12":"product-type-simple"},"_links":{"self":[{"href":"https:\/\/bafo.ro\/v22\/wp-json\/wp\/v2\/product\/12214","targetHints":{"allow":["GET"]}}],"collection":[{"href":"https:\/\/bafo.ro\/v22\/wp-json\/wp\/v2\/product"}],"about":[{"href":"https:\/\/bafo.ro\/v22\/wp-json\/wp\/v2\/types\/product"}],"replies":[{"embeddable":true,"href":"https:\/\/bafo.ro\/v22\/wp-json\/wp\/v2\/comments?post=12214"}],"version-history":[{"count":0,"href":"https:\/\/bafo.ro\/v22\/wp-json\/wp\/v2\/product\/12214\/revisions"}],"wp:featuredmedia":[{"embeddable":true,"href":"https:\/\/bafo.ro\/v22\/wp-json\/wp\/v2\/media\/12215"}],"wp:attachment":[{"href":"https:\/\/bafo.ro\/v22\/wp-json\/wp\/v2\/media?parent=12214"}],"wp:term":[{"taxonomy":"product_brand","embeddable":true,"href":"https:\/\/bafo.ro\/v22\/wp-json\/wp\/v2\/product_brand?post=12214"},{"taxonomy":"product_cat","embeddable":true,"href":"https:\/\/bafo.ro\/v22\/wp-json\/wp\/v2\/product_cat?post=12214"},{"taxonomy":"product_tag","embeddable":true,"href":"https:\/\/bafo.ro\/v22\/wp-json\/wp\/v2\/product_tag?post=12214"}],"curies":[{"name":"wp","href":"https:\/\/api.w.org\/{rel}","templated":true}]}}