{"id":12190,"date":"2022-05-05T07:25:55","date_gmt":"2022-05-05T07:25:55","guid":{"rendered":"https:\/\/bafo.ro\/v22\/product\/cablu-date-baseus-iphone-calklf-bg1-cafule-2-4a-1m-negru-gri\/"},"modified":"2025-03-31T16:55:13","modified_gmt":"2025-03-31T16:55:13","slug":"cablu-date-baseus-iphone-calklf-bg1-cafule-2-4a-1m-negru-gri","status":"publish","type":"product","link":"https:\/\/bafo.ro\/v22\/product\/cablu-date-baseus-iphone-calklf-bg1-cafule-2-4a-1m-negru-gri\/","title":{"rendered":"CABLU DATE BASEUS IPHONE CALKLF-BG1 Cafule 2.4A, 1m negru-gri"},"content":{"rendered":"<p id=\"tw-target-text\" class=\"tw-data-text tw-text-large tw-ta\" dir=\"ltr\" data-placeholder=\"Translation\"><span class=\"Y2IQFc\" lang=\"ro\">Cablu USB \/ USB-C durabil cu \u00eempletitur\u0103 de nailon. \u00cenc\u0103rcare rapid\u0103 \u0219i sigur\u0103 \u2013 curentul de 3A \u0219i firul de cupru pur asigur\u0103 o \u00eenc\u0103rcare mai rapid\u0103 \u0219i mai sigur\u0103. \u00cembinare \u00eent\u0103rit\u0103 &#8211; Cu accesoriul suplimentar de \u00eent\u0103rire a \u00eembin\u0103rii, a primit un design cu adev\u0103rat anti-rupere. \u00cenc\u0103rcare \u0219i transfer de date simultan \u2013 Pute\u021bi \u00eenc\u0103rca \u0219i transfera date de pe telefon pe computer \u00een acela\u0219i timp. Carcas\u0103 de dop din aluminiu \u2013 Carcas\u0103 din aliaj de aluminiu de \u00eenalt\u0103 calitate, rezistent\u0103 at\u00e2t la oxidare, c\u00e2t \u0219i la coroziune. Impletitur\u0103 din nailon \u2013 Snurul elastic a fost \u00eempletit cu nailon puternic \u0219i durabil. Elasticitate ridicat\u0103, rezisten\u021b\u0103 la \u00eendoire \u0219i senza\u021bie pl\u0103cut\u0103 la atingere. Velcro convenabil \u2013 Datorit\u0103 velcroului simplu \u0219i practic, pute\u021bi spune la revedere cablurilor dezordonate. Facilita\u021bi depozitarea \u0219i evita\u021bi \u00eennodarea. Specifica\u021bie: Marca: Baseus Nume: Cafele Cable Mufe: USB \/ USB-C Material: Aluminiu + nailon + TPE Curent: 3A Lungime: 1M Func\u021bii: \u00cenc\u0103rcare \/ transfer de date Compatibilitate: Dispozitive cu port USB-C<\/span><\/p>\n","protected":false},"excerpt":{"rendered":"<p>Cablu USB \/ USB-C durabil cu \u00eempletitur\u0103 de nailon. \u00cenc\u0103rcare rapid\u0103 \u0219i sigur\u0103 \u2013 curentul de 3A \u0219i firul de cupru pur asigur\u0103 o \u00eenc\u0103rcare mai rapid\u0103 \u0219i mai sigur\u0103. \u00cembinare \u00eent\u0103rit\u0103 &#8211; Cu accesoriul suplimentar de \u00eent\u0103rire a \u00eembin\u0103rii, a primit un design cu adev\u0103rat anti-rupere. \u00cenc\u0103rcare \u0219i transfer de date simultan \u2013 Pute\u021bi \u00eenc\u0103rca \u0219i transfera date de pe telefon pe computer \u00een acela\u0219i timp. Carcas\u0103 de dop din aluminiu \u2013 Carcas\u0103 din aliaj de aluminiu de \u00eenalt\u0103 calitate, rezistent\u0103 at\u00e2t la oxidare, c\u00e2t \u0219i la coroziune. Impletitur\u0103 din nailon \u2013 Snurul elastic a fost \u00eempletit cu nailon puternic \u0219i durabil. Elasticitate ridicat\u0103, rezisten\u021b\u0103 la \u00eendoire \u0219i senza\u021bie pl\u0103cut\u0103 la atingere. Velcro convenabil \u2013 Datorit\u0103 velcroului simplu \u0219i practic, pute\u021bi spune la revedere cablurilor dezordonate. Facilita\u021bi depozitarea \u0219i evita\u021bi \u00eennodarea. Specifica\u021bie: Marca: Baseus Nume: Cafele Cable Mufe: USB \/ USB-C Material: Aluminiu + nailon + TPE Curent: 3A Lungime: 1M Func\u021bii: \u00cenc\u0103rcare \/ transfer de date Compatibilitate: Dispozitive cu port USB-C<\/p>\n","protected":false},"featured_media":12191,"comment_status":"open","ping_status":"open","template":"","meta":[],"product_brand":[],"product_cat":[235,234],"product_tag":[],"class_list":{"0":"post-12190","1":"product","2":"type-product","3":"status-publish","4":"has-post-thumbnail","6":"product_cat-cablu-date-iphone","7":"product_cat-cabluri-de-date","9":"first","10":"outofstock","11":"shipping-taxable","12":"product-type-simple"},"_links":{"self":[{"href":"https:\/\/bafo.ro\/v22\/wp-json\/wp\/v2\/product\/12190","targetHints":{"allow":["GET"]}}],"collection":[{"href":"https:\/\/bafo.ro\/v22\/wp-json\/wp\/v2\/product"}],"about":[{"href":"https:\/\/bafo.ro\/v22\/wp-json\/wp\/v2\/types\/product"}],"replies":[{"embeddable":true,"href":"https:\/\/bafo.ro\/v22\/wp-json\/wp\/v2\/comments?post=12190"}],"version-history":[{"count":0,"href":"https:\/\/bafo.ro\/v22\/wp-json\/wp\/v2\/product\/12190\/revisions"}],"wp:featuredmedia":[{"embeddable":true,"href":"https:\/\/bafo.ro\/v22\/wp-json\/wp\/v2\/media\/12191"}],"wp:attachment":[{"href":"https:\/\/bafo.ro\/v22\/wp-json\/wp\/v2\/media?parent=12190"}],"wp:term":[{"taxonomy":"product_brand","embeddable":true,"href":"https:\/\/bafo.ro\/v22\/wp-json\/wp\/v2\/product_brand?post=12190"},{"taxonomy":"product_cat","embeddable":true,"href":"https:\/\/bafo.ro\/v22\/wp-json\/wp\/v2\/product_cat?post=12190"},{"taxonomy":"product_tag","embeddable":true,"href":"https:\/\/bafo.ro\/v22\/wp-json\/wp\/v2\/product_tag?post=12190"}],"curies":[{"name":"wp","href":"https:\/\/api.w.org\/{rel}","templated":true}]}}