{"id":12066,"date":"2022-04-15T10:15:37","date_gmt":"2022-04-15T10:15:37","guid":{"rendered":"https:\/\/bafo.ro\/v22\/product\/casca-bluetooth-borofone-bc37-imperor-black\/"},"modified":"2025-03-31T16:54:41","modified_gmt":"2025-03-31T16:54:41","slug":"casca-bluetooth-borofone-bc37-imperor-black","status":"publish","type":"product","link":"https:\/\/bafo.ro\/v22\/product\/casca-bluetooth-borofone-bc37-imperor-black\/","title":{"rendered":"CASCA BLUETOOTH BOROFONE BC37 Imperor negru"},"content":{"rendered":"<p id=\"tw-target-text\" class=\"tw-data-text tw-text-large tw-ta\" dir=\"ltr\" data-placeholder=\"Translation\"><span class=\"Y2IQFc\" lang=\"ro\">C\u0103\u0219ti Bluetooth f\u0103r\u0103 fir BOROFONE BC37 Imperor Business Negru 1. Bluetooth 5.1, cip: Jerry AC6976D 2. Capacitate baterie: 150mAh, \u00eenc\u0103rcare timp de aproximativ 1 or\u0103 3. Timp de convorbire\/muzic\u0103: 20 de ore 4. Timp de a\u0219teptare: 200 de ore 5. Dimensiune: L110*W45*H28mm 6. Super durat\u0103 de via\u021b\u0103 a bateriei, at\u00e2t urechile st\u00e2ngi c\u00e2t \u0219i cele drepte pot fi purtate 7. Accepta\u021bi tonul prompt chinez\u0103 \u0219i englez\u0103, face\u021bi dublu clic pe butonul multifunc\u021bional \u00een stare ne\u00eemperecheat\u0103<\/span><\/p>\n","protected":false},"excerpt":{"rendered":"<p>C\u0103\u0219ti Bluetooth f\u0103r\u0103 fir BOROFONE BC37 Imperor Business Negru 1. Bluetooth 5.1, cip: Jerry AC6976D 2. Capacitate baterie: 150mAh, \u00eenc\u0103rcare timp de aproximativ 1 or\u0103 3. Timp de convorbire\/muzic\u0103: 20 de ore 4. Timp de a\u0219teptare: 200 de ore 5. Dimensiune: L110*W45*H28mm 6. Super durat\u0103 de via\u021b\u0103 a bateriei, at\u00e2t urechile st\u00e2ngi c\u00e2t \u0219i cele drepte pot fi purtate 7. Accepta\u021bi tonul prompt chinez\u0103 \u0219i englez\u0103, face\u021bi dublu clic pe butonul multifunc\u021bional \u00een stare ne\u00eemperecheat\u0103<\/p>\n","protected":false},"featured_media":12067,"comment_status":"open","ping_status":"open","template":"","meta":[],"product_brand":[104],"product_cat":[230,233],"product_tag":[515,516,517],"class_list":{"0":"post-12066","1":"product","2":"type-product","3":"status-publish","4":"has-post-thumbnail","6":"product_brand-borofone","7":"product_cat-casca-audio","8":"product_cat-casca-bluetooth","9":"product_tag-casca-bluetooth","10":"product_tag-casti","11":"product_tag-casti-bluetooth","13":"first","14":"outofstock","15":"shipping-taxable","16":"product-type-simple"},"_links":{"self":[{"href":"https:\/\/bafo.ro\/v22\/wp-json\/wp\/v2\/product\/12066","targetHints":{"allow":["GET"]}}],"collection":[{"href":"https:\/\/bafo.ro\/v22\/wp-json\/wp\/v2\/product"}],"about":[{"href":"https:\/\/bafo.ro\/v22\/wp-json\/wp\/v2\/types\/product"}],"replies":[{"embeddable":true,"href":"https:\/\/bafo.ro\/v22\/wp-json\/wp\/v2\/comments?post=12066"}],"version-history":[{"count":0,"href":"https:\/\/bafo.ro\/v22\/wp-json\/wp\/v2\/product\/12066\/revisions"}],"wp:featuredmedia":[{"embeddable":true,"href":"https:\/\/bafo.ro\/v22\/wp-json\/wp\/v2\/media\/12067"}],"wp:attachment":[{"href":"https:\/\/bafo.ro\/v22\/wp-json\/wp\/v2\/media?parent=12066"}],"wp:term":[{"taxonomy":"product_brand","embeddable":true,"href":"https:\/\/bafo.ro\/v22\/wp-json\/wp\/v2\/product_brand?post=12066"},{"taxonomy":"product_cat","embeddable":true,"href":"https:\/\/bafo.ro\/v22\/wp-json\/wp\/v2\/product_cat?post=12066"},{"taxonomy":"product_tag","embeddable":true,"href":"https:\/\/bafo.ro\/v22\/wp-json\/wp\/v2\/product_tag?post=12066"}],"curies":[{"name":"wp","href":"https:\/\/api.w.org\/{rel}","templated":true}]}}