{"id":11641,"date":"2022-02-15T10:07:30","date_gmt":"2022-02-15T10:07:30","guid":{"rendered":"https:\/\/bafo.ro\/v22\/product\/suport-auto-vennus-vch01-air-vent-mount-negru\/"},"modified":"2025-03-31T16:53:11","modified_gmt":"2025-03-31T16:53:11","slug":"suport-auto-vennus-vch01-air-vent-mount-negru","status":"publish","type":"product","link":"https:\/\/bafo.ro\/v22\/product\/suport-auto-vennus-vch01-air-vent-mount-negru\/","title":{"rendered":"SUPORT AUTO VENNUS VCH01 air vent mount negru"},"content":{"rendered":"<p id=\"tw-target-text\" class=\"tw-data-text tw-text-large tw-ta\" dir=\"ltr\" data-placeholder=\"Translation\"><span class=\"Y2IQFc\" lang=\"ro\"><strong><em>Descriere produs<\/em><\/strong> <\/span><\/p>\n<p class=\"tw-data-text tw-text-large tw-ta\" dir=\"ltr\" data-placeholder=\"Translation\"><span class=\"Y2IQFc\" lang=\"ro\">Seria profesional\u0103 de suporturi auto este conceput\u0103 pentru toate tipurile de dispozitive mobile (smartphone, naviga\u021bie, video recorder etc.). Produsul nostru este realizat din materiale de cea mai \u00eenalt\u0103 calitate, ceea ce l-a f\u0103cut rezistent la \u0219ocuri \u0219i deterior\u0103ri \u00een timpul conducerii. Bra\u021bul de prindere poate fi modelat liber \u0219i setat \u00een orice unghi. Acest lucru v\u0103 permite s\u0103-i regla\u021bi loca\u021bia \u00een cel mai convenabil loc, u\u0219or accesibil. M\u00e2nerele profesionale au o ventuz\u0103 de parbriz foarte puternic\u0103 care a fost testat\u0103 \u00een condi\u021bii extreme. Modul \u00een care este realizat permite asamblarea \u0219i dezasamblarea foarte rapid\u0103. Folosind m\u00e2nerele, ave\u021bi grij\u0103 de siguran\u021ba dumneavoastr\u0103 \u0219i de siguran\u021ba pasagerilor din vehicul. M\u00e2nerele sunt ambalate \u00eentr-o cutie decorativ\u0103 de carton, perfect\u0103 pentru un cadou.<\/span><\/p>\n","protected":false},"excerpt":{"rendered":"<p>Descriere produs Seria profesional\u0103 de suporturi auto este conceput\u0103 pentru toate tipurile de dispozitive mobile (smartphone, naviga\u021bie, video recorder etc.). Produsul nostru este realizat din materiale de cea mai \u00eenalt\u0103 calitate, ceea ce l-a f\u0103cut rezistent la \u0219ocuri \u0219i deterior\u0103ri \u00een timpul conducerii. Bra\u021bul de prindere poate fi modelat liber \u0219i setat \u00een orice unghi. Acest lucru v\u0103 permite s\u0103-i regla\u021bi loca\u021bia \u00een cel mai convenabil loc, u\u0219or accesibil. M\u00e2nerele profesionale au o ventuz\u0103 de parbriz foarte puternic\u0103 care a fost testat\u0103 \u00een condi\u021bii extreme. Modul \u00een care este realizat permite asamblarea \u0219i dezasamblarea foarte rapid\u0103. Folosind m\u00e2nerele, ave\u021bi grij\u0103 de siguran\u021ba dumneavoastr\u0103 \u0219i de siguran\u021ba pasagerilor din vehicul. M\u00e2nerele sunt ambalate \u00eentr-o cutie decorativ\u0103 de carton, perfect\u0103 pentru un cadou.<\/p>\n","protected":false},"featured_media":11642,"comment_status":"open","ping_status":"open","template":"","meta":[],"product_brand":[302],"product_cat":[90,91],"product_tag":[],"class_list":{"0":"post-11641","1":"product","2":"type-product","3":"status-publish","4":"has-post-thumbnail","6":"product_brand-vennus","7":"product_cat-accesorii-auto","8":"product_cat-suport-auto","10":"first","11":"outofstock","12":"shipping-taxable","13":"product-type-simple"},"_links":{"self":[{"href":"https:\/\/bafo.ro\/v22\/wp-json\/wp\/v2\/product\/11641","targetHints":{"allow":["GET"]}}],"collection":[{"href":"https:\/\/bafo.ro\/v22\/wp-json\/wp\/v2\/product"}],"about":[{"href":"https:\/\/bafo.ro\/v22\/wp-json\/wp\/v2\/types\/product"}],"replies":[{"embeddable":true,"href":"https:\/\/bafo.ro\/v22\/wp-json\/wp\/v2\/comments?post=11641"}],"version-history":[{"count":0,"href":"https:\/\/bafo.ro\/v22\/wp-json\/wp\/v2\/product\/11641\/revisions"}],"wp:featuredmedia":[{"embeddable":true,"href":"https:\/\/bafo.ro\/v22\/wp-json\/wp\/v2\/media\/11642"}],"wp:attachment":[{"href":"https:\/\/bafo.ro\/v22\/wp-json\/wp\/v2\/media?parent=11641"}],"wp:term":[{"taxonomy":"product_brand","embeddable":true,"href":"https:\/\/bafo.ro\/v22\/wp-json\/wp\/v2\/product_brand?post=11641"},{"taxonomy":"product_cat","embeddable":true,"href":"https:\/\/bafo.ro\/v22\/wp-json\/wp\/v2\/product_cat?post=11641"},{"taxonomy":"product_tag","embeddable":true,"href":"https:\/\/bafo.ro\/v22\/wp-json\/wp\/v2\/product_tag?post=11641"}],"curies":[{"name":"wp","href":"https:\/\/api.w.org\/{rel}","templated":true}]}}