{"id":11024,"date":"2021-12-14T14:28:55","date_gmt":"2021-12-14T14:28:55","guid":{"rendered":"https:\/\/bafo.ro\/v22\/product\/sticla-protectie-blue-star-samsung-galaxy-a03s\/"},"modified":"2025-03-31T16:50:56","modified_gmt":"2025-03-31T16:50:56","slug":"sticla-protectie-blue-star-samsung-galaxy-a03s","status":"publish","type":"product","link":"https:\/\/bafo.ro\/v22\/product\/sticla-protectie-blue-star-samsung-galaxy-a03s\/","title":{"rendered":"STICLA PROTECTIE BLUE STAR SAMSUNG GALAXY A03s"},"content":{"rendered":"<p id=\"tw-target-text\" class=\"tw-data-text tw-text-large tw-ta\" dir=\"ltr\" data-placeholder=\"Translation\" data-ved=\"2ahUKEwjJ0fqLws2EAxWkSPEDHWy3DeQQ3ewLegQIBRAU\"><span class=\"Y2IQFc\" lang=\"ro\">Sticla securizat\u0103 Blue Star\u00a0 prelunge\u0219te durata de via\u021b\u0103 a ecranului dispozitivului dvs. Datorit\u0103 grosimii extrem de reduse de 0,3 mm, este practic imperceptibil \u0219i invizibil \u0219i asigur\u0103 100% valoare tactil\u0103 \u0219i libertate de utilizare. Sticla protejeaza perfect ecranul dispozitivului impotriva fisurilor, zgarieturilor si deteriorarii. Acoperirea oleofob\u0103 asigur\u0103 transparen\u021ba ecranului \u0219i rezisten\u021ba la amprente \u0219i murd\u0103rie. Sticla include elemente necesare auto-asamblarii, alaturi de autocolante speciale pentru a facilita pozitionarea corecta a sticlei. Dupa aplicare, datorita intregii suprafete de lipire, sticla adera perfect de ecran fara a lasa bule de aer, iar formula fara lipici usureaza indepartarea sticlei fara a lasa urme. Marginile sticlei sunt rotunjite, ceea ce garanteaza o utilizare sigura. <\/span><\/p>\n<p class=\"tw-data-text tw-text-large tw-ta\" dir=\"ltr\" data-placeholder=\"Translation\" data-ved=\"2ahUKEwjJ0fqLws2EAxWkSPEDHWy3DeQQ3ewLegQIBRAU\"><span class=\"Y2IQFc\" lang=\"ro\"><em>Propriet\u0103\u021bi:<\/em> <\/span><\/p>\n<p class=\"tw-data-text tw-text-large tw-ta\" dir=\"ltr\" data-placeholder=\"Translation\" data-ved=\"2ahUKEwjJ0fqLws2EAxWkSPEDHWy3DeQQ3ewLegQIBRAU\"><span class=\"Y2IQFc\" lang=\"ro\">Adeziv: Pe toata suprafata Grosime: 0,3 mm <\/span><\/p>\n<p class=\"tw-data-text tw-text-large tw-ta\" dir=\"ltr\" data-placeholder=\"Translation\" data-ved=\"2ahUKEwjJ0fqLws2EAxWkSPEDHWy3DeQQ3ewLegQIBRAU\"><span class=\"Y2IQFc\" lang=\"ro\">Material: sticla <\/span><\/p>\n<p class=\"tw-data-text tw-text-large tw-ta\" dir=\"ltr\" data-placeholder=\"Translation\" data-ved=\"2ahUKEwjJ0fqLws2EAxWkSPEDHWy3DeQQ3ewLegQIBRAU\"><span class=\"Y2IQFc\" lang=\"ro\">Nivel de protec\u021bie: Foarte ridicat <\/span><\/p>\n<p class=\"tw-data-text tw-text-large tw-ta\" dir=\"ltr\" data-placeholder=\"Translation\" data-ved=\"2ahUKEwjJ0fqLws2EAxWkSPEDHWy3DeQQ3ewLegQIBRAU\"><span class=\"Y2IQFc\" lang=\"ro\">Aspect: elemente de culoare compatibile cu modelul de telefon <\/span><\/p>\n<p class=\"tw-data-text tw-text-large tw-ta\" dir=\"ltr\" data-placeholder=\"Translation\" data-ved=\"2ahUKEwjJ0fqLws2EAxWkSPEDHWy3DeQQ3ewLegQIBRAU\"><span class=\"Y2IQFc\" lang=\"ro\">Setul include: &#8211; folie de sticla &#8211; carpa pentru degresare ecran &#8211; c\u00e2rp\u0103 pentru \u00eendep\u0103rtarea prafului &#8211; set de autocolante care permit plasarea precisa a sticlei pe ecran<\/span><\/p>\n","protected":false},"excerpt":{"rendered":"<p>Sticla securizat\u0103 Blue Star\u00a0 prelunge\u0219te durata de via\u021b\u0103 a ecranului dispozitivului dvs. Datorit\u0103 grosimii extrem de reduse de 0,3 mm, este practic imperceptibil \u0219i invizibil \u0219i asigur\u0103 100% valoare tactil\u0103 \u0219i libertate de utilizare. Sticla protejeaza perfect ecranul dispozitivului impotriva fisurilor, zgarieturilor si deteriorarii. Acoperirea oleofob\u0103 asigur\u0103 transparen\u021ba ecranului \u0219i rezisten\u021ba la amprente \u0219i murd\u0103rie. Sticla include elemente necesare auto-asamblarii, alaturi de autocolante speciale pentru a facilita pozitionarea corecta a sticlei. Dupa aplicare, datorita intregii suprafete de lipire, sticla adera perfect de ecran fara a lasa bule de aer, iar formula fara lipici usureaza indepartarea sticlei fara a lasa urme. Marginile sticlei sunt rotunjite, ceea ce garanteaza o utilizare sigura. Propriet\u0103\u021bi: Adeziv: Pe toata suprafata Grosime: 0,3 mm Material: sticla Nivel de protec\u021bie: Foarte ridicat Aspect: elemente de culoare compatibile cu modelul de telefon Setul include: &#8211; folie de sticla &#8211; carpa pentru degresare ecran &#8211; c\u00e2rp\u0103 pentru \u00eendep\u0103rtarea prafului &#8211; set de autocolante care permit plasarea precisa a sticlei pe ecran<\/p>\n","protected":false},"featured_media":6245,"comment_status":"closed","ping_status":"open","template":"","meta":[],"product_brand":[],"product_cat":[268,247],"product_tag":[],"class_list":{"0":"post-11024","1":"product","2":"type-product","3":"status-publish","4":"has-post-thumbnail","6":"product_cat-blue-star","7":"product_cat-sticle-protectie","9":"first","10":"outofstock","11":"shipping-taxable","12":"product-type-simple"},"_links":{"self":[{"href":"https:\/\/bafo.ro\/v22\/wp-json\/wp\/v2\/product\/11024","targetHints":{"allow":["GET"]}}],"collection":[{"href":"https:\/\/bafo.ro\/v22\/wp-json\/wp\/v2\/product"}],"about":[{"href":"https:\/\/bafo.ro\/v22\/wp-json\/wp\/v2\/types\/product"}],"replies":[{"embeddable":true,"href":"https:\/\/bafo.ro\/v22\/wp-json\/wp\/v2\/comments?post=11024"}],"version-history":[{"count":1,"href":"https:\/\/bafo.ro\/v22\/wp-json\/wp\/v2\/product\/11024\/revisions"}],"predecessor-version":[{"id":11025,"href":"https:\/\/bafo.ro\/v22\/wp-json\/wp\/v2\/product\/11024\/revisions\/11025"}],"wp:featuredmedia":[{"embeddable":true,"href":"https:\/\/bafo.ro\/v22\/wp-json\/wp\/v2\/media\/6245"}],"wp:attachment":[{"href":"https:\/\/bafo.ro\/v22\/wp-json\/wp\/v2\/media?parent=11024"}],"wp:term":[{"taxonomy":"product_brand","embeddable":true,"href":"https:\/\/bafo.ro\/v22\/wp-json\/wp\/v2\/product_brand?post=11024"},{"taxonomy":"product_cat","embeddable":true,"href":"https:\/\/bafo.ro\/v22\/wp-json\/wp\/v2\/product_cat?post=11024"},{"taxonomy":"product_tag","embeddable":true,"href":"https:\/\/bafo.ro\/v22\/wp-json\/wp\/v2\/product_tag?post=11024"}],"curies":[{"name":"wp","href":"https:\/\/api.w.org\/{rel}","templated":true}]}}