{"id":11010,"date":"2021-12-13T12:34:29","date_gmt":"2021-12-13T12:34:29","guid":{"rendered":"https:\/\/bafo.ro\/v22\/product\/suport-auto-joyroom-jr-zs198-negru\/"},"modified":"2025-03-31T16:50:54","modified_gmt":"2025-03-31T16:50:54","slug":"suport-auto-joyroom-jr-zs198-negru","status":"publish","type":"product","link":"https:\/\/bafo.ro\/v22\/product\/suport-auto-joyroom-jr-zs198-negru\/","title":{"rendered":"SUPORT AUTO ventilatie 360 JOYROOM JR ZS198 negru"},"content":{"rendered":"<p id=\"tw-target-text\" class=\"tw-data-text tw-text-large tw-ta\" dir=\"ltr\" data-placeholder=\"Translation\"><span class=\"Y2IQFc\" lang=\"ro\"><em>Suport pe tabloul de bord al ma\u0219inii din seria Joyroom Guangying, negru (JR-ZS198)<\/em><\/span><\/p>\n<p class=\"tw-data-text tw-text-large tw-ta\" dir=\"ltr\" data-placeholder=\"Translation\"><span class=\"Y2IQFc\" lang=\"ro\"> Un suport gravita\u021bional pentru ma\u0219in\u0103 pentru a fi montat pe tabloul de bord al ma\u0219inii. Gadgetul este extrem de u\u0219or de folosit, doar pune\u021bi telefonul pe el \u0219i bratele se vor \u00eenchide automat.Structura asigur\u0103 stabilitate \u00een timpul mersului, posibilit\u0103\u021bi mari de reglare (inclusiv rota\u021bie la 360 de grade) \u0219i pl\u0103cu\u021be de cauciuc, datorit\u0103 c\u0103rora nu vom zg\u00e2ria nicio pies\u0103 a ma\u0219inii. Pentru aceasta, o decupare special\u0103 care v\u0103 permite s\u0103 conecta\u021bi \u00eenc\u0103rc\u0103torul. Automatism complet; Nu necesit\u0103 ajustarea greoaie a accesoriului la dimensiunea telefonului. Doar pune\u021bi dispozitivul pe el \u0219i bratele se vor \u00eenchide automat. Rotire universal\u0103, se potrive\u0219te \u00een orice unghi ; Butonul rotund permite rotirea liber\u0103 la un unghi de 360 \u200b\u200b\u00b0 pentru o vedere optim\u0103. F\u0103r\u0103 zg\u00e2rieturi, f\u0103r\u0103 probleme cu vizibilitatea; Suportul este ata\u0219at de plan\u0219a de bord, datorit\u0103 c\u0103ruia nu restric\u021bioneaz\u0103 \u00een niciun fel vizibilitatea. \u00cen plus, are capace de cauciuc pe brate pentru o instalare solid\u0103 f\u0103r\u0103 a zg\u00e2ria fluxul de aer. \u00cenc\u0103rcare f\u0103r\u0103 probleme din mers; Datorit\u0103 unor decupaje speciale, pute\u021bi conecta cu u\u0219urin\u021b\u0103 cablul de \u00eenc\u0103rcare la telefon \u0219i pute\u021bi \u00eenc\u0103rca echipamentul chiar \u0219i \u00een timpul conducerii. Nu este nevoie s\u0103 renun\u021ba\u021bi la utilizarea dispozitivului. Stabilitate \u0219i securitate; Designul accesoriului garanteaza stabilitatea si siguranta telefonului chiar si pe cele mai denivelate drumuri.<\/span><\/p>\n","protected":false},"excerpt":{"rendered":"<p>Suport pe tabloul de bord al ma\u0219inii din seria Joyroom Guangying, negru (JR-ZS198) Un suport gravita\u021bional pentru ma\u0219in\u0103 pentru a fi montat pe tabloul de bord al ma\u0219inii. Gadgetul este extrem de u\u0219or de folosit, doar pune\u021bi telefonul pe el \u0219i bratele se vor \u00eenchide automat.Structura asigur\u0103 stabilitate \u00een timpul mersului, posibilit\u0103\u021bi mari de reglare (inclusiv rota\u021bie la 360 de grade) \u0219i pl\u0103cu\u021be de cauciuc, datorit\u0103 c\u0103rora nu vom zg\u00e2ria nicio pies\u0103 a ma\u0219inii. Pentru aceasta, o decupare special\u0103 care v\u0103 permite s\u0103 conecta\u021bi \u00eenc\u0103rc\u0103torul. Automatism complet; Nu necesit\u0103 ajustarea greoaie a accesoriului la dimensiunea telefonului. Doar pune\u021bi dispozitivul pe el \u0219i bratele se vor \u00eenchide automat. Rotire universal\u0103, se potrive\u0219te \u00een orice unghi ; Butonul rotund permite rotirea liber\u0103 la un unghi de 360 \u200b\u200b\u00b0 pentru o vedere optim\u0103. F\u0103r\u0103 zg\u00e2rieturi, f\u0103r\u0103 probleme cu vizibilitatea; Suportul este ata\u0219at de plan\u0219a de bord, datorit\u0103 c\u0103ruia nu restric\u021bioneaz\u0103 \u00een niciun fel vizibilitatea. \u00cen plus, are capace de cauciuc pe brate pentru o instalare solid\u0103 f\u0103r\u0103 a zg\u00e2ria fluxul de aer. \u00cenc\u0103rcare f\u0103r\u0103 probleme din mers; Datorit\u0103 unor decupaje speciale, pute\u021bi conecta cu u\u0219urin\u021b\u0103 cablul de \u00eenc\u0103rcare la telefon \u0219i pute\u021bi \u00eenc\u0103rca echipamentul chiar \u0219i \u00een timpul conducerii. Nu este nevoie s\u0103 renun\u021ba\u021bi la utilizarea dispozitivului. Stabilitate \u0219i securitate; Designul accesoriului garanteaza stabilitatea si siguranta telefonului chiar si pe cele mai denivelate drumuri.<\/p>\n","protected":false},"featured_media":11012,"comment_status":"closed","ping_status":"open","template":"","meta":[],"product_brand":[497],"product_cat":[90,91],"product_tag":[],"class_list":{"0":"post-11010","1":"product","2":"type-product","3":"status-publish","4":"has-post-thumbnail","6":"product_brand-joyroom","7":"product_cat-accesorii-auto","8":"product_cat-suport-auto","10":"first","11":"instock","12":"shipping-taxable","13":"product-type-simple"},"_links":{"self":[{"href":"https:\/\/bafo.ro\/v22\/wp-json\/wp\/v2\/product\/11010","targetHints":{"allow":["GET"]}}],"collection":[{"href":"https:\/\/bafo.ro\/v22\/wp-json\/wp\/v2\/product"}],"about":[{"href":"https:\/\/bafo.ro\/v22\/wp-json\/wp\/v2\/types\/product"}],"replies":[{"embeddable":true,"href":"https:\/\/bafo.ro\/v22\/wp-json\/wp\/v2\/comments?post=11010"}],"version-history":[{"count":1,"href":"https:\/\/bafo.ro\/v22\/wp-json\/wp\/v2\/product\/11010\/revisions"}],"predecessor-version":[{"id":11011,"href":"https:\/\/bafo.ro\/v22\/wp-json\/wp\/v2\/product\/11010\/revisions\/11011"}],"wp:featuredmedia":[{"embeddable":true,"href":"https:\/\/bafo.ro\/v22\/wp-json\/wp\/v2\/media\/11012"}],"wp:attachment":[{"href":"https:\/\/bafo.ro\/v22\/wp-json\/wp\/v2\/media?parent=11010"}],"wp:term":[{"taxonomy":"product_brand","embeddable":true,"href":"https:\/\/bafo.ro\/v22\/wp-json\/wp\/v2\/product_brand?post=11010"},{"taxonomy":"product_cat","embeddable":true,"href":"https:\/\/bafo.ro\/v22\/wp-json\/wp\/v2\/product_cat?post=11010"},{"taxonomy":"product_tag","embeddable":true,"href":"https:\/\/bafo.ro\/v22\/wp-json\/wp\/v2\/product_tag?post=11010"}],"curies":[{"name":"wp","href":"https:\/\/api.w.org\/{rel}","templated":true}]}}